{"id":1235,"date":"2026-04-06T08:48:14","date_gmt":"2026-04-06T08:48:14","guid":{"rendered":"https:\/\/thomasaudio.se\/?post_type=product&#038;p=1235"},"modified":"2026-04-12T08:17:59","modified_gmt":"2026-04-12T08:17:59","slug":"fezz-equinox-prestige-evolution-lampisator-dac","status":"publish","type":"product","link":"https:\/\/thomasaudio.se\/?product=fezz-equinox-prestige-evolution-lampisator-dac","title":{"rendered":"Fezz Equinox Prestige Evolution LampisatOr DAC"},"content":{"rendered":"<p>Samarbetet med elektroniktillverkaren LampisatOr g\u00f6r den h\u00e4r r\u00f6rdrivna DAC:en unik. Enheten har det kraftfulla chipet PCM1794. Under skalet finns \u00e4ven en Supreme-Class ringk\u00e4rnetransformator fr\u00e5n Toroidy f\u00f6r Equinox str\u00f6mf\u00f6rs\u00f6rjning.Tack vare att trioden 12au7 sitter l\u00e4tt\u00e5tkomligt under skjutglaset p\u00e5 ovansidan, kan du enkelt byta och j\u00e4mf\u00f6ra ljudkarakt\u00e4rer mellan olika tillverkare.<\/p>\n<p>DAC fr\u00e5n Lampizator<br \/>\nR\u00f6r: F\u00f6rsteget ECC82, slutsteget 12AU7<br \/>\nOP-amp: Burr Brown PCM 1794<br \/>\nS\/PDIF Receiver: Asahi Kasei AKM4118<br \/>\nTHD: &lt; 0,05 %<br \/>\n355 x 380 x 95 mm<br \/>\n8 kg<\/p>\n","protected":false},"excerpt":{"rendered":"<p><a href=\"https:\/\/moustachestoys.com\/equinox-the-fezz-audio-dac-crafted-by-lampizator\/\" target=\"_blank\" rel=\"noopener\">Review: Mustachtoys<\/a><\/p>\n","protected":false},"featured_media":1240,"template":"","meta":[],"product_brand":[274],"product_cat":[56],"product_tag":[72,81],"class_list":{"0":"post-1235","1":"product","2":"type-product","3":"status-publish","4":"has-post-thumbnail","6":"product_brand-fezz","7":"product_cat-hifi","8":"product_tag-dac","9":"product_tag-omvandlare","11":"first","12":"instock","13":"shipping-taxable","14":"purchasable","15":"product-type-variable"},"_links":{"self":[{"href":"https:\/\/thomasaudio.se\/index.php?rest_route=\/wp\/v2\/product\/1235","targetHints":{"allow":["GET"]}}],"collection":[{"href":"https:\/\/thomasaudio.se\/index.php?rest_route=\/wp\/v2\/product"}],"about":[{"href":"https:\/\/thomasaudio.se\/index.php?rest_route=\/wp\/v2\/types\/product"}],"wp:featuredmedia":[{"embeddable":true,"href":"https:\/\/thomasaudio.se\/index.php?rest_route=\/wp\/v2\/media\/1240"}],"wp:attachment":[{"href":"https:\/\/thomasaudio.se\/index.php?rest_route=%2Fwp%2Fv2%2Fmedia&parent=1235"}],"wp:term":[{"taxonomy":"product_brand","embeddable":true,"href":"https:\/\/thomasaudio.se\/index.php?rest_route=%2Fwp%2Fv2%2Fproduct_brand&post=1235"},{"taxonomy":"product_cat","embeddable":true,"href":"https:\/\/thomasaudio.se\/index.php?rest_route=%2Fwp%2Fv2%2Fproduct_cat&post=1235"},{"taxonomy":"product_tag","embeddable":true,"href":"https:\/\/thomasaudio.se\/index.php?rest_route=%2Fwp%2Fv2%2Fproduct_tag&post=1235"}],"curies":[{"name":"wp","href":"https:\/\/api.w.org\/{rel}","templated":true}]}}