{"id":1226,"date":"2026-04-10T15:33:21","date_gmt":"2026-04-10T15:33:21","guid":{"rendered":"https:\/\/thomasaudio.se\/?post_type=product&#038;p=1226"},"modified":"2026-04-25T12:04:39","modified_gmt":"2026-04-25T12:04:39","slug":"fezz-mira-ceti-mkii-integrerad-forstarkare","status":"publish","type":"product","link":"https:\/\/thomasaudio.se\/?product=fezz-mira-ceti-mkii-integrerad-forstarkare","title":{"rendered":"Fezz Mira Ceti mkII Evolution integrerad f\u00f6rst\u00e4rkare"},"content":{"rendered":"<p>Mira Ceti MK2 \u00e4r en f\u00f6rnyad modell av den klassiska modellen, byggd kring de legendariska 300B-trioderna och specialanpassade toroidala utg\u00e5ngstransformatorer.<\/p>\n<p>Den omdesignade kretsen med uppgraderadering i signalv\u00e4gen och det f\u00f6rfinade komponentvalet h\u00f6jer f\u00f6rst\u00e4rkarens klarhet och emotionella upplevelse. Trots sin blygsamma utg\u00e5ngseffekt &#8211; man brukar prata om &#8217;r\u00f6r-vatt&#8217; &#8211; levererar Mira Ceti MK2 en anm\u00e4rkningsv\u00e4rt levande presentation med tydligt mellanregister och en mjuk och delikat topp samt en f\u00f6rv\u00e5nansv\u00e4rt sj\u00e4lvs\u00e4ker basgrund. Den nya modellen har ett system f\u00f6r f\u00f6rdr\u00f6jd anodsp\u00e4nningsaktivering, vilket skyddar r\u00f6ren vid start och f\u00f6rl\u00e4nger deras livsl\u00e4ngd.<\/p>\n<p>Automatisk bias uppr\u00e4tth\u00e5ller optimala r\u00f6rparametrar. Mira Ceti MK2 blandar den tidl\u00f6sa charmen hos uppv\u00e4rmda, lysande trioder med dagens teknik.<\/p>\n<p>2 st 300B<br \/>\n3 st 6SN7<br \/>\n2 x 8 Watt (ska ej j\u00e4mf\u00f6ras med transistorvatt)<br \/>\nUtg\u00e5ngsimpedans 4 Ohm \/ 8 Ohm<br \/>\nTHD: &lt;0,3 %<br \/>\nFrekvensomf\u00e5ng som n\u00e5r ner i 12 Hz<br \/>\n420 x 380 x 226 mm<br \/>\n19 kg<br \/>\n<a href=\"https:\/\/thomasaudio.se\/wp-admin\/post.php?post=1291&amp;action=edit\" target=\"_blank\" rel=\"noopener\">Extra tillbeh\u00f6r: XLR, DAC, Bluetooth, Phono-amp MM<\/a><\/p>\n","protected":false},"excerpt":{"rendered":"<p>Mira Ceti MK2 \u00e4r en f\u00f6rnyad modell av den klassiska modellen, byggd kring de legendariska 300B-trioderna och specialanpassade toroidala utg\u00e5ngstransformatorer. Den omdesignade kretsen med uppgraderadering i signalv\u00e4gen och det f\u00f6rfinade komponentvalet h\u00f6jer f\u00f6rst\u00e4rkarens klarhet och emotionella upplevelse. Trots sin blygsamma utg\u00e5ngseffekt &#8211; man brukar prata om &#8217;r\u00f6r-vatt&#8217; &#8211; levererar Mira Ceti MK2 en anm\u00e4rkningsv\u00e4rt levande&#8230;<\/p>\n","protected":false},"featured_media":1227,"template":"","meta":[],"product_brand":[274],"product_cat":[56],"product_tag":[79,276],"class_list":{"0":"post-1226","1":"product","2":"type-product","3":"status-publish","4":"has-post-thumbnail","6":"product_brand-fezz","7":"product_cat-hifi","8":"product_tag-forstarkare","9":"product_tag-integrerad","11":"first","12":"instock","13":"shipping-taxable","14":"purchasable","15":"product-type-variable"},"_links":{"self":[{"href":"https:\/\/thomasaudio.se\/index.php?rest_route=\/wp\/v2\/product\/1226","targetHints":{"allow":["GET"]}}],"collection":[{"href":"https:\/\/thomasaudio.se\/index.php?rest_route=\/wp\/v2\/product"}],"about":[{"href":"https:\/\/thomasaudio.se\/index.php?rest_route=\/wp\/v2\/types\/product"}],"wp:featuredmedia":[{"embeddable":true,"href":"https:\/\/thomasaudio.se\/index.php?rest_route=\/wp\/v2\/media\/1227"}],"wp:attachment":[{"href":"https:\/\/thomasaudio.se\/index.php?rest_route=%2Fwp%2Fv2%2Fmedia&parent=1226"}],"wp:term":[{"taxonomy":"product_brand","embeddable":true,"href":"https:\/\/thomasaudio.se\/index.php?rest_route=%2Fwp%2Fv2%2Fproduct_brand&post=1226"},{"taxonomy":"product_cat","embeddable":true,"href":"https:\/\/thomasaudio.se\/index.php?rest_route=%2Fwp%2Fv2%2Fproduct_cat&post=1226"},{"taxonomy":"product_tag","embeddable":true,"href":"https:\/\/thomasaudio.se\/index.php?rest_route=%2Fwp%2Fv2%2Fproduct_tag&post=1226"}],"curies":[{"name":"wp","href":"https:\/\/api.w.org\/{rel}","templated":true}]}}