{"id":1203,"date":"2026-04-05T15:55:12","date_gmt":"2026-04-05T15:55:12","guid":{"rendered":"https:\/\/thomasaudio.se\/?post_type=product&#038;p=1203"},"modified":"2026-05-02T08:46:18","modified_gmt":"2026-05-02T08:46:18","slug":"beyerdynamic-dt-pro","status":"publish","type":"product","link":"https:\/\/thomasaudio.se\/?product=beyerdynamic-dt-pro","title":{"rendered":"Beyerdynamic DT1990 Pro mkII"},"content":{"rendered":"<p>Premium Tesla studioh\u00f6rlurar f\u00f6r mixing, mastering och editing. 30 Ohm.<br \/>\nDT 1990 PRO MKII, designad f\u00f6r att maximera flexibiliteten och levereras med tv\u00e5 olika typer av \u00f6ronkuddar.<br \/>\n&#8217;Producing Velours&#8217; \u00e4r standard och levererar ett fylligt ljud med en l\u00e4tt basf\u00f6rst\u00e4rkning.<br \/>\n&#8217;Mixing &#038; Mastering Velours&#8217; erbjuder ett of\u00e4rgat analytiskt ljud.<\/p>\n<p>5 &#8211; 40,000 Hz<br \/>\nNominal impedance 30 \u03a9<br \/>\nLjudtryck nominellt: 94 dB &#8211; 110 dB<br \/>\nT.H.D:<br \/>\n0.20% vid 100 Hz<br \/>\n0.06% vid 500 Hz<br \/>\n0.08% vid 1000 Hz<br \/>\n376 g<br \/>\nKablar: 3 m \/ rak<br \/>\n5 m \/ utstr\u00e4ckbar<br \/>\nTeleplugg 3,5 och 6,3 mm<\/p>\n","protected":false},"excerpt":{"rendered":"<p>30 Ohm<\/p>\n","protected":false},"featured_media":1206,"template":"","meta":[],"product_brand":[123],"product_cat":[56],"product_tag":[126,124,260],"class_list":{"0":"post-1203","1":"product","2":"type-product","3":"status-publish","4":"has-post-thumbnail","6":"product_brand-beyerdynamic","7":"product_cat-hifi","8":"product_tag-bygel","9":"product_tag-horlurar","10":"product_tag-kabel","12":"first","13":"instock","14":"shipping-taxable","15":"purchasable","16":"product-type-simple"},"_links":{"self":[{"href":"https:\/\/thomasaudio.se\/index.php?rest_route=\/wp\/v2\/product\/1203","targetHints":{"allow":["GET"]}}],"collection":[{"href":"https:\/\/thomasaudio.se\/index.php?rest_route=\/wp\/v2\/product"}],"about":[{"href":"https:\/\/thomasaudio.se\/index.php?rest_route=\/wp\/v2\/types\/product"}],"wp:featuredmedia":[{"embeddable":true,"href":"https:\/\/thomasaudio.se\/index.php?rest_route=\/wp\/v2\/media\/1206"}],"wp:attachment":[{"href":"https:\/\/thomasaudio.se\/index.php?rest_route=%2Fwp%2Fv2%2Fmedia&parent=1203"}],"wp:term":[{"taxonomy":"product_brand","embeddable":true,"href":"https:\/\/thomasaudio.se\/index.php?rest_route=%2Fwp%2Fv2%2Fproduct_brand&post=1203"},{"taxonomy":"product_cat","embeddable":true,"href":"https:\/\/thomasaudio.se\/index.php?rest_route=%2Fwp%2Fv2%2Fproduct_cat&post=1203"},{"taxonomy":"product_tag","embeddable":true,"href":"https:\/\/thomasaudio.se\/index.php?rest_route=%2Fwp%2Fv2%2Fproduct_tag&post=1203"}],"curies":[{"name":"wp","href":"https:\/\/api.w.org\/{rel}","templated":true}]}}