{"id":1201,"date":"2026-04-03T16:51:23","date_gmt":"2026-04-03T16:51:23","guid":{"rendered":"https:\/\/thomasaudio.se\/?post_type=product&#038;p=1201"},"modified":"2026-04-03T16:51:23","modified_gmt":"2026-04-03T16:51:23","slug":"alexander-lonquich-ludwig-van-beethoven-the-piano-concertos","status":"publish","type":"product","link":"https:\/\/thomasaudio.se\/?product=alexander-lonquich-ludwig-van-beethoven-the-piano-concertos","title":{"rendered":"Alexander Lonquich &#8211; Ludwig van Beethoven: The Piano Concertos"},"content":{"rendered":"<p>Alexander Lonquich tar tillsammans med M\u00fcnchener Kammerorchester sig an en omfattande utmaning, att framf\u00f6ra Beethovens pianokonserter, programmerade i kronologisk ordning. De avg\u00f6rande verken dokumenterar komposit\u00f6rens utveckling under tv\u00e5 decennier. Den tyske pianisten f\u00f6rklarar att dessa inspelningar gav en &#8221;mycket speciell upplevelse, b\u00e5de f\u00f6r ut\u00f6vare och lyssnare.<\/p>\n<p>Denna kronologiska ordning visar p\u00e5 stilistiska spr\u00e5ng i kompositionerna och l\u00e5ter lyssnaren f\u00e5 uppleva Beethovens utveckling som tons\u00e4ttare till dessa ut\u00e5triktade verk och hur de illustrerar hans pianistiska virtuositet mellan 1790 och 1809.<\/p>\n<p>CD 1<br \/>\nPiano Concerto No. 2 in B-flat major, op. 19<\/p>\n<p>CD 2<br \/>\nPiano Concerto No. 3 in c minor, op. 37<br \/>\nPiano Concerto No. 4 in G major, op. 58<\/p>\n<p>CD 3<br \/>\nPiano Concerto No. 5 in E-flat major, op. 73<\/p>\n","protected":false},"excerpt":{"rendered":"<p>3 CD-BOX<\/p>\n","protected":false},"featured_media":1202,"template":"","meta":[],"product_brand":[26],"product_cat":[16],"product_tag":[18,36],"class_list":{"0":"post-1201","1":"product","2":"type-product","3":"status-publish","4":"has-post-thumbnail","6":"product_brand-ecm","7":"product_cat-album","8":"product_tag-cd","9":"product_tag-klassiskt","11":"first","12":"instock","13":"shipping-taxable","14":"purchasable","15":"product-type-simple"},"_links":{"self":[{"href":"https:\/\/thomasaudio.se\/index.php?rest_route=\/wp\/v2\/product\/1201","targetHints":{"allow":["GET"]}}],"collection":[{"href":"https:\/\/thomasaudio.se\/index.php?rest_route=\/wp\/v2\/product"}],"about":[{"href":"https:\/\/thomasaudio.se\/index.php?rest_route=\/wp\/v2\/types\/product"}],"wp:featuredmedia":[{"embeddable":true,"href":"https:\/\/thomasaudio.se\/index.php?rest_route=\/wp\/v2\/media\/1202"}],"wp:attachment":[{"href":"https:\/\/thomasaudio.se\/index.php?rest_route=%2Fwp%2Fv2%2Fmedia&parent=1201"}],"wp:term":[{"taxonomy":"product_brand","embeddable":true,"href":"https:\/\/thomasaudio.se\/index.php?rest_route=%2Fwp%2Fv2%2Fproduct_brand&post=1201"},{"taxonomy":"product_cat","embeddable":true,"href":"https:\/\/thomasaudio.se\/index.php?rest_route=%2Fwp%2Fv2%2Fproduct_cat&post=1201"},{"taxonomy":"product_tag","embeddable":true,"href":"https:\/\/thomasaudio.se\/index.php?rest_route=%2Fwp%2Fv2%2Fproduct_tag&post=1201"}],"curies":[{"name":"wp","href":"https:\/\/api.w.org\/{rel}","templated":true}]}}