{"id":120,"date":"2026-02-16T19:39:51","date_gmt":"2026-02-16T19:39:51","guid":{"rendered":"https:\/\/thomasaudio.se\/?post_type=product&#038;p=120"},"modified":"2026-03-07T09:01:23","modified_gmt":"2026-03-07T09:01:23","slug":"barb-jungr-every-grain-of-sand-bob-dylan","status":"publish","type":"product","link":"https:\/\/thomasaudio.se\/?product=barb-jungr-every-grain-of-sand-bob-dylan","title":{"rendered":"Barb Jungr &#8211; Every grain of sand (Bob Dylan)"},"content":{"rendered":"<p>Hon \u00e4r en av landets fr\u00e4msta tolkare av samtida s\u00e5ng, alltid originell och uppfinningsrik med en r\u00f6st som har j\u00e4mf\u00f6rts med Nina Simone och Peggy Lee. Jungr har f\u00e5tt str\u00e5lande internationella recensioner och tv\u00e5 prestigefyllda New York-priser (Nightlife Award och Backstage Award f\u00f6r bl.a. b\u00e4sta internationella artist). Jungr blev nominerad till Manhattan Cabaret Award f\u00f6r B\u00e4sta k\u00e4ndisartist och B\u00e4sta s\u00e5ngare av London Cabaret Awards. Jungrs hyllade utgivningar och of\u00f6rgl\u00f6mliga liveframtr\u00e4danden har f\u00f6rt henne till publik \u00f6ver hela v\u00e4rlden.<\/p>\n<p>F\u00f6r HiFi-entusiaster och andra kr\u00e4sna \u00f6ron \u00e4r hennes tydliga r\u00f6st p\u00e5 albumet Every Grain Of Sand ett m\u00e5ste i prestigesamlingen.<\/p>\n<p>1. I&#8217;ll Be Your Baby Tonight<br \/>\n2. If Not for You<br \/>\n3. Things Have Changed<br \/>\n4. Ring Them Bells<br \/>\n5. Not Dark Yet<br \/>\n6. Don&#8217;t Think Twice, It&#8217;s All Right<br \/>\n7. Is Your Love in Vain<br \/>\n8. It&#8217;s All over Now, Baby Blue<br \/>\n9. I Want You<br \/>\n10. Sugar Baby<br \/>\n11. Born in Time<br \/>\n12. What Good Am I?<br \/>\n13. Tangled Up in Blue<br \/>\n14. Forever Young<br \/>\n15. Every Grain of Sand<\/p>\n","protected":false},"excerpt":{"rendered":"<p>Hon \u00e4r en av landets fr\u00e4msta tolkare av samtida s\u00e5ng, alltid originell och uppfinningsrik med en r\u00f6st som har j\u00e4mf\u00f6rts med Nina Simone och Peggy Lee. Jungr har f\u00e5tt str\u00e5lande internationella recensioner och tv\u00e5 prestigefyllda New York-priser (Nightlife Award och Backstage Award f\u00f6r bl.a. b\u00e4sta internationella artist). Jungr blev nominerad till Manhattan Cabaret Award f\u00f6r&#8230;<\/p>\n","protected":false},"featured_media":121,"template":"","meta":[],"product_brand":[33],"product_cat":[16],"product_tag":[227,18,34,23],"class_list":{"0":"post-120","1":"product","2":"type-product","3":"status-publish","4":"has-post-thumbnail","6":"product_brand-linn-records","7":"product_cat-album","8":"product_tag-barb-jungr","9":"product_tag-cd","10":"product_tag-singer-songwriter","11":"product_tag-vinyl","13":"first","14":"instock","15":"shipping-taxable","16":"purchasable","17":"product-type-variable"},"_links":{"self":[{"href":"https:\/\/thomasaudio.se\/index.php?rest_route=\/wp\/v2\/product\/120","targetHints":{"allow":["GET"]}}],"collection":[{"href":"https:\/\/thomasaudio.se\/index.php?rest_route=\/wp\/v2\/product"}],"about":[{"href":"https:\/\/thomasaudio.se\/index.php?rest_route=\/wp\/v2\/types\/product"}],"wp:featuredmedia":[{"embeddable":true,"href":"https:\/\/thomasaudio.se\/index.php?rest_route=\/wp\/v2\/media\/121"}],"wp:attachment":[{"href":"https:\/\/thomasaudio.se\/index.php?rest_route=%2Fwp%2Fv2%2Fmedia&parent=120"}],"wp:term":[{"taxonomy":"product_brand","embeddable":true,"href":"https:\/\/thomasaudio.se\/index.php?rest_route=%2Fwp%2Fv2%2Fproduct_brand&post=120"},{"taxonomy":"product_cat","embeddable":true,"href":"https:\/\/thomasaudio.se\/index.php?rest_route=%2Fwp%2Fv2%2Fproduct_cat&post=120"},{"taxonomy":"product_tag","embeddable":true,"href":"https:\/\/thomasaudio.se\/index.php?rest_route=%2Fwp%2Fv2%2Fproduct_tag&post=120"}],"curies":[{"name":"wp","href":"https:\/\/api.w.org\/{rel}","templated":true}]}}