{"id":1197,"date":"2026-04-03T09:09:35","date_gmt":"2026-04-03T09:09:35","guid":{"rendered":"https:\/\/thomasaudio.se\/?post_type=product&#038;p=1197"},"modified":"2026-04-03T09:10:39","modified_gmt":"2026-04-03T09:10:39","slug":"tord-gustavsen-trio-changing-places","status":"publish","type":"product","link":"https:\/\/thomasaudio.se\/?product=tord-gustavsen-trio-changing-places","title":{"rendered":"Tord Gustavsen Trio &#8211; Changing Places"},"content":{"rendered":"<p>Redan samma \u00e5r som albumet sl\u00e4pptes sade Stereophiles Richard Lehnert att &#8221;med sin f\u00f6rsta skiva som ledare har Tord Gustavsen skapat en omedelbar klassiker&#8221;. <\/p>\n<p>Lehnert kallade vidare Gustavsen f\u00f6r &#8221;en m\u00e4stare p\u00e5 pianistisk kontroll och \u00e5terh\u00e5llsamhet&#8221; \u2013 egenskaper som den norske pianisten redan d\u00e5 hade f\u00f6rfinat och som sedan dess fortsatt att till\u00e4mpas i olika sammanhang p\u00e5 ECM. <\/p>\n<p>Alla de kvaliteter som g\u00f6r pianistens kompositionsr\u00f6st s\u00e5 unik var redan helt intakta n\u00e4r Changing Places f\u00f6rst sl\u00e4pptes 2003: Det h\u00e4r \u00e4r musik som n\u00e4stan upplevs som att den sjunger. Albumet \u00e5terutges p\u00e5 vinyl f\u00f6r allra f\u00f6rsta g\u00e5ngen och sl\u00e4pps i ett tip-on gatefold-omslag.<\/p>\n<p>1 Deep as Love<br \/>\n2 Graceful Touch<br \/>\n3 IGN<br \/>\n4 Melted Matter<br \/>\n5 At a Glance<br \/>\n6 Song of Yearning<br \/>\n7 Turning Point<br \/>\n8 Interlude<br \/>\n9 Where Breathing Starts<br \/>\n10 Going Places<br \/>\n11 Your Eyes<br \/>\n12 Graceful Touch, Variation<br \/>\n13 Song of Yearning (solo)<\/p>\n","protected":false},"excerpt":{"rendered":"<p>En dubbel-vinyl ur ECM Luminessence-serie<\/p>\n","protected":false},"featured_media":1198,"template":"","meta":[],"product_brand":[26],"product_cat":[16],"product_tag":[19,23],"class_list":{"0":"post-1197","1":"product","2":"type-product","3":"status-publish","4":"has-post-thumbnail","6":"product_brand-ecm","7":"product_cat-album","8":"product_tag-jazz","9":"product_tag-vinyl","11":"first","12":"instock","13":"shipping-taxable","14":"purchasable","15":"product-type-simple"},"_links":{"self":[{"href":"https:\/\/thomasaudio.se\/index.php?rest_route=\/wp\/v2\/product\/1197","targetHints":{"allow":["GET"]}}],"collection":[{"href":"https:\/\/thomasaudio.se\/index.php?rest_route=\/wp\/v2\/product"}],"about":[{"href":"https:\/\/thomasaudio.se\/index.php?rest_route=\/wp\/v2\/types\/product"}],"wp:featuredmedia":[{"embeddable":true,"href":"https:\/\/thomasaudio.se\/index.php?rest_route=\/wp\/v2\/media\/1198"}],"wp:attachment":[{"href":"https:\/\/thomasaudio.se\/index.php?rest_route=%2Fwp%2Fv2%2Fmedia&parent=1197"}],"wp:term":[{"taxonomy":"product_brand","embeddable":true,"href":"https:\/\/thomasaudio.se\/index.php?rest_route=%2Fwp%2Fv2%2Fproduct_brand&post=1197"},{"taxonomy":"product_cat","embeddable":true,"href":"https:\/\/thomasaudio.se\/index.php?rest_route=%2Fwp%2Fv2%2Fproduct_cat&post=1197"},{"taxonomy":"product_tag","embeddable":true,"href":"https:\/\/thomasaudio.se\/index.php?rest_route=%2Fwp%2Fv2%2Fproduct_tag&post=1197"}],"curies":[{"name":"wp","href":"https:\/\/api.w.org\/{rel}","templated":true}]}}