{"id":1193,"date":"2026-04-03T08:50:19","date_gmt":"2026-04-03T08:50:19","guid":{"rendered":"https:\/\/thomasaudio.se\/?post_type=product&#038;p=1193"},"modified":"2026-04-25T12:06:07","modified_gmt":"2026-04-25T12:06:07","slug":"garry-peacock-ralph-towner-oracle","status":"publish","type":"product","link":"https:\/\/thomasaudio.se\/?product=garry-peacock-ralph-towner-oracle","title":{"rendered":"Garry Peacock &#038; Ralph Towner &#8211; Oracle"},"content":{"rendered":"<p>Den charmiga, tankev\u00e4ckande Orakeln f\u00f6rmedlar den familj\u00e4ra och empatin hos partners som har arbetat tillsammans i \u00e5ratal \u2013 l\u00e4tt hand, komplexitet och k\u00e4nslighet genomsyrar sessionen. Oraklet vinner dig med sin v\u00e4rme och melodik.<br \/>\n\/\/ Downbeat<\/p>\n<p>&#8221;Peacock och Towner producerar en intellektuell intensitet, f\u00f6rf\u00f6riskt vacker att lyssna p\u00e5&#8221;<br \/>\n \/\/ Gramophone<\/p>\n<p>Oracle spelades in i Rainbow Studio, Oslo 1993. Ett duettm\u00f6te mellan tv\u00e5 legender: kontrabasisten Gary Peacock och gitaristen Ralph Towner. Genom att ta sig an varandras original engagerar sig duon i ett eftert\u00e4nksamt samspel som blandar komponerat material med suggestiva kammarmusikdialoger och k\u00e4nslosam improvisation.<\/p>\n<p>1Gaya (Peacock)<br \/>\n2 Flutter Step (Peacock)<br \/>\n3 Empty Carrousel(Peacock)<br \/>\n4 Hat And Cane (Towner)<br \/>\n5 Inside Inside (Peacock)<br \/>\n6 St. Helens (Peacock)<br \/>\n7 Oracle (Peacock, Towner)<br \/>\n8 Burly Hello (Peacock)<br \/>\n9 Tramonto (Towner)<\/p>\n","protected":false},"excerpt":{"rendered":"<p>Oracle ges nu ut p\u00e5 vinyl som en del av ECM:s<br \/>\nLuminessence-serie och levereras i ett tip-on gatefold-omslag med foton fr\u00e5n inspelningssessionen.<\/p>\n","protected":false},"featured_media":1194,"template":"","meta":[],"product_brand":[26],"product_cat":[16],"product_tag":[19,23],"class_list":{"0":"post-1193","1":"product","2":"type-product","3":"status-publish","4":"has-post-thumbnail","6":"product_brand-ecm","7":"product_cat-album","8":"product_tag-jazz","9":"product_tag-vinyl","11":"first","12":"instock","13":"shipping-taxable","14":"purchasable","15":"product-type-simple"},"_links":{"self":[{"href":"https:\/\/thomasaudio.se\/index.php?rest_route=\/wp\/v2\/product\/1193","targetHints":{"allow":["GET"]}}],"collection":[{"href":"https:\/\/thomasaudio.se\/index.php?rest_route=\/wp\/v2\/product"}],"about":[{"href":"https:\/\/thomasaudio.se\/index.php?rest_route=\/wp\/v2\/types\/product"}],"wp:featuredmedia":[{"embeddable":true,"href":"https:\/\/thomasaudio.se\/index.php?rest_route=\/wp\/v2\/media\/1194"}],"wp:attachment":[{"href":"https:\/\/thomasaudio.se\/index.php?rest_route=%2Fwp%2Fv2%2Fmedia&parent=1193"}],"wp:term":[{"taxonomy":"product_brand","embeddable":true,"href":"https:\/\/thomasaudio.se\/index.php?rest_route=%2Fwp%2Fv2%2Fproduct_brand&post=1193"},{"taxonomy":"product_cat","embeddable":true,"href":"https:\/\/thomasaudio.se\/index.php?rest_route=%2Fwp%2Fv2%2Fproduct_cat&post=1193"},{"taxonomy":"product_tag","embeddable":true,"href":"https:\/\/thomasaudio.se\/index.php?rest_route=%2Fwp%2Fv2%2Fproduct_tag&post=1193"}],"curies":[{"name":"wp","href":"https:\/\/api.w.org\/{rel}","templated":true}]}}