{"id":1190,"date":"2026-04-02T15:25:24","date_gmt":"2026-04-02T15:25:24","guid":{"rendered":"https:\/\/thomasaudio.se\/?post_type=product&#038;p=1190"},"modified":"2026-04-06T09:22:23","modified_gmt":"2026-04-06T09:22:23","slug":"at-lp120xbt-usb","status":"publish","type":"product","link":"https:\/\/thomasaudio.se\/?product=at-lp120xbt-usb","title":{"rendered":"AT-LP120XBT-USB"},"content":{"rendered":"<p>En DJ-konstruktion med HiFi-kvalitet. Den r\u00f6da markeringen p\u00e5 pitch-slidern markerar neutral hastighet.<br \/>\nDirektdrift<br \/>\nAutomatisk stoppfunktion<br \/>\nArml\u00e4ngd 230.5 mm<br \/>\nAntiskate-kontroll<br \/>\nOverhang 16 mm<br \/>\n33\/45\/78 VPM<br \/>\nW &amp; F &lt;0.2%<br \/>\nBluetooth 5.0 Qualcomm\u00ae aptX\u2122<br \/>\nUSB 16-bit\/upp till 48 kHz f\u00f6r \u00f6verf\u00f6ring av vinylskivans musik till musikfiler f\u00f6r datorn.<br \/>\nInbyggd picup-f\u00f6rst\u00e4rkare alternativt RCA Line out via switch.<br \/>\n452.0 x 352.0 x 141.6 mm<br \/>\n8,6 Kg<\/p>\n","protected":false},"excerpt":{"rendered":"<p>En DJ-konstruktion med HiFi-kvalitet. Den r\u00f6da markeringen p\u00e5 pitch-slidern markerar neutral hastighet. Direktdrift Automatisk stoppfunktion Arml\u00e4ngd 230.5 mm Antiskate-kontroll Overhang 16 mm 33\/45\/78 VPM W &amp; F &lt;0.2% Bluetooth 5.0 Qualcomm\u00ae aptX\u2122 USB 16-bit\/upp till 48 kHz f\u00f6r \u00f6verf\u00f6ring av vinylskivans musik till musikfiler f\u00f6r datorn. Inbyggd picup-f\u00f6rst\u00e4rkare alternativt RCA Line out via switch. 452.0&#8230;<\/p>\n","protected":false},"featured_media":1251,"template":"","meta":[],"product_brand":[148],"product_cat":[56],"product_tag":[128,136,80,271],"class_list":{"0":"post-1190","1":"product","2":"type-product","3":"status-publish","4":"has-post-thumbnail","6":"product_brand-audio-technica","7":"product_cat-hifi","8":"product_tag-bluetooth","9":"product_tag-skivspelare","10":"product_tag-spelare","11":"product_tag-usb","13":"first","14":"instock","15":"shipping-taxable","16":"purchasable","17":"product-type-simple"},"_links":{"self":[{"href":"https:\/\/thomasaudio.se\/index.php?rest_route=\/wp\/v2\/product\/1190","targetHints":{"allow":["GET"]}}],"collection":[{"href":"https:\/\/thomasaudio.se\/index.php?rest_route=\/wp\/v2\/product"}],"about":[{"href":"https:\/\/thomasaudio.se\/index.php?rest_route=\/wp\/v2\/types\/product"}],"wp:featuredmedia":[{"embeddable":true,"href":"https:\/\/thomasaudio.se\/index.php?rest_route=\/wp\/v2\/media\/1251"}],"wp:attachment":[{"href":"https:\/\/thomasaudio.se\/index.php?rest_route=%2Fwp%2Fv2%2Fmedia&parent=1190"}],"wp:term":[{"taxonomy":"product_brand","embeddable":true,"href":"https:\/\/thomasaudio.se\/index.php?rest_route=%2Fwp%2Fv2%2Fproduct_brand&post=1190"},{"taxonomy":"product_cat","embeddable":true,"href":"https:\/\/thomasaudio.se\/index.php?rest_route=%2Fwp%2Fv2%2Fproduct_cat&post=1190"},{"taxonomy":"product_tag","embeddable":true,"href":"https:\/\/thomasaudio.se\/index.php?rest_route=%2Fwp%2Fv2%2Fproduct_tag&post=1190"}],"curies":[{"name":"wp","href":"https:\/\/api.w.org\/{rel}","templated":true}]}}