{"id":1182,"date":"2026-04-02T12:15:04","date_gmt":"2026-04-02T12:15:04","guid":{"rendered":"https:\/\/thomasaudio.se\/?post_type=product&#038;p=1182"},"modified":"2026-04-02T12:21:53","modified_gmt":"2026-04-02T12:21:53","slug":"anne-sophie-mutter-east-meets-west","status":"publish","type":"product","link":"https:\/\/thomasaudio.se\/?product=anne-sophie-mutter-east-meets-west","title":{"rendered":"Anne-Sophie Mutter &#8211; East meets West"},"content":{"rendered":"<p>Mutters egen inspelningsserie ASM Forte Forward.<\/p>\n<p>Anne-Sophie Mutter lanserar sin egen inspelningsserie p\u00e5 Alpha Classics, ASM Forte Forward, till\u00e4gnad v\u00e5r tids musik: den kommer uteslutande att inneh\u00e5lla samtida verk skrivna f\u00f6r henne.<\/p>\n<p>\u00c5r 2026 och 2027 firar denna exceptionella artist sitt jubileum: 50 \u00e5r p\u00e5 scenen, driven av nyfikenhet, passion och engagemang f\u00f6r musikens framtid. Det f\u00f6rsta verket i denna nya serie, East Meets West, inneh\u00e5ller verk av fyra tons\u00e4ttare fr\u00e5n olika ursprung.<\/p>\n<p>Tons\u00e4ttare<br \/>\nAftab Darvishi<br \/>\nUnsuk Chin<br \/>\nJ\u00f6rg Widmann<br \/>\nThomas Ad\u00e8s<\/p>\n<p>Musiker<br \/>\nAnne-Sophie Mutter<br \/>\nStephanie Gonley<br \/>\nLondon Symphony Orchestra<br \/>\nThomas Ad\u00e8s<br \/>\nNancy Zhou<br \/>\nYe-Eun Choi<br \/>\nMuriel Razavi<br \/>\nPablo Ferr\u00e1ndez<\/p>\n","protected":false},"excerpt":{"rendered":"<p>Dubbel Vinyl<\/p>\n","protected":false},"featured_media":1183,"template":"","meta":[],"product_brand":[270],"product_cat":[16],"product_tag":[36,23],"class_list":{"0":"post-1182","1":"product","2":"type-product","3":"status-publish","4":"has-post-thumbnail","6":"product_brand-alpha-classics","7":"product_cat-album","8":"product_tag-klassiskt","9":"product_tag-vinyl","11":"first","12":"instock","13":"shipping-taxable","14":"purchasable","15":"product-type-simple"},"_links":{"self":[{"href":"https:\/\/thomasaudio.se\/index.php?rest_route=\/wp\/v2\/product\/1182","targetHints":{"allow":["GET"]}}],"collection":[{"href":"https:\/\/thomasaudio.se\/index.php?rest_route=\/wp\/v2\/product"}],"about":[{"href":"https:\/\/thomasaudio.se\/index.php?rest_route=\/wp\/v2\/types\/product"}],"wp:featuredmedia":[{"embeddable":true,"href":"https:\/\/thomasaudio.se\/index.php?rest_route=\/wp\/v2\/media\/1183"}],"wp:attachment":[{"href":"https:\/\/thomasaudio.se\/index.php?rest_route=%2Fwp%2Fv2%2Fmedia&parent=1182"}],"wp:term":[{"taxonomy":"product_brand","embeddable":true,"href":"https:\/\/thomasaudio.se\/index.php?rest_route=%2Fwp%2Fv2%2Fproduct_brand&post=1182"},{"taxonomy":"product_cat","embeddable":true,"href":"https:\/\/thomasaudio.se\/index.php?rest_route=%2Fwp%2Fv2%2Fproduct_cat&post=1182"},{"taxonomy":"product_tag","embeddable":true,"href":"https:\/\/thomasaudio.se\/index.php?rest_route=%2Fwp%2Fv2%2Fproduct_tag&post=1182"}],"curies":[{"name":"wp","href":"https:\/\/api.w.org\/{rel}","templated":true}]}}