{"id":116,"date":"2026-02-16T19:13:18","date_gmt":"2026-02-16T19:13:18","guid":{"rendered":"https:\/\/thomasaudio.se\/?post_type=product&#038;p=116"},"modified":"2026-03-07T09:01:41","modified_gmt":"2026-03-07T09:01:41","slug":"hamra-orkester-328","status":"publish","type":"product","link":"https:\/\/thomasaudio.se\/?product=hamra-orkester-328","title":{"rendered":"Hamr\u00e5 Orkester &#8211; 32,8"},"content":{"rendered":"<p>\u00c5r 2023 gick det nybildade bandet Hamr\u00e5 Orchestra in i Tonkontroll-studion i G\u00f6teborg, Sverige och spelade in nytt material med legendariske ljudteknikern \u00c5ke Linton. Sedan mastering av Hans Ohlsson p\u00e5 Svenska Grammophone-studion.<\/p>\n<p>&#8221;32.8&#8221; \u00e4r en resa mellan olika musikaliska v\u00e4rldar. Vacker tidl\u00f6shet och energiska inslag var att v\u00e4nta. Hamr\u00e5 Orchestra hoppas att du som lyssnare ska vaggas in i en behaglig atmosf\u00e4r och gl\u00f6mma v\u00e4rldsliga angel\u00e4genheter f\u00f6r en stund. Om man, som m\u00e5nga h\u00e4vdar, m\u00e5ste best\u00e4mma genren och f\u00f6rs\u00f6ka f\u00f6rklara musiken kan f\u00f6ljande ord kunna passa in:<br \/>\nJazz, filmmusk, nostalgisk tidl\u00f6shet, minimalism, energi&#8230; Eller s\u00e5 kan du lyssna och skapa din egen bild. <\/p>\n<p>Musiken \u00e4r komponerad och arrangerad av Fredrik Hamr\u00e5, en jazzmusiker fr\u00e5n Lerum som under de senaste drygt 20 \u00e5ren har spelat och turnerat i m\u00e5nga olika sammanhang b\u00e5de inom och utanf\u00f6r Europas gr\u00e4nser med artister som Timbuktu, H\u00e5vard Stub\u00f8, Dick L\u00f6vgren, Bj\u00f6rn Ingelstam, Klabbes Bank, Fredrik Ljungqvist och m\u00e5nga andra. Efter att st\u00e4ndigt ha varit en <em>sideman<\/em> och spelat andras musik, best\u00e4mde sig Fredrik f\u00f6r att s\u00e4tta ihop ett eget band med eget utvalda musiker och skriva ny musik f\u00f6r orkestern. Musiken och titlarna \u00e4r h\u00e4mtade fr\u00e5n och inspirerade av \u00e4ventyr samt h\u00e4ndelser i avl\u00e4gsna och ibland m\u00e4rkliga platser d\u00e4r Fredrik varit och har bes\u00f6kt.<\/p>\n<p>Hamr\u00e5 Orkester:<br \/>\nBj\u00f6rn Cedergren &#8211; tenorsaxofon<br \/>\nPatrik Putte Janson &#8211; Trumpet<br \/>\nAndreas Thurfjell &#8211; altsaxofon och klarinett<br \/>\nSimon Westman &#8211; Piano<br \/>\nOlli Rantala &#8211; kontrabas<br \/>\nFredrik Hamr\u00e5 &#8211; trummor<\/p>\n","protected":false},"excerpt":{"rendered":"<p>\u00c5r 2023 gick det nybildade bandet Hamr\u00e5 Orchestra in i Tonkontroll-studion i G\u00f6teborg, Sverige och spelade in nytt material med legendariske ljudteknikern \u00c5ke Linton. Sedan mastering av Hans Ohlsson p\u00e5 Svenska Grammophone-studion. &#8221;32.8&#8221; \u00e4r en resa mellan olika musikaliska v\u00e4rldar. Vacker tidl\u00f6shet och energiska inslag var att v\u00e4nta. Hamr\u00e5 Orchestra hoppas att du som lyssnare&#8230;<\/p>\n","protected":false},"featured_media":117,"template":"","meta":[],"product_brand":[32],"product_cat":[16],"product_tag":[18,228,19,23],"class_list":{"0":"post-116","1":"product","2":"type-product","3":"status-publish","4":"has-post-thumbnail","6":"product_brand-prophone","7":"product_cat-album","8":"product_tag-cd","9":"product_tag-hamra-orkester","10":"product_tag-jazz","11":"product_tag-vinyl","13":"first","14":"instock","15":"shipping-taxable","16":"purchasable","17":"product-type-variable"},"_links":{"self":[{"href":"https:\/\/thomasaudio.se\/index.php?rest_route=\/wp\/v2\/product\/116","targetHints":{"allow":["GET"]}}],"collection":[{"href":"https:\/\/thomasaudio.se\/index.php?rest_route=\/wp\/v2\/product"}],"about":[{"href":"https:\/\/thomasaudio.se\/index.php?rest_route=\/wp\/v2\/types\/product"}],"wp:featuredmedia":[{"embeddable":true,"href":"https:\/\/thomasaudio.se\/index.php?rest_route=\/wp\/v2\/media\/117"}],"wp:attachment":[{"href":"https:\/\/thomasaudio.se\/index.php?rest_route=%2Fwp%2Fv2%2Fmedia&parent=116"}],"wp:term":[{"taxonomy":"product_brand","embeddable":true,"href":"https:\/\/thomasaudio.se\/index.php?rest_route=%2Fwp%2Fv2%2Fproduct_brand&post=116"},{"taxonomy":"product_cat","embeddable":true,"href":"https:\/\/thomasaudio.se\/index.php?rest_route=%2Fwp%2Fv2%2Fproduct_cat&post=116"},{"taxonomy":"product_tag","embeddable":true,"href":"https:\/\/thomasaudio.se\/index.php?rest_route=%2Fwp%2Fv2%2Fproduct_tag&post=116"}],"curies":[{"name":"wp","href":"https:\/\/api.w.org\/{rel}","templated":true}]}}