{"id":1102,"date":"2026-03-30T15:00:15","date_gmt":"2026-03-30T15:00:15","guid":{"rendered":"https:\/\/thomasaudio.se\/?post_type=product&#038;p=1102"},"modified":"2026-04-01T15:38:25","modified_gmt":"2026-04-01T15:38:25","slug":"neotech-sahara-xlr","status":"publish","type":"product","link":"https:\/\/thomasaudio.se\/?product=neotech-sahara-xlr","title":{"rendered":"Neotech Sahara XLR"},"content":{"rendered":"<p>Neotech tillverkade kablar till k\u00e4nda kabelm\u00e4rken bakom kulisserna. Idag finns de med sitt eget m\u00e4rke med en ljudkvalitet som borde ligga p\u00e5 en klart h\u00f6gre prisniv\u00e5. Sahara tillh\u00f6r toppmodellerna i Neotechs sortiment med en ljudkvalitet som kan g\u00f6ra en uppgradering p\u00e5 ett p\u00e5tagligt s\u00e4tt i ett extra p\u00e5kostat HiFi-system.<\/p>\n","protected":false},"excerpt":{"rendered":"<p>High-End.<\/p>\n","protected":false},"featured_media":1103,"template":"","meta":[],"product_brand":[261],"product_cat":[56],"product_tag":[77,90],"class_list":{"0":"post-1102","1":"product","2":"type-product","3":"status-publish","4":"has-post-thumbnail","6":"product_brand-neotech","7":"product_cat-hifi","8":"product_tag-kablar","9":"product_tag-lagnivakabel","11":"first","12":"instock","13":"shipping-taxable","14":"purchasable","15":"product-type-variable"},"_links":{"self":[{"href":"https:\/\/thomasaudio.se\/index.php?rest_route=\/wp\/v2\/product\/1102","targetHints":{"allow":["GET"]}}],"collection":[{"href":"https:\/\/thomasaudio.se\/index.php?rest_route=\/wp\/v2\/product"}],"about":[{"href":"https:\/\/thomasaudio.se\/index.php?rest_route=\/wp\/v2\/types\/product"}],"wp:featuredmedia":[{"embeddable":true,"href":"https:\/\/thomasaudio.se\/index.php?rest_route=\/wp\/v2\/media\/1103"}],"wp:attachment":[{"href":"https:\/\/thomasaudio.se\/index.php?rest_route=%2Fwp%2Fv2%2Fmedia&parent=1102"}],"wp:term":[{"taxonomy":"product_brand","embeddable":true,"href":"https:\/\/thomasaudio.se\/index.php?rest_route=%2Fwp%2Fv2%2Fproduct_brand&post=1102"},{"taxonomy":"product_cat","embeddable":true,"href":"https:\/\/thomasaudio.se\/index.php?rest_route=%2Fwp%2Fv2%2Fproduct_cat&post=1102"},{"taxonomy":"product_tag","embeddable":true,"href":"https:\/\/thomasaudio.se\/index.php?rest_route=%2Fwp%2Fv2%2Fproduct_tag&post=1102"}],"curies":[{"name":"wp","href":"https:\/\/api.w.org\/{rel}","templated":true}]}}