{"id":1089,"date":"2026-03-29T20:25:12","date_gmt":"2026-03-29T20:25:12","guid":{"rendered":"https:\/\/thomasaudio.se\/?post_type=product&#038;p=1089"},"modified":"2026-04-01T15:34:45","modified_gmt":"2026-04-01T15:34:45","slug":"neotech-nemos-1080","status":"publish","type":"product","link":"https:\/\/thomasaudio.se\/?product=neotech-nemos-1080","title":{"rendered":"Neotech Nemos-1080"},"content":{"rendered":"<p>Neotech tillverkade kablar till k\u00e4nda kabelm\u00e4rken bakom kulisserna. Idag finns de med sitt eget m\u00e4rke med en ljudkvalitet som borde ligga p\u00e5 en klart h\u00f6gre prisniv\u00e5. Denna h\u00f6gpresterande h\u00f6gtalarkabel drar nytta av en design, som inneh\u00e5ller de b\u00e4sta m\u00f6jliga komponenterna f\u00f6r maximal ledningsf\u00f6rm\u00e5ga och optimal signal\u00f6verf\u00f6ring. 2,1 mm breda encelliga, flata OCC Silver-ledare \u00e4r individuellt isolerade.<\/p>\n","protected":false},"excerpt":{"rendered":"<p>High-End.<\/p>\n","protected":false},"featured_media":1088,"template":"","meta":[],"product_brand":[261],"product_cat":[56],"product_tag":[92,77],"class_list":{"0":"post-1089","1":"product","2":"type-product","3":"status-publish","4":"has-post-thumbnail","6":"product_brand-neotech","7":"product_cat-hifi","8":"product_tag-hogtalarkabel","9":"product_tag-kablar","11":"first","12":"instock","13":"shipping-taxable","14":"purchasable","15":"product-type-variable"},"_links":{"self":[{"href":"https:\/\/thomasaudio.se\/index.php?rest_route=\/wp\/v2\/product\/1089","targetHints":{"allow":["GET"]}}],"collection":[{"href":"https:\/\/thomasaudio.se\/index.php?rest_route=\/wp\/v2\/product"}],"about":[{"href":"https:\/\/thomasaudio.se\/index.php?rest_route=\/wp\/v2\/types\/product"}],"wp:featuredmedia":[{"embeddable":true,"href":"https:\/\/thomasaudio.se\/index.php?rest_route=\/wp\/v2\/media\/1088"}],"wp:attachment":[{"href":"https:\/\/thomasaudio.se\/index.php?rest_route=%2Fwp%2Fv2%2Fmedia&parent=1089"}],"wp:term":[{"taxonomy":"product_brand","embeddable":true,"href":"https:\/\/thomasaudio.se\/index.php?rest_route=%2Fwp%2Fv2%2Fproduct_brand&post=1089"},{"taxonomy":"product_cat","embeddable":true,"href":"https:\/\/thomasaudio.se\/index.php?rest_route=%2Fwp%2Fv2%2Fproduct_cat&post=1089"},{"taxonomy":"product_tag","embeddable":true,"href":"https:\/\/thomasaudio.se\/index.php?rest_route=%2Fwp%2Fv2%2Fproduct_tag&post=1089"}],"curies":[{"name":"wp","href":"https:\/\/api.w.org\/{rel}","templated":true}]}}