{"id":107,"date":"2026-02-16T18:41:12","date_gmt":"2026-02-16T18:41:12","guid":{"rendered":"https:\/\/thomasaudio.se\/?post_type=product&#038;p=107"},"modified":"2026-03-07T09:02:44","modified_gmt":"2026-03-07T09:02:44","slug":"emma-rawicz-gwilym-simcock-big-visit","status":"publish","type":"product","link":"https:\/\/thomasaudio.se\/?product=emma-rawicz-gwilym-simcock-big-visit","title":{"rendered":"Emma Rawicz &#038; Gwilym Simcock &#8211; Big Visit"},"content":{"rendered":"<p>Emma Rawicz &#8211; tenor &#038; sopransaxofon<br \/>\nGwilym Simcock &#8211; piano<\/p>\n<p>Duo-milj\u00f6n kan vara som en frisk fl\u00e4kt, s\u00e4rskilt f\u00f6r musiker som normalt hanterar komplexiteten och allt det invecklade som kommer med den i mycket st\u00f6rre satsningar. Saxofonisten Emma Rawicz, vars stj\u00e4rna har stigit h\u00f6gt \u00f6ver hela Europa sedan hon gick med i ACT-etiketten f\u00f6rra \u00e5ret, driver och regisserar sitt eget storband. Pianisten Gwilym Simcock, vars ACT-album &#8221;Good Days At Schloss Elmau&#8221; nominerades till <em>Mercury Prize<\/em> och har turnerat v\u00e4rlden \u00f6ver med Pat Metheny, kommer n\u00e4r som helst att arbeta med en hel rad orkestrala kompositionsuppdrag.<\/p>\n<p>S\u00e5 n\u00e4r b\u00e5da dessa fina musiker ing\u00e5r i det h\u00e4r nya duo-projektet g\u00f6r de det i en energisk och entusiastisk anda: &#8221;Det \u00e4r en riktigt gl\u00e4djefylld upplevelse och en positiv milj\u00f6, s\u00e4ger Simcock, som till\u00e4gger: &#8221;vi kommer hel enkelt \u00f6verens s\u00e5 otroligt bra, hennes skrivande \u00e4r s\u00e5 avancerat, hennes uppm\u00e4rksamhet p\u00e5 detaljer extraordin\u00e4r.&#8221; Simcock s\u00e4ger att han inte bara uppskattar Emma Rawiczs tekniska beh\u00e4rskning av instrumentet, s\u00e4rskilt hennes l\u00e4tthet i de \u00f6vre registren, det uppst\u00e5r s\u00e5 mycket musikaliska konsekvenser: &#8221;Med henne \u00e4r det s\u00e5 att id\u00e9erna fl\u00f6dar fr\u00e5n person till instrument och det \u00e4r ett ideal vi str\u00e4var efter.&#8221;<\/p>\n<p>1 Great Adventure<br \/>\n2 The Shape of a New Sun<br \/>\n3 The Drumbledrone<br \/>\n4 Optimum Friction<br \/>\n5 Visions<br \/>\n6 You&#8217;ve Changed<\/p>\n","protected":false},"excerpt":{"rendered":"<p>CD<br \/>\nVinyl<\/p>\n","protected":false},"featured_media":108,"template":"","meta":[],"product_brand":[17],"product_cat":[16],"product_tag":[18,230,231,19,23],"class_list":{"0":"post-107","1":"product","2":"type-product","3":"status-publish","4":"has-post-thumbnail","6":"product_brand-act","7":"product_cat-album","8":"product_tag-cd","9":"product_tag-emma-rawicz","10":"product_tag-gwilym-simcock","11":"product_tag-jazz","12":"product_tag-vinyl","14":"first","15":"instock","16":"shipping-taxable","17":"purchasable","18":"product-type-variable"},"_links":{"self":[{"href":"https:\/\/thomasaudio.se\/index.php?rest_route=\/wp\/v2\/product\/107","targetHints":{"allow":["GET"]}}],"collection":[{"href":"https:\/\/thomasaudio.se\/index.php?rest_route=\/wp\/v2\/product"}],"about":[{"href":"https:\/\/thomasaudio.se\/index.php?rest_route=\/wp\/v2\/types\/product"}],"wp:featuredmedia":[{"embeddable":true,"href":"https:\/\/thomasaudio.se\/index.php?rest_route=\/wp\/v2\/media\/108"}],"wp:attachment":[{"href":"https:\/\/thomasaudio.se\/index.php?rest_route=%2Fwp%2Fv2%2Fmedia&parent=107"}],"wp:term":[{"taxonomy":"product_brand","embeddable":true,"href":"https:\/\/thomasaudio.se\/index.php?rest_route=%2Fwp%2Fv2%2Fproduct_brand&post=107"},{"taxonomy":"product_cat","embeddable":true,"href":"https:\/\/thomasaudio.se\/index.php?rest_route=%2Fwp%2Fv2%2Fproduct_cat&post=107"},{"taxonomy":"product_tag","embeddable":true,"href":"https:\/\/thomasaudio.se\/index.php?rest_route=%2Fwp%2Fv2%2Fproduct_tag&post=107"}],"curies":[{"name":"wp","href":"https:\/\/api.w.org\/{rel}","templated":true}]}}