{"id":1058,"date":"2026-03-29T12:24:49","date_gmt":"2026-03-29T12:24:49","guid":{"rendered":"https:\/\/thomasaudio.se\/?post_type=product&#038;p=1058"},"modified":"2026-04-01T15:39:51","modified_gmt":"2026-04-01T15:39:51","slug":"neotech-amazon-xlr","status":"publish","type":"product","link":"https:\/\/thomasaudio.se\/?product=neotech-amazon-xlr","title":{"rendered":"Neotech Amazon XLR"},"content":{"rendered":"<p>Neotech tillverkade kablar till k\u00e4nda kabelm\u00e4rken bakom kulisserna. Idag finns de med sitt eget m\u00e4rke. Amazon har en ljudkvalitet som borde ligga p\u00e5 en klart h\u00f6gre prisniv\u00e5.<br \/>\nKryogen behandlad Ultra Pure-OCC silver. Den renaste silvergjutningen som finns.<br \/>\nRektangul\u00e4ra ledare med individuell teflonisolering.<br \/>\nDen beh\u00f6ver ca. 1000 timmars inspelningstid f\u00f6r att n\u00e5 sin fulla potential.<\/p>\n","protected":false},"excerpt":{"rendered":"<p>High-End.<\/p>\n","protected":false},"featured_media":1059,"template":"","meta":[],"product_brand":[261],"product_cat":[56],"product_tag":[77,90],"class_list":{"0":"post-1058","1":"product","2":"type-product","3":"status-publish","4":"has-post-thumbnail","6":"product_brand-neotech","7":"product_cat-hifi","8":"product_tag-kablar","9":"product_tag-lagnivakabel","11":"first","12":"instock","13":"shipping-taxable","14":"purchasable","15":"product-type-variable"},"_links":{"self":[{"href":"https:\/\/thomasaudio.se\/index.php?rest_route=\/wp\/v2\/product\/1058","targetHints":{"allow":["GET"]}}],"collection":[{"href":"https:\/\/thomasaudio.se\/index.php?rest_route=\/wp\/v2\/product"}],"about":[{"href":"https:\/\/thomasaudio.se\/index.php?rest_route=\/wp\/v2\/types\/product"}],"wp:featuredmedia":[{"embeddable":true,"href":"https:\/\/thomasaudio.se\/index.php?rest_route=\/wp\/v2\/media\/1059"}],"wp:attachment":[{"href":"https:\/\/thomasaudio.se\/index.php?rest_route=%2Fwp%2Fv2%2Fmedia&parent=1058"}],"wp:term":[{"taxonomy":"product_brand","embeddable":true,"href":"https:\/\/thomasaudio.se\/index.php?rest_route=%2Fwp%2Fv2%2Fproduct_brand&post=1058"},{"taxonomy":"product_cat","embeddable":true,"href":"https:\/\/thomasaudio.se\/index.php?rest_route=%2Fwp%2Fv2%2Fproduct_cat&post=1058"},{"taxonomy":"product_tag","embeddable":true,"href":"https:\/\/thomasaudio.se\/index.php?rest_route=%2Fwp%2Fv2%2Fproduct_tag&post=1058"}],"curies":[{"name":"wp","href":"https:\/\/api.w.org\/{rel}","templated":true}]}}