{"id":1052,"date":"2026-03-29T12:01:50","date_gmt":"2026-03-29T12:01:50","guid":{"rendered":"https:\/\/thomasaudio.se\/?post_type=product&#038;p=1052"},"modified":"2026-04-10T15:27:28","modified_gmt":"2026-04-10T15:27:28","slug":"ifi-valkyrie-horlursforstarkare","status":"publish","type":"product","link":"https:\/\/thomasaudio.se\/?product=ifi-valkyrie-horlursforstarkare","title":{"rendered":"ifi Valkyrie h\u00f6rlursf\u00f6rst\u00e4rkare"},"content":{"rendered":"<p><strong>Bluetooth: 5.4:<\/strong><br \/>\naptX, aptX Lossless, aptX Adaptive<br \/>\nLDAC, LHDC\/HWA, AAC, SBC<br \/>\n<strong>DAC:<\/strong> Bit Perfect<br \/>\nGTO, Apodising, Transient Aligned, K2 mode, K2HD mode<br \/>\n<strong>Line Output<\/strong><br \/>\nBal 4.4 mm: 205 Ohm<br \/>\nSE 3.5 mm: , 105 Ohm<br \/>\nSNR 116 dB<br \/>\nTHD+N 0.002 %<br \/>\n<strong>H\u00f6rlurar<\/strong><br \/>\nLjudbehandling: PCM 768 kHz, Native DSD512,\u00a0 DSD1024<br \/>\nMAX Output:<br \/>\nBal 4.4 mm: 13.5 V\/5,700 mW (32 Ohm), 19.6 V\/640 mW (600 Ohm)<br \/>\nSE 3.5 mm: 8.9 V\/2,475 mW (32 Ohm), 9.8 V\/160 mW (600 Ohm)<br \/>\nUtg\u00e5ngsimpedans:<br \/>\nBal 4.4 mm: \u22640.3 Ohm<br \/>\nSE 3.5 mm: \u22640.2 Ohm<\/p>\n<p>Batteridrift: 20,000 mAh<br \/>\n172 x 160 x 30 mm<br \/>\n882 gram<\/p>\n","protected":false},"excerpt":{"rendered":"<p>Bluetooth: 5.4: aptX, aptX Lossless, aptX Adaptive LDAC, LHDC\/HWA, AAC, SBC DAC: Bit Perfect GTO, Apodising, Transient Aligned, K2 mode, K2HD mode Line Output Bal 4.4 mm: 205 Ohm SE 3.5 mm: , 105 Ohm SNR 116 dB THD+N 0.002 % H\u00f6rlurar Ljudbehandling: PCM 768 kHz, Native DSD512,\u00a0 DSD1024 MAX Output: Bal 4.4 mm: 13.5&#8230;<\/p>\n","protected":false},"featured_media":1053,"template":"","meta":[],"product_brand":[71],"product_cat":[56],"product_tag":[128,79,73],"class_list":{"0":"post-1052","1":"product","2":"type-product","3":"status-publish","4":"has-post-thumbnail","6":"product_brand-ifi","7":"product_cat-hifi","8":"product_tag-bluetooth","9":"product_tag-forstarkare","10":"product_tag-horlursforstarkare","12":"first","13":"instock","14":"shipping-taxable","15":"purchasable","16":"product-type-simple"},"_links":{"self":[{"href":"https:\/\/thomasaudio.se\/index.php?rest_route=\/wp\/v2\/product\/1052","targetHints":{"allow":["GET"]}}],"collection":[{"href":"https:\/\/thomasaudio.se\/index.php?rest_route=\/wp\/v2\/product"}],"about":[{"href":"https:\/\/thomasaudio.se\/index.php?rest_route=\/wp\/v2\/types\/product"}],"wp:featuredmedia":[{"embeddable":true,"href":"https:\/\/thomasaudio.se\/index.php?rest_route=\/wp\/v2\/media\/1053"}],"wp:attachment":[{"href":"https:\/\/thomasaudio.se\/index.php?rest_route=%2Fwp%2Fv2%2Fmedia&parent=1052"}],"wp:term":[{"taxonomy":"product_brand","embeddable":true,"href":"https:\/\/thomasaudio.se\/index.php?rest_route=%2Fwp%2Fv2%2Fproduct_brand&post=1052"},{"taxonomy":"product_cat","embeddable":true,"href":"https:\/\/thomasaudio.se\/index.php?rest_route=%2Fwp%2Fv2%2Fproduct_cat&post=1052"},{"taxonomy":"product_tag","embeddable":true,"href":"https:\/\/thomasaudio.se\/index.php?rest_route=%2Fwp%2Fv2%2Fproduct_tag&post=1052"}],"curies":[{"name":"wp","href":"https:\/\/api.w.org\/{rel}","templated":true}]}}