{"id":1043,"date":"2026-03-29T09:39:46","date_gmt":"2026-03-29T09:39:46","guid":{"rendered":"https:\/\/thomasaudio.se\/?post_type=product&#038;p=1043"},"modified":"2026-05-02T08:49:59","modified_gmt":"2026-05-02T08:49:59","slug":"audio-technica-ath-r70xa","status":"publish","type":"product","link":"https:\/\/thomasaudio.se\/?product=audio-technica-ath-r70xa","title":{"rendered":"audio technica ATH-R70xa"},"content":{"rendered":"<p>K\u00e4nslan av n\u00e4rvaro i studion vid inspelningstillf\u00e4llet \u00e4r \u00f6verv\u00e4ldigande! Mikrofonernas placering, rumsakustiken, myllret av detaljer&#8230;<\/p>\n<p>Referensh\u00f6rlurar med \u00f6ppen baksida som ger \u00f6ppen transparens och ett extremt snabb transientsvar genom hela det h\u00f6rbara frekvensomf\u00e5nget.<br \/>\nJapansk hantverksskicklighet: Fj\u00e4derl\u00e4tt metallf\u00f6rst\u00e4rkt konstruktion, ny huvudbygel och utbytbara \u00f6ronkuddar av sammet.<\/p>\n<p>Element 45 mm<br \/>\n5 &#8211; 40.000 Hz<br \/>\nMax input 1,000 mW<br \/>\nK\u00e4nslighet 97 dB<br \/>\nImpedans 470 Ohm<br \/>\n199 gram<br \/>\nL\u00f6stagbar kabel (3 m)<\/p>\n","protected":false},"excerpt":{"rendered":"<p>K\u00e4nslan av n\u00e4rvaro i studion vid inspelningstillf\u00e4llet \u00e4r \u00f6verv\u00e4ldigande! Mikrofonernas placering, rumsakustiken, myllret av detaljer&#8230; Referensh\u00f6rlurar med \u00f6ppen baksida som ger \u00f6ppen transparens och ett extremt snabb transientsvar genom hela det h\u00f6rbara frekvensomf\u00e5nget. Japansk hantverksskicklighet: Fj\u00e4derl\u00e4tt metallf\u00f6rst\u00e4rkt konstruktion, ny huvudbygel och utbytbara \u00f6ronkuddar av sammet. Element 45 mm 5 &#8211; 40.000 Hz Max input 1,000&#8230;<\/p>\n","protected":false},"featured_media":1045,"template":"","meta":[],"product_brand":[148],"product_cat":[56],"product_tag":[126,124,260],"class_list":{"0":"post-1043","1":"product","2":"type-product","3":"status-publish","4":"has-post-thumbnail","6":"product_brand-audio-technica","7":"product_cat-hifi","8":"product_tag-bygel","9":"product_tag-horlurar","10":"product_tag-kabel","12":"first","13":"instock","14":"shipping-taxable","15":"purchasable","16":"product-type-simple"},"_links":{"self":[{"href":"https:\/\/thomasaudio.se\/index.php?rest_route=\/wp\/v2\/product\/1043","targetHints":{"allow":["GET"]}}],"collection":[{"href":"https:\/\/thomasaudio.se\/index.php?rest_route=\/wp\/v2\/product"}],"about":[{"href":"https:\/\/thomasaudio.se\/index.php?rest_route=\/wp\/v2\/types\/product"}],"wp:featuredmedia":[{"embeddable":true,"href":"https:\/\/thomasaudio.se\/index.php?rest_route=\/wp\/v2\/media\/1045"}],"wp:attachment":[{"href":"https:\/\/thomasaudio.se\/index.php?rest_route=%2Fwp%2Fv2%2Fmedia&parent=1043"}],"wp:term":[{"taxonomy":"product_brand","embeddable":true,"href":"https:\/\/thomasaudio.se\/index.php?rest_route=%2Fwp%2Fv2%2Fproduct_brand&post=1043"},{"taxonomy":"product_cat","embeddable":true,"href":"https:\/\/thomasaudio.se\/index.php?rest_route=%2Fwp%2Fv2%2Fproduct_cat&post=1043"},{"taxonomy":"product_tag","embeddable":true,"href":"https:\/\/thomasaudio.se\/index.php?rest_route=%2Fwp%2Fv2%2Fproduct_tag&post=1043"}],"curies":[{"name":"wp","href":"https:\/\/api.w.org\/{rel}","templated":true}]}}