{"id":104,"date":"2026-02-16T17:54:15","date_gmt":"2026-02-16T17:54:15","guid":{"rendered":"https:\/\/thomasaudio.se\/?post_type=product&#038;p=104"},"modified":"2026-03-07T09:02:59","modified_gmt":"2026-03-07T09:02:59","slug":"ida-sand-my-soul-kitchen","status":"publish","type":"product","link":"https:\/\/thomasaudio.se\/?product=ida-sand-my-soul-kitchen","title":{"rendered":"Ida Sand &#8211; My Soul Kitchen"},"content":{"rendered":"<p>Stockholm Underground<br \/>\nJesper Nordenstr\u00f6m &#8211; keyboards<br \/>\nHenrik Janson &#8211; elgitarr<br \/>\nLars &#8221;Danmark&#8221; Danielsson &#8211; elbas<br \/>\nPer Lindvall &#8211; trummor<br \/>\nMagnus Lindgren &#8211; saxofoner<\/p>\n<p>G\u00e4ster i studion:<br \/>\nOla Gustafsson &#8211; gitarrer<br \/>\nAndr\u00e9 Dahlb\u00e4ck, Paris Renita &#8211; st\u00e4ms\u00e5ng<br \/>\nNils Landgren \/ trombon &#038; st\u00e4ms\u00e5ng<\/p>\n<p>&#8221;My Soul Kitchen&#8221; \u00e4r hennes tydligaste deklaration hittills om hennes k\u00e4rlek till &#8221;sweet soul music&#8221; och ger ocks\u00e5 en demonstration p\u00e5 hennes djupa affinitet f\u00f6r den alldeles speciella k\u00e4nslan. Ida Sand har tillsammans med gruppen Stockholm Underground lagat ihop en &#8221;het soulgryta&#8221;. Det finns l\u00e5tar av storheter som Al Green, Stevie Wonder, Ray Charles och The Meters som g\u00e5r helt i ett med b\u00e5de Ida Sands egna l\u00e5tar och med hennes sj\u00e4lfulla tolkningar av musiken fr\u00e5n artister som John Fogerty och Mike Shapiro.<\/p>\n<p>1 Take Me to the River<br \/>\n2 Where the Hell Are You<br \/>\n3 Crash &#038; Burn<br \/>\n4 Please Don&#8217;t Hurt My Baby<br \/>\n5 I Believe to My Soul<br \/>\n6 Born on the Bayou<br \/>\n7 I Have Northing Left for You<br \/>\n8 Just Kissed My Baby<br \/>\n9 Empty Bed Blues<br \/>\n10 If You Don&#8217;t Love Me<br \/>\n11 It&#8217;s Your Voodoo Working<br \/>\n12 Spooky<\/p>\n","protected":false},"excerpt":{"rendered":"<p>Stockholm Underground Jesper Nordenstr\u00f6m &#8211; keyboards Henrik Janson &#8211; elgitarr Lars &#8221;Danmark&#8221; Danielsson &#8211; elbas Per Lindvall &#8211; trummor Magnus Lindgren &#8211; saxofoner G\u00e4ster i studion: Ola Gustafsson &#8211; gitarrer Andr\u00e9 Dahlb\u00e4ck, Paris Renita &#8211; st\u00e4ms\u00e5ng Nils Landgren \/ trombon &#038; st\u00e4ms\u00e5ng &#8221;My Soul Kitchen&#8221; \u00e4r hennes tydligaste deklaration hittills om hennes k\u00e4rlek till &#8221;sweet&#8230;<\/p>\n","protected":false},"featured_media":106,"template":"","meta":[],"product_brand":[17],"product_cat":[16],"product_tag":[187,30,23],"class_list":{"0":"post-104","1":"product","2":"type-product","3":"status-publish","4":"has-post-thumbnail","6":"product_brand-act","7":"product_cat-album","8":"product_tag-ida-sand","9":"product_tag-jazz-pop","10":"product_tag-vinyl","12":"first","13":"instock","14":"shipping-taxable","15":"purchasable","16":"product-type-simple"},"_links":{"self":[{"href":"https:\/\/thomasaudio.se\/index.php?rest_route=\/wp\/v2\/product\/104","targetHints":{"allow":["GET"]}}],"collection":[{"href":"https:\/\/thomasaudio.se\/index.php?rest_route=\/wp\/v2\/product"}],"about":[{"href":"https:\/\/thomasaudio.se\/index.php?rest_route=\/wp\/v2\/types\/product"}],"wp:featuredmedia":[{"embeddable":true,"href":"https:\/\/thomasaudio.se\/index.php?rest_route=\/wp\/v2\/media\/106"}],"wp:attachment":[{"href":"https:\/\/thomasaudio.se\/index.php?rest_route=%2Fwp%2Fv2%2Fmedia&parent=104"}],"wp:term":[{"taxonomy":"product_brand","embeddable":true,"href":"https:\/\/thomasaudio.se\/index.php?rest_route=%2Fwp%2Fv2%2Fproduct_brand&post=104"},{"taxonomy":"product_cat","embeddable":true,"href":"https:\/\/thomasaudio.se\/index.php?rest_route=%2Fwp%2Fv2%2Fproduct_cat&post=104"},{"taxonomy":"product_tag","embeddable":true,"href":"https:\/\/thomasaudio.se\/index.php?rest_route=%2Fwp%2Fv2%2Fproduct_tag&post=104"}],"curies":[{"name":"wp","href":"https:\/\/api.w.org\/{rel}","templated":true}]}}