{"id":1022,"date":"2026-03-28T15:23:32","date_gmt":"2026-03-28T15:23:32","guid":{"rendered":"https:\/\/thomasaudio.se\/?post_type=product&#038;p=1022"},"modified":"2026-03-28T15:25:04","modified_gmt":"2026-03-28T15:25:04","slug":"hifiman-he600","status":"publish","type":"product","link":"https:\/\/thomasaudio.se\/?product=hifiman-he600","title":{"rendered":"Hifiman HE600"},"content":{"rendered":"<p>K\u00e4nns priset h\u00f6gt? Lyssnar du bara en liten stund i dom s\u00e5 lovar jag att du \u00e4ndrar dig.<\/p>\n<p>8 &#8211; 65.000 Hz<br \/>\nK\u00e4nslighet 94 dB<br \/>\nIng\u00e5ngar 3,5 mm<br \/>\n389 gram<\/p>\n","protected":false},"excerpt":{"rendered":"<p>Enhanced magnets<br \/>\n28 Ohm<\/p>\n","protected":false},"featured_media":1023,"template":"","meta":[],"product_brand":[259],"product_cat":[56],"product_tag":[124,260],"class_list":{"0":"post-1022","1":"product","2":"type-product","3":"status-publish","4":"has-post-thumbnail","6":"product_brand-hifiman","7":"product_cat-hifi","8":"product_tag-horlurar","9":"product_tag-kabel","11":"first","12":"instock","13":"shipping-taxable","14":"purchasable","15":"product-type-simple"},"_links":{"self":[{"href":"https:\/\/thomasaudio.se\/index.php?rest_route=\/wp\/v2\/product\/1022","targetHints":{"allow":["GET"]}}],"collection":[{"href":"https:\/\/thomasaudio.se\/index.php?rest_route=\/wp\/v2\/product"}],"about":[{"href":"https:\/\/thomasaudio.se\/index.php?rest_route=\/wp\/v2\/types\/product"}],"wp:featuredmedia":[{"embeddable":true,"href":"https:\/\/thomasaudio.se\/index.php?rest_route=\/wp\/v2\/media\/1023"}],"wp:attachment":[{"href":"https:\/\/thomasaudio.se\/index.php?rest_route=%2Fwp%2Fv2%2Fmedia&parent=1022"}],"wp:term":[{"taxonomy":"product_brand","embeddable":true,"href":"https:\/\/thomasaudio.se\/index.php?rest_route=%2Fwp%2Fv2%2Fproduct_brand&post=1022"},{"taxonomy":"product_cat","embeddable":true,"href":"https:\/\/thomasaudio.se\/index.php?rest_route=%2Fwp%2Fv2%2Fproduct_cat&post=1022"},{"taxonomy":"product_tag","embeddable":true,"href":"https:\/\/thomasaudio.se\/index.php?rest_route=%2Fwp%2Fv2%2Fproduct_tag&post=1022"}],"curies":[{"name":"wp","href":"https:\/\/api.w.org\/{rel}","templated":true}]}}