{"id":1016,"date":"2026-03-28T14:59:33","date_gmt":"2026-03-28T14:59:33","guid":{"rendered":"https:\/\/thomasaudio.se\/?post_type=product&#038;p=1016"},"modified":"2026-04-02T07:42:23","modified_gmt":"2026-04-02T07:42:23","slug":"hifiman-deva-pro-inkl-bluetooth-dongle","status":"publish","type":"product","link":"https:\/\/thomasaudio.se\/?product=hifiman-deva-pro-inkl-bluetooth-dongle","title":{"rendered":"Hifiman Deva Pro (inkl. bluetooth-dongle)"},"content":{"rendered":"<p>Ljudkvaliteten borde g\u00f6ra att Deva Pro borde ligga p\u00e5 h\u00f6gre prisniv\u00e5er. Behaglig komfort och en naturlig ljud\u00e5tergivning.<\/p>\n<p>20 &#8211; 20.000 Hz<br \/>\nSNR 114 dB<br \/>\nK\u00e4nslighet 93,5 dB<br \/>\nTHD 0,0022 %<br \/>\nHIMALAYA Bluetooth 5.0 6-7 tim anv\u00e4ndning<br \/>\nQualcomm QCC5124<br \/>\nIng\u00e5ngar: 2 x 3,5 mm allt. enkel TRRS input<br \/>\n360 gram<\/p>\n","protected":false},"excerpt":{"rendered":"<p>Stealth-magneter som ger akustisk transparens<br \/>\n18 Ohm<\/p>\n","protected":false},"featured_media":1017,"template":"","meta":[],"product_brand":[259],"product_cat":[56],"product_tag":[128,126,124,260],"class_list":{"0":"post-1016","1":"product","2":"type-product","3":"status-publish","4":"has-post-thumbnail","6":"product_brand-hifiman","7":"product_cat-hifi","8":"product_tag-bluetooth","9":"product_tag-bygel","10":"product_tag-horlurar","11":"product_tag-kabel","13":"first","14":"instock","15":"shipping-taxable","16":"purchasable","17":"product-type-simple"},"_links":{"self":[{"href":"https:\/\/thomasaudio.se\/index.php?rest_route=\/wp\/v2\/product\/1016","targetHints":{"allow":["GET"]}}],"collection":[{"href":"https:\/\/thomasaudio.se\/index.php?rest_route=\/wp\/v2\/product"}],"about":[{"href":"https:\/\/thomasaudio.se\/index.php?rest_route=\/wp\/v2\/types\/product"}],"wp:featuredmedia":[{"embeddable":true,"href":"https:\/\/thomasaudio.se\/index.php?rest_route=\/wp\/v2\/media\/1017"}],"wp:attachment":[{"href":"https:\/\/thomasaudio.se\/index.php?rest_route=%2Fwp%2Fv2%2Fmedia&parent=1016"}],"wp:term":[{"taxonomy":"product_brand","embeddable":true,"href":"https:\/\/thomasaudio.se\/index.php?rest_route=%2Fwp%2Fv2%2Fproduct_brand&post=1016"},{"taxonomy":"product_cat","embeddable":true,"href":"https:\/\/thomasaudio.se\/index.php?rest_route=%2Fwp%2Fv2%2Fproduct_cat&post=1016"},{"taxonomy":"product_tag","embeddable":true,"href":"https:\/\/thomasaudio.se\/index.php?rest_route=%2Fwp%2Fv2%2Fproduct_tag&post=1016"}],"curies":[{"name":"wp","href":"https:\/\/api.w.org\/{rel}","templated":true}]}}