{"id":1001,"date":"2026-03-25T17:41:12","date_gmt":"2026-03-25T17:41:12","guid":{"rendered":"https:\/\/thomasaudio.se\/?post_type=product&#038;p=1001"},"modified":"2026-04-01T16:04:35","modified_gmt":"2026-04-01T16:04:35","slug":"jesse-palter-paper-trail","status":"publish","type":"product","link":"https:\/\/thomasaudio.se\/?product=jesse-palter-paper-trail","title":{"rendered":"Jesse Palter &#8211; Paper Trail"},"content":{"rendered":"<p>Tio l\u00e5tar av smakfull pop med rockk\u00e4nsla gjorda av Palter med sj\u00e4lvbiografiska texter som f\u00e5ngar intima \u00f6gonblick i hennes liv.<br \/>\nPalter, som har varit i musikbranschen hela sitt liv, b\u00f6rjade arbeta med det GRAMMY-vinnande\u00ae prodcenterna Bass Brothers. Hon fortsatte att finslipa sin skicklighet och passion f\u00f6r improvisationss\u00e5ng i hela Detroit med musiklegender som Christian McBride, Geoffrey Keezer, Sean Jones, Marcus Belgrave och Avishai Cohen och senare en egen huvudakt p\u00e5 toppscener \u00f6ver hela USA. Jesse fick ett avtal med Artistry Music som bolagets f\u00f6rsta popmusikalbum. \u00d6verg\u00e5ngen fr\u00e5n jazz till pop visade sig vara gr\u00e4nsl\u00f6s.<\/p>\n<p>1 Sever the ties<br \/>\n2 tmi<br \/>\n3 Paper trail<br \/>\n4 Waitin<br \/>\n5 Heavy is the crown<br \/>\n6 Wildfire<br \/>\n7 Heart so cold<br \/>\n8 Alright in time<br \/>\n9 The wrong girl<br \/>\n10 Goodbye my friend<\/p>\n","protected":false},"excerpt":{"rendered":"<p>Tio l\u00e5tar av smakfull pop med rockk\u00e4nsla gjorda av Palter med sj\u00e4lvbiografiska texter som f\u00e5ngar intima \u00f6gonblick i hennes liv. Palter, som har varit i musikbranschen hela sitt liv, b\u00f6rjade arbeta med det GRAMMY-vinnande\u00ae prodcenterna Bass Brothers. Hon fortsatte att finslipa sin skicklighet och passion f\u00f6r improvisationss\u00e5ng i hela Detroit med musiklegender som Christian McBride,&#8230;<\/p>\n","protected":false},"featured_media":1002,"template":"","meta":[],"product_brand":[258],"product_cat":[16],"product_tag":[18,169],"class_list":{"0":"post-1001","1":"product","2":"type-product","3":"status-publish","4":"has-post-thumbnail","6":"product_brand-artistry-music","7":"product_cat-album","8":"product_tag-cd","9":"product_tag-pop-rock","11":"first","12":"instock","13":"shipping-taxable","14":"purchasable","15":"product-type-simple"},"_links":{"self":[{"href":"https:\/\/thomasaudio.se\/index.php?rest_route=\/wp\/v2\/product\/1001","targetHints":{"allow":["GET"]}}],"collection":[{"href":"https:\/\/thomasaudio.se\/index.php?rest_route=\/wp\/v2\/product"}],"about":[{"href":"https:\/\/thomasaudio.se\/index.php?rest_route=\/wp\/v2\/types\/product"}],"wp:featuredmedia":[{"embeddable":true,"href":"https:\/\/thomasaudio.se\/index.php?rest_route=\/wp\/v2\/media\/1002"}],"wp:attachment":[{"href":"https:\/\/thomasaudio.se\/index.php?rest_route=%2Fwp%2Fv2%2Fmedia&parent=1001"}],"wp:term":[{"taxonomy":"product_brand","embeddable":true,"href":"https:\/\/thomasaudio.se\/index.php?rest_route=%2Fwp%2Fv2%2Fproduct_brand&post=1001"},{"taxonomy":"product_cat","embeddable":true,"href":"https:\/\/thomasaudio.se\/index.php?rest_route=%2Fwp%2Fv2%2Fproduct_cat&post=1001"},{"taxonomy":"product_tag","embeddable":true,"href":"https:\/\/thomasaudio.se\/index.php?rest_route=%2Fwp%2Fv2%2Fproduct_tag&post=1001"}],"curies":[{"name":"wp","href":"https:\/\/api.w.org\/{rel}","templated":true}]}}