{"id":8,"date":"2026-02-16T10:10:35","date_gmt":"2026-02-16T10:10:35","guid":{"rendered":"https:\/\/thomasaudio.se\/varukorg\/"},"modified":"2026-02-16T20:39:53","modified_gmt":"2026-02-16T20:39:53","slug":"varukorg","status":"publish","type":"page","link":"https:\/\/thomasaudio.se\/?page_id=8","title":{"rendered":"Varukorg"},"content":{"rendered":"\n<div data-block-name=\"woocommerce\/cart\" class=\"wp-block-woocommerce-cart alignwide is-loading\">\n<div data-block-name=\"woocommerce\/filled-cart-block\" class=\"wp-block-woocommerce-filled-cart-block\">\n<div data-block-name=\"woocommerce\/cart-items-block\" class=\"wp-block-woocommerce-cart-items-block\">\n<div data-block-name=\"woocommerce\/cart-line-items-block\" class=\"wp-block-woocommerce-cart-line-items-block\"><\/div>\n\n\n<\/div>\n\n\n\n\n<div data-block-name=\"woocommerce\/cart-totals-block\" class=\"wp-block-woocommerce-cart-totals-block\">\n<div data-block-name=\"woocommerce\/cart-order-summary-block\" class=\"wp-block-woocommerce-cart-order-summary-block\">\n<div data-block-name=\"woocommerce\/cart-order-summary-heading-block\" class=\"wp-block-woocommerce-cart-order-summary-heading-block\"><\/div><div data-block-name=\"woocommerce\/cart-order-summary-coupon-form-block\" class=\"wp-block-woocommerce-cart-order-summary-coupon-form-block\"><\/div><div data-block-name=\"woocommerce\/cart-order-summary-totals-block\" class=\"wp-block-woocommerce-cart-order-summary-totals-block\">\n<div data-block-name=\"woocommerce\/cart-order-summary-subtotal-block\" class=\"wp-block-woocommerce-cart-order-summary-subtotal-block\"><\/div>\n<div data-block-name=\"woocommerce\/cart-order-summary-discount-block\" class=\"wp-block-woocommerce-cart-order-summary-discount-block\"><\/div>\n<div data-block-name=\"woocommerce\/cart-order-summary-fee-block\" class=\"wp-block-woocommerce-cart-order-summary-fee-block\"><\/div>\n<div data-block-name=\"woocommerce\/cart-order-summary-shipping-block\" class=\"wp-block-woocommerce-cart-order-summary-shipping-block\"><\/div>\n<div data-block-name=\"woocommerce\/cart-order-summary-taxes-block\" class=\"wp-block-woocommerce-cart-order-summary-taxes-block\"><\/div><\/div>\n<\/div>\n\n\n\n<div data-block-name=\"woocommerce\/cart-express-payment-block\" class=\"wp-block-woocommerce-cart-express-payment-block\"><\/div>\n\n\n\n<div data-block-name=\"woocommerce\/proceed-to-checkout-block\" class=\"wp-block-woocommerce-proceed-to-checkout-block\"><\/div>\n\n\n\n<div data-block-name=\"woocommerce\/cart-accepted-payment-methods-block\" class=\"wp-block-woocommerce-cart-accepted-payment-methods-block\"><\/div>\n<\/div>\n<\/div>\n\n\n\n<div data-block-name=\"woocommerce\/empty-cart-block\" class=\"wp-block-woocommerce-empty-cart-block\">\n<h2 class=\"wp-block-heading has-text-align-center with-empty-cart-icon wc-block-cart__empty-cart__title\">Din varukorg \u00e4r f\u00f6r n\u00e4rvarande tom!<\/h2>\n\n\n\n<hr class=\"wp-block-separator has-alpha-channel-opacity is-style-dots\"\/>\n\n\n\n<h2 class=\"wp-block-heading has-text-align-center\">Nytt i butik<\/h2>\n\n\n<div data-block-name=\"woocommerce\/product-new\" data-columns=\"4\" data-rows=\"1\" class=\"wc-block-grid wp-block-product-new wp-block-woocommerce-product-new wc-block-product-new has-4-columns\"><ul class=\"wc-block-grid__products\"><li class=\"wc-block-grid__product\">\n\t\t\t\t<a href=\"https:\/\/thomasaudio.se\/?product=warm-audio-premiere\" class=\"wc-block-grid__product-link\">\n\t\t\t\t\t\n\t\t\t\t\t<div class=\"wc-block-grid__product-image\"><img loading=\"lazy\" decoding=\"async\" width=\"400\" height=\"325\" src=\"https:\/\/thomasaudio.se\/wp-content\/uploads\/2026\/05\/WM-PREM-XLR-6_1-400x325.jpg\" class=\"attachment-woocommerce_thumbnail size-woocommerce_thumbnail\" alt=\"Warm Audio Premiere\" srcset=\"https:\/\/thomasaudio.se\/wp-content\/uploads\/2026\/05\/WM-PREM-XLR-6_1-400x325.jpg 400w, https:\/\/thomasaudio.se\/wp-content\/uploads\/2026\/05\/WM-PREM-XLR-6_1-768x624.jpg 768w, https:\/\/thomasaudio.se\/wp-content\/uploads\/2026\/05\/WM-PREM-XLR-6_1-300x244.jpg 300w, https:\/\/thomasaudio.se\/wp-content\/uploads\/2026\/05\/WM-PREM-XLR-6_1-850x690.jpg 850w, https:\/\/thomasaudio.se\/wp-content\/uploads\/2026\/05\/WM-PREM-XLR-6_1-600x487.jpg 600w, https:\/\/thomasaudio.se\/wp-content\/uploads\/2026\/05\/WM-PREM-XLR-6_1-64x52.jpg 64w, https:\/\/thomasaudio.se\/wp-content\/uploads\/2026\/05\/WM-PREM-XLR-6_1.jpg 1000w\" sizes=\"auto, (max-width: 400px) 100vw, 400px\" \/><\/div>\n\t\t\t\t\t<div class=\"wc-block-grid__product-title\">Warm Audio Premiere<\/div>\n\t\t\t\t<\/a>\n\t\t\t\t<div class=\"wc-block-grid__product-price price\"><span class=\"woocommerce-Price-amount amount\">1 320,00&nbsp;<span class=\"woocommerce-Price-currencySymbol\">&#107;&#114;<\/span><\/span><\/div>\n\t\t\t\t\n\t\t\t\t<div class=\"wp-block-button wc-block-grid__product-add-to-cart\"><a href=\"\/index.php?rest_route=%2Fwp%2Fv2%2Fpages%2F8&#038;add-to-cart=1610\" aria-label=\"L\u00e4gg till i varukorgen: \u201dWarm Audio Premiere\u201d\" data-quantity=\"1\" data-product_id=\"1610\" data-product_sku=\"\" data-price=\"1320\" rel=\"nofollow\" class=\"wp-block-button__link  add_to_cart_button ajax_add_to_cart\">L\u00e4gg till i varukorg<\/a><\/div>\n\t\t\t<\/li><li class=\"wc-block-grid__product\">\n\t\t\t\t<a href=\"https:\/\/thomasaudio.se\/?product=warm-audio-pro\" class=\"wc-block-grid__product-link\">\n\t\t\t\t\t\n\t\t\t\t\t<div class=\"wc-block-grid__product-image\"><img loading=\"lazy\" decoding=\"async\" width=\"400\" height=\"330\" src=\"https:\/\/thomasaudio.se\/wp-content\/uploads\/2026\/05\/WM-PRO-XLR-3_1-400x330.jpg\" class=\"attachment-woocommerce_thumbnail size-woocommerce_thumbnail\" alt=\"Warm Audio Pro\" srcset=\"https:\/\/thomasaudio.se\/wp-content\/uploads\/2026\/05\/WM-PRO-XLR-3_1-400x330.jpg 400w, https:\/\/thomasaudio.se\/wp-content\/uploads\/2026\/05\/WM-PRO-XLR-3_1-768x634.jpg 768w, https:\/\/thomasaudio.se\/wp-content\/uploads\/2026\/05\/WM-PRO-XLR-3_1-300x248.jpg 300w, https:\/\/thomasaudio.se\/wp-content\/uploads\/2026\/05\/WM-PRO-XLR-3_1-850x701.jpg 850w, https:\/\/thomasaudio.se\/wp-content\/uploads\/2026\/05\/WM-PRO-XLR-3_1-600x495.jpg 600w, https:\/\/thomasaudio.se\/wp-content\/uploads\/2026\/05\/WM-PRO-XLR-3_1-64x53.jpg 64w, https:\/\/thomasaudio.se\/wp-content\/uploads\/2026\/05\/WM-PRO-XLR-3_1.jpg 1000w\" sizes=\"auto, (max-width: 400px) 100vw, 400px\" \/><\/div>\n\t\t\t\t\t<div class=\"wc-block-grid__product-title\">Warm Audio Pro<\/div>\n\t\t\t\t<\/a>\n\t\t\t\t<div class=\"wc-block-grid__product-price price\"><span class=\"woocommerce-Price-amount amount\">600,00&nbsp;<span class=\"woocommerce-Price-currencySymbol\">&#107;&#114;<\/span><\/span><\/div>\n\t\t\t\t\n\t\t\t\t<div class=\"wp-block-button wc-block-grid__product-add-to-cart\"><a href=\"\/index.php?rest_route=%2Fwp%2Fv2%2Fpages%2F8&#038;add-to-cart=1608\" aria-label=\"L\u00e4gg till i varukorgen: \u201dWarm Audio Pro\u201d\" data-quantity=\"1\" data-product_id=\"1608\" data-product_sku=\"\" data-price=\"600\" rel=\"nofollow\" class=\"wp-block-button__link  add_to_cart_button ajax_add_to_cart\">L\u00e4gg till i varukorg<\/a><\/div>\n\t\t\t<\/li><li class=\"wc-block-grid__product\">\n\t\t\t\t<a href=\"https:\/\/thomasaudio.se\/?product=beyerdynamic-dt-1770-pro-mkii\" class=\"wc-block-grid__product-link\">\n\t\t\t\t\t\n\t\t\t\t\t<div class=\"wc-block-grid__product-image\"><img loading=\"lazy\" decoding=\"async\" width=\"400\" height=\"400\" src=\"https:\/\/thomasaudio.se\/wp-content\/uploads\/2026\/05\/beyerdynamic-dt-1770-pro-mk-2-perspective-transparent-400x400.png\" class=\"attachment-woocommerce_thumbnail size-woocommerce_thumbnail\" alt=\"Beyerdynamic DT 1770 Pro MkII\" srcset=\"https:\/\/thomasaudio.se\/wp-content\/uploads\/2026\/05\/beyerdynamic-dt-1770-pro-mk-2-perspective-transparent-400x400.png 400w, https:\/\/thomasaudio.se\/wp-content\/uploads\/2026\/05\/beyerdynamic-dt-1770-pro-mk-2-perspective-transparent-1024x1024.png 1024w, https:\/\/thomasaudio.se\/wp-content\/uploads\/2026\/05\/beyerdynamic-dt-1770-pro-mk-2-perspective-transparent-200x200.png 200w, https:\/\/thomasaudio.se\/wp-content\/uploads\/2026\/05\/beyerdynamic-dt-1770-pro-mk-2-perspective-transparent-768x768.png 768w, https:\/\/thomasaudio.se\/wp-content\/uploads\/2026\/05\/beyerdynamic-dt-1770-pro-mk-2-perspective-transparent-300x300.png 300w, https:\/\/thomasaudio.se\/wp-content\/uploads\/2026\/05\/beyerdynamic-dt-1770-pro-mk-2-perspective-transparent-850x850.png 850w, https:\/\/thomasaudio.se\/wp-content\/uploads\/2026\/05\/beyerdynamic-dt-1770-pro-mk-2-perspective-transparent-600x600.png 600w, https:\/\/thomasaudio.se\/wp-content\/uploads\/2026\/05\/beyerdynamic-dt-1770-pro-mk-2-perspective-transparent-100x100.png 100w, https:\/\/thomasaudio.se\/wp-content\/uploads\/2026\/05\/beyerdynamic-dt-1770-pro-mk-2-perspective-transparent-64x64.png 64w, https:\/\/thomasaudio.se\/wp-content\/uploads\/2026\/05\/beyerdynamic-dt-1770-pro-mk-2-perspective-transparent.png 1200w\" sizes=\"auto, (max-width: 400px) 100vw, 400px\" \/><\/div>\n\t\t\t\t\t<div class=\"wc-block-grid__product-title\">Beyerdynamic DT 1770 Pro MkII<\/div>\n\t\t\t\t<\/a>\n\t\t\t\t<div class=\"wc-block-grid__product-price price\"><span class=\"woocommerce-Price-amount amount\">5 790,00&nbsp;<span class=\"woocommerce-Price-currencySymbol\">&#107;&#114;<\/span><\/span><\/div>\n\t\t\t\t\n\t\t\t\t<div class=\"wp-block-button wc-block-grid__product-add-to-cart\"><a href=\"\/index.php?rest_route=%2Fwp%2Fv2%2Fpages%2F8&#038;add-to-cart=1596\" aria-label=\"L\u00e4gg till i varukorgen: \u201dBeyerdynamic DT 1770 Pro MkII\u201d\" data-quantity=\"1\" data-product_id=\"1596\" data-product_sku=\"\" data-price=\"5790\" rel=\"nofollow\" class=\"wp-block-button__link  add_to_cart_button ajax_add_to_cart\">L\u00e4gg till i varukorg<\/a><\/div>\n\t\t\t<\/li><li class=\"wc-block-grid__product\">\n\t\t\t\t<a href=\"https:\/\/thomasaudio.se\/?product=knut-reiersrud-iver-kleive-himmelskip\" class=\"wc-block-grid__product-link\">\n\t\t\t\t\t\n\t\t\t\t\t<div class=\"wc-block-grid__product-image\"><img loading=\"lazy\" decoding=\"async\" width=\"400\" height=\"359\" src=\"https:\/\/thomasaudio.se\/wp-content\/uploads\/2026\/04\/fxcd-163-400x359.jpg\" class=\"attachment-woocommerce_thumbnail size-woocommerce_thumbnail\" alt=\"Knut Reiersrud &amp; Iver Kleive - Himmelskip\" srcset=\"https:\/\/thomasaudio.se\/wp-content\/uploads\/2026\/04\/fxcd-163-400x359.jpg 400w, https:\/\/thomasaudio.se\/wp-content\/uploads\/2026\/04\/fxcd-163-1024x918.jpg 1024w, https:\/\/thomasaudio.se\/wp-content\/uploads\/2026\/04\/fxcd-163-768x689.jpg 768w, https:\/\/thomasaudio.se\/wp-content\/uploads\/2026\/04\/fxcd-163-300x269.jpg 300w, https:\/\/thomasaudio.se\/wp-content\/uploads\/2026\/04\/fxcd-163-850x762.jpg 850w, https:\/\/thomasaudio.se\/wp-content\/uploads\/2026\/04\/fxcd-163-600x538.jpg 600w, https:\/\/thomasaudio.se\/wp-content\/uploads\/2026\/04\/fxcd-163-64x57.jpg 64w, https:\/\/thomasaudio.se\/wp-content\/uploads\/2026\/04\/fxcd-163.jpg 1181w\" sizes=\"auto, (max-width: 400px) 100vw, 400px\" \/><\/div>\n\t\t\t\t\t<div class=\"wc-block-grid__product-title\">Knut Reiersrud &amp; Iver Kleive &#8211; Himmelskip<\/div>\n\t\t\t\t<\/a>\n\t\t\t\t<div class=\"wc-block-grid__product-price price\"><span class=\"woocommerce-Price-amount amount\">189,00&nbsp;<span class=\"woocommerce-Price-currencySymbol\">&#107;&#114;<\/span><\/span><\/div>\n\t\t\t\t\n\t\t\t\t<div class=\"wp-block-button wc-block-grid__product-add-to-cart\"><a href=\"\/index.php?rest_route=%2Fwp%2Fv2%2Fpages%2F8&#038;add-to-cart=1562\" aria-label=\"L\u00e4gg till i varukorgen: \u201dKnut Reiersrud &amp; Iver Kleive - Himmelskip\u201d\" data-quantity=\"1\" data-product_id=\"1562\" data-product_sku=\"\" data-price=\"189\" rel=\"nofollow\" class=\"wp-block-button__link  add_to_cart_button ajax_add_to_cart\">L\u00e4gg till i varukorg<\/a><\/div>\n\t\t\t<\/li><\/ul><\/div><\/div>\n<\/div>\n","protected":false},"excerpt":{"rendered":"","protected":false},"author":1,"featured_media":0,"parent":0,"menu_order":0,"comment_status":"closed","ping_status":"closed","template":"","meta":{"footnotes":""},"class_list":["post-8","page","type-page","status-publish","hentry"],"_links":{"self":[{"href":"https:\/\/thomasaudio.se\/index.php?rest_route=\/wp\/v2\/pages\/8","targetHints":{"allow":["GET"]}}],"collection":[{"href":"https:\/\/thomasaudio.se\/index.php?rest_route=\/wp\/v2\/pages"}],"about":[{"href":"https:\/\/thomasaudio.se\/index.php?rest_route=\/wp\/v2\/types\/page"}],"author":[{"embeddable":true,"href":"https:\/\/thomasaudio.se\/index.php?rest_route=\/wp\/v2\/users\/1"}],"replies":[{"embeddable":true,"href":"https:\/\/thomasaudio.se\/index.php?rest_route=%2Fwp%2Fv2%2Fcomments&post=8"}],"version-history":[{"count":0,"href":"https:\/\/thomasaudio.se\/index.php?rest_route=\/wp\/v2\/pages\/8\/revisions"}],"wp:attachment":[{"href":"https:\/\/thomasaudio.se\/index.php?rest_route=%2Fwp%2Fv2%2Fmedia&parent=8"}],"curies":[{"name":"wp","href":"https:\/\/api.w.org\/{rel}","templated":true}]}}