{"id":5,"date":"2026-02-16T10:10:05","date_gmt":"2026-02-16T10:10:05","guid":{"rendered":"https:\/\/thomasaudio.se\/welcome-to-https-thomasaudio-se\/"},"modified":"2026-05-07T10:10:49","modified_gmt":"2026-05-07T10:10:49","slug":"welcome-to-https-thomasaudio-se","status":"publish","type":"page","link":"https:\/\/thomasaudio.se\/","title":{"rendered":"V\u00e4lkommen!"},"content":{"rendered":"\n<p class=\"has-text-align-left\" style=\"font-size:16px\"><img loading=\"lazy\" decoding=\"async\" width=\"60\" height=\"60\" class=\"wp-image-601\" style=\"width: 60px;\" src=\"https:\/\/thomasaudio.se\/wp-content\/uploads\/2026\/02\/filenoai.png\" alt=\"\" srcset=\"https:\/\/thomasaudio.se\/wp-content\/uploads\/2026\/02\/filenoai.png 200w, https:\/\/thomasaudio.se\/wp-content\/uploads\/2026\/02\/filenoai-100x100.png 100w, https:\/\/thomasaudio.se\/wp-content\/uploads\/2026\/02\/filenoai-64x64.png 64w\" sizes=\"auto, (max-width: 60px) 100vw, 60px\" \/> <br>En webbshop med musik fr\u00e5n skivbolag som uppskattas f\u00f6r sin h\u00f6ga ljudkvalitet, ett sortiment best\u00e5ende av musik och HiFi-produkter som jag personligen uppskattar. Antalet produkter \u00e4r mindre, men omsorgsfullt utvalda.<br><em><mark style=\"background-color:rgba(0, 0, 0, 0);color:#0b6ba3\" class=\"has-inline-color\">Thomas Bergman<\/mark><\/em><\/p>\n\n\n\n<div data-wp-context=\"{&quot;notices&quot;:[],&quot;hideNextPreviousButtons&quot;:false,&quot;isDisabledPrevious&quot;:true,&quot;isDisabledNext&quot;:false,&quot;ariaLabelPrevious&quot;:&quot;F\\u00f6reg\\u00e5ende produkter&quot;,&quot;ariaLabelNext&quot;:&quot;N\\u00e4sta produkter&quot;,&quot;collection&quot;:&quot;woocommerce\\\/product-collection\\\/new-arrivals&quot;}\" data-wp-init=\"callbacks.onRender\" data-wp-interactive=\"woocommerce\/product-collection\" data-wp-router-region=\"wc-product-collection-1\" data-__private-preview-state=\"{&quot;isPreview&quot;:false,&quot;previewMessage&quot;:&quot;Faktiska produkter kommer att variera beroende p\\u00e5 vilken sida som visas.&quot;}\" data-block-name=\"woocommerce\/product-collection\" data-collection=\"woocommerce\/product-collection\/new-arrivals\" data-dimensions=\"{&quot;widthType&quot;:&quot;fill&quot;}\" data-display-layout=\"{&quot;type&quot;:&quot;flex&quot;,&quot;columns&quot;:5,&quot;shrinkColumns&quot;:true}\" data-hide-controls=\"[&quot;inherit&quot;,&quot;order&quot;,&quot;filterable&quot;]\" data-query-context-includes=\"[&quot;collection&quot;]\" data-query-id=\"1\" data-query=\"{&quot;perPage&quot;:5,&quot;pages&quot;:1,&quot;offset&quot;:0,&quot;postType&quot;:&quot;product&quot;,&quot;order&quot;:&quot;desc&quot;,&quot;orderBy&quot;:&quot;date&quot;,&quot;search&quot;:&quot;&quot;,&quot;exclude&quot;:[],&quot;inherit&quot;:false,&quot;taxQuery&quot;:[],&quot;isProductCollectionBlock&quot;:true,&quot;featured&quot;:false,&quot;woocommerceOnSale&quot;:false,&quot;woocommerceStockStatus&quot;:[&quot;instock&quot;,&quot;outofstock&quot;,&quot;onbackorder&quot;],&quot;woocommerceAttributes&quot;:[],&quot;woocommerceHandPickedProducts&quot;:[],&quot;timeFrame&quot;:{&quot;operator&quot;:&quot;in&quot;,&quot;value&quot;:&quot;-7 days&quot;},&quot;filterable&quot;:false,&quot;relatedBy&quot;:{&quot;categories&quot;:true,&quot;tags&quot;:true}}\" data-tag-name=\"div\" class=\"wp-block-woocommerce-product-collection is-layout-flow wp-block-woocommerce-product-collection-is-layout-flow\">\t\t<div data-wp-interactive=\"woocommerce\/store-notices\" class=\"wc-block-components-notices alignwide\">\n\t\t\t<template data-wp-each--notice=\"state.notices\" data-wp-each-key=\"context.notice.id\">\n\t\t\t\t<div\n\t\t\t\t\tclass=\"wc-block-components-notice-banner\"\n\t\t\t\t\tdata-wp-init=\"callbacks.scrollIntoView\"\n\t\t\t\t\tdata-wp-class--is-error=\"state.isError\"\n\t\t\t\t\tdata-wp-class--is-success=\"state.isSuccess\"\n\t\t\t\t\tdata-wp-class--is-info=\"state.isInfo\"\n\t\t\t\t\tdata-wp-class--is-dismissible=\"context.notice.dismissible\"\n\t\t\t\t\tdata-wp-bind--role=\"state.role\"\n\t\t\t\t\tdata-wp-watch=\"callbacks.injectIcon\"\n\t\t\t\t>\n\t\t\t\t\t<div class=\"wc-block-components-notice-banner__content\">\n\t\t\t\t\t\t<span data-wp-init=\"callbacks.renderNoticeContent\" aria-live=\"assertive\" aria-atomic=\"true\"><\/span>\n\t\t\t\t\t<\/div>\n\t\t\t\t\t<button\n\t\t\t\t\t\tdata-wp-bind--hidden=\"!context.notice.dismissible\"\n\t\t\t\t\t\tclass=\"wc-block-components-button wp-element-button wc-block-components-notice-banner__dismiss contained\"\n\t\t\t\t\t\taria-label=\"Avf\u00e4rda denna notis\"\n\t\t\t\t\t\tdata-wp-on--click=\"actions.removeNotice\"\n\t\t\t\t\t>\n\t\t\t\t\t\t<svg xmlns=\"http:\/\/www.w3.org\/2000\/svg\" viewBox=\"0 0 24 24\">\n\t\t\t\t\t\t\t<path d=\"M13 11.8l6.1-6.3-1-1-6.1 6.2-6.1-6.2-1 1 6.1 6.3-6.5 6.7 1 1 6.5-6.6 6.5 6.6 1-1z\" \/>\n\t\t\t\t\t\t<\/svg>\n\t\t\t\t\t<\/button>\n\t\t\t\t<\/div>\n\t\t\t<\/template>\n\t\t<\/div>\n\t\t\n<h2 class=\"wp-block-heading has-text-align-center\" style=\"margin-bottom:1rem\">Nyinkommet<\/h2>\n\n\n<ul data-block-name=\"woocommerce\/product-template\" class=\"wc-block-product-template__responsive columns-5 wc-block-product-template wp-block-woocommerce-product-template is-layout-flow wp-block-woocommerce-product-template-is-layout-flow\" data-wp-on--scroll=\"actions.watchScroll\" data-wp-init=\"callbacks.initResizeObserver\"><li class=\"wc-block-product post-1610 product type-product status-publish has-post-thumbnail product_brand-warm-audio product_cat-hifi product_tag-lagnivakabel product_tag-ljudkabel first instock shipping-taxable purchasable product-type-simple\"\n\t\t\t\t\t\n\t\t\t\tdata-wp-interactive=\"woocommerce\/product-collection\"\n\t\t\t\tdata-wp-context='{\"productId\":1610}'\n\t\t\t\tdata-wp-key=\"product-item-1610\"\n\t\t\t\n\t\t\t\t>\n\t\t\t\t\t\n<h2 style=\"line-height:1.4; margin-bottom:0.75rem;margin-top:0;\" class=\"has-text-align-center wp-block-post-title has-medium-font-size\"><a data-wp-on--click=\"woocommerce\/product-collection::actions.viewProduct\" href=\"https:\/\/thomasaudio.se\/?product=warm-audio-premiere\" target=\"_self\" >Warm Audio Premiere<\/a><\/h2>\n\n<div data-block-name=\"woocommerce\/product-image\" data-image-sizing=\"thumbnail\" data-is-descendent-of-query-loop=\"true\" data-show-sale-badge=\"false\" class=\"wc-block-components-product-image wc-block-grid__product-image wc-block-components-product-image--aspect-ratio-auto wp-block-woocommerce-product-image\"><a href=\"https:\/\/thomasaudio.se\/?product=warm-audio-premiere\" style=\"\" data-wp-on--click=\"woocommerce\/product-collection::actions.viewProduct\"><img decoding=\"async\" width=\"400\" height=\"325\" src=\"https:\/\/thomasaudio.se\/wp-content\/uploads\/2026\/05\/WM-PREM-XLR-6_1-400x325.jpg\" class=\"attachment-woocommerce_thumbnail size-woocommerce_thumbnail\" alt=\"Warm Audio Premiere\" data-testid=\"product-image\" data-image-id=\"1611\" style=\"object-fit:cover;\" loading=\"lazy\" srcset=\"https:\/\/thomasaudio.se\/wp-content\/uploads\/2026\/05\/WM-PREM-XLR-6_1-400x325.jpg 400w, https:\/\/thomasaudio.se\/wp-content\/uploads\/2026\/05\/WM-PREM-XLR-6_1-768x624.jpg 768w, https:\/\/thomasaudio.se\/wp-content\/uploads\/2026\/05\/WM-PREM-XLR-6_1-300x244.jpg 300w, https:\/\/thomasaudio.se\/wp-content\/uploads\/2026\/05\/WM-PREM-XLR-6_1-850x690.jpg 850w, https:\/\/thomasaudio.se\/wp-content\/uploads\/2026\/05\/WM-PREM-XLR-6_1-600x487.jpg 600w, https:\/\/thomasaudio.se\/wp-content\/uploads\/2026\/05\/WM-PREM-XLR-6_1-64x52.jpg 64w, https:\/\/thomasaudio.se\/wp-content\/uploads\/2026\/05\/WM-PREM-XLR-6_1.jpg 1000w\" sizes=\"auto, (max-width: 400px) 100vw, 400px\" \/><div class=\"wc-block-components-product-image__inner-container\">\n\n<\/div><\/a><\/div>\n\n<div data-block-name=\"woocommerce\/product-price\" data-font-size=\"small\" data-is-descendent-of-query-loop=\"true\" data-text-align=\"center\" class=\"has-font-size has-small-font-size has-text-align-center wp-block-woocommerce-product-price has-small-font-size\" ><div class=\"wc-block-components-product-price wc-block-grid__product-price\" >\n\t\t\t\t\t<span class=\"woocommerce-Price-amount amount\"><bdi>1 320,00&nbsp;<span class=\"woocommerce-Price-currencySymbol\">&#107;&#114;<\/span><\/bdi><\/span>\n\t\t\t\t<\/div><\/div>\n\n<div data-block-name=\"woocommerce\/product-button\" data-font-size=\"small\" data-is-descendent-of-query-loop=\"true\" data-text-align=\"center\" class=\"wp-block-button wc-block-components-product-button   align-center wp-block-woocommerce-product-button has-small-font-size\"\n\t\t\t\t\t\n\t\t\t\t\tdata-wp-context='{\"quantityToAdd\":1,\"productId\":1610,\"productType\":\"simple\",\"addToCartText\":\"L\\u00e4gg till i varukorg\",\"tempQuantity\":0,\"animationStatus\":\"IDLE\",\"inTheCartText\":\"### i varukorgen\",\"noticeId\":\"\",\"hasPressedButton\":false}'\n\t\t\t\t>\n\t\t\t\t\t<a\n\t\t\t\t\t\tclass=\"wp-block-button__link wp-element-button wc-block-components-product-button__button add_to_cart_button product_type_simple has-font-size has-small-font-size has-text-align-center wc-interactive\"\n\t\t\t\t\t\tstyle=\"\"\n\t\t\t\t\t\thref=\"\/index.php?rest_route=%2Fwp%2Fv2%2Fpages%2F5&#038;add-to-cart=1610\" rel=\"nofollow\" data-product_id=\"1610\" data-product_sku=\"\" aria-label=\"L\u00e4gg till i varukorgen: \u201dWarm Audio Premiere\u201d\"\n\t\t\t\t\t\tdata-wp-on--click=\"woocommerce\/product-collection::actions.viewProduct\"\n\t\t\t\t\t>\n\t\t\t\t\t<span >L\u00e4gg till i varukorg<\/span>\n\t\t\t\t\t<\/a>\n\t\t\t\t\t\n\t\t\t\t<\/div>\n\n\t\t\t\t<\/li><li class=\"wc-block-product post-1608 product type-product status-publish has-post-thumbnail product_brand-warm-audio product_cat-hifi product_tag-lagnivakabel product_tag-ljudkabel  instock shipping-taxable purchasable product-type-simple\"\n\t\t\t\t\t\n\t\t\t\tdata-wp-interactive=\"woocommerce\/product-collection\"\n\t\t\t\tdata-wp-context='{\"productId\":1608}'\n\t\t\t\tdata-wp-key=\"product-item-1608\"\n\t\t\t\n\t\t\t\t>\n\t\t\t\t\t\n<h2 style=\"line-height:1.4; margin-bottom:0.75rem;margin-top:0;\" class=\"has-text-align-center wp-block-post-title has-medium-font-size\"><a data-wp-on--click=\"woocommerce\/product-collection::actions.viewProduct\" href=\"https:\/\/thomasaudio.se\/?product=warm-audio-pro\" target=\"_self\" >Warm Audio Pro<\/a><\/h2>\n\n<div data-block-name=\"woocommerce\/product-image\" data-image-sizing=\"thumbnail\" data-is-descendent-of-query-loop=\"true\" data-show-sale-badge=\"false\" class=\"wc-block-components-product-image wc-block-grid__product-image wc-block-components-product-image--aspect-ratio-auto wp-block-woocommerce-product-image\"><a href=\"https:\/\/thomasaudio.se\/?product=warm-audio-pro\" style=\"\" data-wp-on--click=\"woocommerce\/product-collection::actions.viewProduct\"><img decoding=\"async\" width=\"400\" height=\"330\" src=\"https:\/\/thomasaudio.se\/wp-content\/uploads\/2026\/05\/WM-PRO-XLR-3_1-400x330.jpg\" class=\"attachment-woocommerce_thumbnail size-woocommerce_thumbnail\" alt=\"Warm Audio Pro\" data-testid=\"product-image\" data-image-id=\"1609\" style=\"object-fit:cover;\" loading=\"lazy\" srcset=\"https:\/\/thomasaudio.se\/wp-content\/uploads\/2026\/05\/WM-PRO-XLR-3_1-400x330.jpg 400w, https:\/\/thomasaudio.se\/wp-content\/uploads\/2026\/05\/WM-PRO-XLR-3_1-768x634.jpg 768w, https:\/\/thomasaudio.se\/wp-content\/uploads\/2026\/05\/WM-PRO-XLR-3_1-300x248.jpg 300w, https:\/\/thomasaudio.se\/wp-content\/uploads\/2026\/05\/WM-PRO-XLR-3_1-850x701.jpg 850w, https:\/\/thomasaudio.se\/wp-content\/uploads\/2026\/05\/WM-PRO-XLR-3_1-600x495.jpg 600w, https:\/\/thomasaudio.se\/wp-content\/uploads\/2026\/05\/WM-PRO-XLR-3_1-64x53.jpg 64w, https:\/\/thomasaudio.se\/wp-content\/uploads\/2026\/05\/WM-PRO-XLR-3_1.jpg 1000w\" sizes=\"auto, (max-width: 400px) 100vw, 400px\" \/><div class=\"wc-block-components-product-image__inner-container\">\n\n<\/div><\/a><\/div>\n\n<div data-block-name=\"woocommerce\/product-price\" data-font-size=\"small\" data-is-descendent-of-query-loop=\"true\" data-text-align=\"center\" class=\"has-font-size has-small-font-size has-text-align-center wp-block-woocommerce-product-price has-small-font-size\" ><div class=\"wc-block-components-product-price wc-block-grid__product-price\" >\n\t\t\t\t\t<span class=\"woocommerce-Price-amount amount\"><bdi>600,00&nbsp;<span class=\"woocommerce-Price-currencySymbol\">&#107;&#114;<\/span><\/bdi><\/span>\n\t\t\t\t<\/div><\/div>\n\n<div data-block-name=\"woocommerce\/product-button\" data-font-size=\"small\" data-is-descendent-of-query-loop=\"true\" data-text-align=\"center\" class=\"wp-block-button wc-block-components-product-button   align-center wp-block-woocommerce-product-button has-small-font-size\"\n\t\t\t\t\t\n\t\t\t\t\tdata-wp-context='{\"quantityToAdd\":1,\"productId\":1608,\"productType\":\"simple\",\"addToCartText\":\"L\\u00e4gg till i varukorg\",\"tempQuantity\":0,\"animationStatus\":\"IDLE\",\"inTheCartText\":\"### i varukorgen\",\"noticeId\":\"\",\"hasPressedButton\":false}'\n\t\t\t\t>\n\t\t\t\t\t<a\n\t\t\t\t\t\tclass=\"wp-block-button__link wp-element-button wc-block-components-product-button__button add_to_cart_button product_type_simple has-font-size has-small-font-size has-text-align-center wc-interactive\"\n\t\t\t\t\t\tstyle=\"\"\n\t\t\t\t\t\thref=\"\/index.php?rest_route=%2Fwp%2Fv2%2Fpages%2F5&#038;add-to-cart=1608\" rel=\"nofollow\" data-product_id=\"1608\" data-product_sku=\"\" aria-label=\"L\u00e4gg till i varukorgen: \u201dWarm Audio Pro\u201d\"\n\t\t\t\t\t\tdata-wp-on--click=\"woocommerce\/product-collection::actions.viewProduct\"\n\t\t\t\t\t>\n\t\t\t\t\t<span >L\u00e4gg till i varukorg<\/span>\n\t\t\t\t\t<\/a>\n\t\t\t\t\t\n\t\t\t\t<\/div>\n\n\t\t\t\t<\/li><li class=\"wc-block-product post-1596 product type-product status-publish has-post-thumbnail product_brand-beyerdynamic product_cat-hifi product_tag-bygel product_tag-horlurar product_tag-kabel  instock shipping-taxable purchasable product-type-simple\"\n\t\t\t\t\t\n\t\t\t\tdata-wp-interactive=\"woocommerce\/product-collection\"\n\t\t\t\tdata-wp-context='{\"productId\":1596}'\n\t\t\t\tdata-wp-key=\"product-item-1596\"\n\t\t\t\n\t\t\t\t>\n\t\t\t\t\t\n<h2 style=\"line-height:1.4; margin-bottom:0.75rem;margin-top:0;\" class=\"has-text-align-center wp-block-post-title has-medium-font-size\"><a data-wp-on--click=\"woocommerce\/product-collection::actions.viewProduct\" href=\"https:\/\/thomasaudio.se\/?product=beyerdynamic-dt-1770-pro-mkii\" target=\"_self\" >Beyerdynamic DT 1770 Pro MkII<\/a><\/h2>\n\n<div data-block-name=\"woocommerce\/product-image\" data-image-sizing=\"thumbnail\" data-is-descendent-of-query-loop=\"true\" data-show-sale-badge=\"false\" class=\"wc-block-components-product-image wc-block-grid__product-image wc-block-components-product-image--aspect-ratio-auto wp-block-woocommerce-product-image\"><a href=\"https:\/\/thomasaudio.se\/?product=beyerdynamic-dt-1770-pro-mkii\" style=\"\" data-wp-on--click=\"woocommerce\/product-collection::actions.viewProduct\"><img decoding=\"async\" width=\"400\" height=\"400\" src=\"https:\/\/thomasaudio.se\/wp-content\/uploads\/2026\/05\/beyerdynamic-dt-1770-pro-mk-2-perspective-transparent-400x400.png\" class=\"attachment-woocommerce_thumbnail size-woocommerce_thumbnail\" alt=\"Beyerdynamic DT 1770 Pro MkII\" data-testid=\"product-image\" data-image-id=\"1600\" style=\"object-fit:cover;\" loading=\"lazy\" srcset=\"https:\/\/thomasaudio.se\/wp-content\/uploads\/2026\/05\/beyerdynamic-dt-1770-pro-mk-2-perspective-transparent-400x400.png 400w, https:\/\/thomasaudio.se\/wp-content\/uploads\/2026\/05\/beyerdynamic-dt-1770-pro-mk-2-perspective-transparent-1024x1024.png 1024w, https:\/\/thomasaudio.se\/wp-content\/uploads\/2026\/05\/beyerdynamic-dt-1770-pro-mk-2-perspective-transparent-200x200.png 200w, https:\/\/thomasaudio.se\/wp-content\/uploads\/2026\/05\/beyerdynamic-dt-1770-pro-mk-2-perspective-transparent-768x768.png 768w, https:\/\/thomasaudio.se\/wp-content\/uploads\/2026\/05\/beyerdynamic-dt-1770-pro-mk-2-perspective-transparent-300x300.png 300w, https:\/\/thomasaudio.se\/wp-content\/uploads\/2026\/05\/beyerdynamic-dt-1770-pro-mk-2-perspective-transparent-850x850.png 850w, https:\/\/thomasaudio.se\/wp-content\/uploads\/2026\/05\/beyerdynamic-dt-1770-pro-mk-2-perspective-transparent-600x600.png 600w, https:\/\/thomasaudio.se\/wp-content\/uploads\/2026\/05\/beyerdynamic-dt-1770-pro-mk-2-perspective-transparent-100x100.png 100w, https:\/\/thomasaudio.se\/wp-content\/uploads\/2026\/05\/beyerdynamic-dt-1770-pro-mk-2-perspective-transparent-64x64.png 64w, https:\/\/thomasaudio.se\/wp-content\/uploads\/2026\/05\/beyerdynamic-dt-1770-pro-mk-2-perspective-transparent.png 1200w\" sizes=\"auto, (max-width: 400px) 100vw, 400px\" \/><div class=\"wc-block-components-product-image__inner-container\">\n\n<\/div><\/a><\/div>\n\n<div data-block-name=\"woocommerce\/product-price\" data-font-size=\"small\" data-is-descendent-of-query-loop=\"true\" data-text-align=\"center\" class=\"has-font-size has-small-font-size has-text-align-center wp-block-woocommerce-product-price has-small-font-size\" ><div class=\"wc-block-components-product-price wc-block-grid__product-price\" >\n\t\t\t\t\t<span class=\"woocommerce-Price-amount amount\"><bdi>5 790,00&nbsp;<span class=\"woocommerce-Price-currencySymbol\">&#107;&#114;<\/span><\/bdi><\/span>\n\t\t\t\t<\/div><\/div>\n\n<div data-block-name=\"woocommerce\/product-button\" data-font-size=\"small\" data-is-descendent-of-query-loop=\"true\" data-text-align=\"center\" class=\"wp-block-button wc-block-components-product-button   align-center wp-block-woocommerce-product-button has-small-font-size\"\n\t\t\t\t\t\n\t\t\t\t\tdata-wp-context='{\"quantityToAdd\":1,\"productId\":1596,\"productType\":\"simple\",\"addToCartText\":\"L\\u00e4gg till i varukorg\",\"tempQuantity\":0,\"animationStatus\":\"IDLE\",\"inTheCartText\":\"### i varukorgen\",\"noticeId\":\"\",\"hasPressedButton\":false}'\n\t\t\t\t>\n\t\t\t\t\t<a\n\t\t\t\t\t\tclass=\"wp-block-button__link wp-element-button wc-block-components-product-button__button add_to_cart_button product_type_simple has-font-size has-small-font-size has-text-align-center wc-interactive\"\n\t\t\t\t\t\tstyle=\"\"\n\t\t\t\t\t\thref=\"\/index.php?rest_route=%2Fwp%2Fv2%2Fpages%2F5&#038;add-to-cart=1596\" rel=\"nofollow\" data-product_id=\"1596\" data-product_sku=\"\" aria-label=\"L\u00e4gg till i varukorgen: \u201dBeyerdynamic DT 1770 Pro MkII\u201d\"\n\t\t\t\t\t\tdata-wp-on--click=\"woocommerce\/product-collection::actions.viewProduct\"\n\t\t\t\t\t>\n\t\t\t\t\t<span >L\u00e4gg till i varukorg<\/span>\n\t\t\t\t\t<\/a>\n\t\t\t\t\t\n\t\t\t\t<\/div>\n\n\t\t\t\t<\/li><\/ul><\/div>\n\n\n\n<p><\/p>\n","protected":false},"excerpt":{"rendered":"<p>En webbshop med musik fr\u00e5n skivbolag som uppskattas f\u00f6r sin h\u00f6ga ljudkvalitet, ett sortiment best\u00e5ende av musik och HiFi-produkter som jag personligen uppskattar. Antalet produkter \u00e4r mindre, men omsorgsfullt utvalda.Thomas Bergman<\/p>\n","protected":false},"author":1,"featured_media":0,"parent":0,"menu_order":0,"comment_status":"closed","ping_status":"open","template":"","meta":{"footnotes":""},"class_list":["post-5","page","type-page","status-publish","hentry"],"_links":{"self":[{"href":"https:\/\/thomasaudio.se\/index.php?rest_route=\/wp\/v2\/pages\/5","targetHints":{"allow":["GET"]}}],"collection":[{"href":"https:\/\/thomasaudio.se\/index.php?rest_route=\/wp\/v2\/pages"}],"about":[{"href":"https:\/\/thomasaudio.se\/index.php?rest_route=\/wp\/v2\/types\/page"}],"author":[{"embeddable":true,"href":"https:\/\/thomasaudio.se\/index.php?rest_route=\/wp\/v2\/users\/1"}],"replies":[{"embeddable":true,"href":"https:\/\/thomasaudio.se\/index.php?rest_route=%2Fwp%2Fv2%2Fcomments&post=5"}],"version-history":[{"count":18,"href":"https:\/\/thomasaudio.se\/index.php?rest_route=\/wp\/v2\/pages\/5\/revisions"}],"predecessor-version":[{"id":1615,"href":"https:\/\/thomasaudio.se\/index.php?rest_route=\/wp\/v2\/pages\/5\/revisions\/1615"}],"wp:attachment":[{"href":"https:\/\/thomasaudio.se\/index.php?rest_route=%2Fwp%2Fv2%2Fmedia&parent=5"}],"curies":[{"name":"wp","href":"https:\/\/api.w.org\/{rel}","templated":true}]}}