{"id":451,"date":"2026-02-22T16:54:01","date_gmt":"2026-02-22T16:54:01","guid":{"rendered":"https:\/\/thomasaudio.se\/?page_id=451"},"modified":"2026-02-22T16:54:31","modified_gmt":"2026-02-22T16:54:31","slug":"villkor","status":"publish","type":"page","link":"https:\/\/thomasaudio.se\/?page_id=451","title":{"rendered":"Villkor"},"content":{"rendered":"\n<p>G\u00e4ller fr.o.m 2026-02-01<br>K\u00f6p- och Leveransvillkor.<\/p>\n\n\n\n<ol class=\"wp-block-list\">\n<li>Allm\u00e4nt<br>F\u00f6ljande villkor g\u00e4ller vid kundk\u00f6p i webbutiken Thomas Audio.<br>i Sverige via internet till part (nedan kallad kund) som ing\u00e5tt<br>K\u00f6p via Swish eller BankDirekt (kontotransaktion)<br>1.1 Version<br>Villkoren g\u00e4ller i den version som f\u00f6religger vid best\u00e4llningstillf\u00e4llet.<br>1.2 K\u00f6peavtal<br>Bindande k\u00f6peavtal uppkommer f\u00f6rst sedan Thomas Audio per e-post <br>bekr\u00e4ftat best\u00e4llningen.<\/li>\n\n\n\n<li>Pris<br>2.1 G\u00e4llande pris<br>G\u00e4llande pris \u00e4r det pris som finns angivet i anslutning till presenterad vara <br>p\u00e5 aktuell best\u00e4llningssida, dagen f\u00f6r best\u00e4llningen. Alla priser \u00e4r inklusive moms.<br>2.2 G\u00e4llande frakt. <br>Fri frakt g\u00e4ller vid k\u00f6p av samtliga varor i webbutiken.<\/li>\n\n\n\n<li>Betalningsvillkor<br>3.1 Betalningsalternativ<br>Betalning ska ske via Swish eller Banktransaktion.<\/li>\n\n\n\n<li>Leverans<br>4.1 Leveranstid<br>Normal leveranstid \u00e4r upp till 10 arbetsdagar inom Sverige. Men kan oftast ske snabbare.<br>4.2 Leveranss\u00e4tt<br>Varorna skickas via Post Nord.<br>4.3 Transport<br>Vid transport fr\u00e5n PostNord till kund \u00e4r PostNord ansvarig om varan skadas eller<br>kommer bort under transporten. Vid transport fr\u00e5n kund till PostNord \u00e4r kund<br>ansvarig om varan skadas eller kommer bort under transporten.<br>4.4 \u00c5ngerr\u00e4tt\/retur<br>Kund har r\u00e4tt att \u00e5ngra sitt k\u00f6p av vara och tj\u00e4nst inom 14 dagar. <br>\u00c5ngerfristen b\u00f6rjar l\u00f6pa fr\u00e5n den dag d\u00e5 kunden tog<br>emot varan. Om kunden vill ut\u00f6va sin \u00e5ngerr\u00e4tt skall kunden p\u00e5 ett klart<br>och tydligt s\u00e4tt meddela Thomas Audio sitt beslut att fr\u00e5ntr\u00e4da avtalet <br>inom \u00e5ngerfristen. Kontakta Thomas Audio s\u00e5 snart som m\u00f6jligt.<\/li>\n\n\n\n<li>Reklamation<br>Vid leverans av felaktig eller defekt vara skall kunden genast reklamera<br>detta till Post Nords kundservice och d\u00e4rvid ange felet. G\u00e4ller reklamationen <br>ett fabrikationsfel kontaktas Thomas Audio. En legitimerad servicefirma unders\u00f6ker <br>felet och lagar eller konstateras inget fel \u00e5terl\u00e4mnas produkten till kund.<br>6.1 Tvist<br>Uppkommer tvist ska parterna i f\u00f6rsta hand f\u00f6rs\u00f6ka l\u00f6sa denna genom en<br>frivillig \u00f6verenskommelse. Kan parterna inte enas ska tvisten pr\u00f6vas i allm\u00e4n domstol.<\/li>\n\n\n\n<li>\u00d6vrigt<br>7.1 Meddelande<br>Alla meddelanden mellan parterna f\u00f6rut s\u00e4tts ske med e-post f\u00f6r dokumentation.<\/li>\n\n\n\n<li>Kundservice<br>Kundservice svarar p\u00e5 alla fr\u00e5gor om webbutikens utbud.<br>Telefon 0763-094900, e-post info@thomasaudio.se<\/li>\n<\/ol>\n","protected":false},"excerpt":{"rendered":"<p>G\u00e4ller fr.o.m 2026-02-01K\u00f6p- och Leveransvillkor.<\/p>\n","protected":false},"author":1,"featured_media":0,"parent":0,"menu_order":0,"comment_status":"closed","ping_status":"closed","template":"","meta":{"footnotes":""},"class_list":["post-451","page","type-page","status-publish","hentry"],"_links":{"self":[{"href":"https:\/\/thomasaudio.se\/index.php?rest_route=\/wp\/v2\/pages\/451","targetHints":{"allow":["GET"]}}],"collection":[{"href":"https:\/\/thomasaudio.se\/index.php?rest_route=\/wp\/v2\/pages"}],"about":[{"href":"https:\/\/thomasaudio.se\/index.php?rest_route=\/wp\/v2\/types\/page"}],"author":[{"embeddable":true,"href":"https:\/\/thomasaudio.se\/index.php?rest_route=\/wp\/v2\/users\/1"}],"replies":[{"embeddable":true,"href":"https:\/\/thomasaudio.se\/index.php?rest_route=%2Fwp%2Fv2%2Fcomments&post=451"}],"version-history":[{"count":0,"href":"https:\/\/thomasaudio.se\/index.php?rest_route=\/wp\/v2\/pages\/451\/revisions"}],"wp:attachment":[{"href":"https:\/\/thomasaudio.se\/index.php?rest_route=%2Fwp%2Fv2%2Fmedia&parent=451"}],"curies":[{"name":"wp","href":"https:\/\/api.w.org\/{rel}","templated":true}]}}