{"id":413,"date":"2026-02-21T15:35:00","date_gmt":"2026-02-21T15:35:00","guid":{"rendered":"https:\/\/thomasaudio.se\/?page_id=413"},"modified":"2026-04-26T09:15:42","modified_gmt":"2026-04-26T09:15:42","slug":"webbkarta","status":"publish","type":"page","link":"https:\/\/thomasaudio.se\/?page_id=413","title":{"rendered":"Sortering"},"content":{"rendered":"<form role=\"search\" method=\"get\" action=\"https:\/\/thomasaudio.se\/\" class=\"wp-block-search__button-outside wp-block-search__text-button aligncenter wp-block-search\"    ><label class=\"wp-block-search__label\" for=\"wp-block-search__input-1\" >S\u00f6k<\/label><div class=\"wp-block-search__inside-wrapper\" ><input class=\"wp-block-search__input\" id=\"wp-block-search__input-1\" placeholder=\"S\u00f6k i webbshopen\" value=\"\" type=\"search\" name=\"s\" required \/><input type=\"hidden\" name=\"post_type\" value=\"product\" \/><button aria-label=\"S\u00f6k\" class=\"wp-block-search__button wp-element-button\" type=\"submit\" >S\u00f6k<\/button><\/div><\/form>\n\n\n<figure class=\"wp-block-table\"><table class=\"has-fixed-layout\"><tbody><tr><td><strong><a href=\"https:\/\/thomasaudio.se\/produkt-kategori\/album\/\" data-type=\"link\" data-id=\"https:\/\/thomasaudio.se\/produkt-kategori\/album\/\">Album<\/a><\/strong> (alla)<\/td><\/tr><tr><td><a href=\"https:\/\/thomasaudio.se\/produktetikett\/a-capella\/\" data-type=\"link\" data-id=\"https:\/\/thomasaudio.se\/produktetikett\/a-capella\/\">A Cappella<\/a><\/td><\/tr><tr><td><a href=\"https:\/\/thomasaudio.se\/produktetikett\/bluray-audio\/\" data-type=\"link\" data-id=\"https:\/\/thomasaudio.se\/produktetikett\/bluray-audio\/\">Blu-ray audio<\/a><\/td><\/tr><tr><td><a href=\"https:\/\/thomasaudio.se\/produktetikett\/bluray-video\/\" data-type=\"link\" data-id=\"https:\/\/thomasaudio.se\/produktetikett\/bluray-video\/\">Blu-ray video<\/a><\/td><\/tr><tr><td><a href=\"https:\/\/thomasaudio.se\/produktetikett\/cd\/\" data-type=\"link\" data-id=\"https:\/\/thomasaudio.se\/produktetikett\/cd\/\">CD<\/a><\/td><\/tr><tr><td><a href=\"https:\/\/thomasaudio.se\/produktetikett\/dvd\/\" data-type=\"link\" data-id=\"https:\/\/thomasaudio.se\/produktetikett\/dvd\/\">DVD<\/a><\/td><\/tr><tr><td><a href=\"https:\/\/thomasaudio.se\/produktetikett\/jazz\/\" data-type=\"link\" data-id=\"https:\/\/thomasaudio.se\/produktetikett\/jazz\/\">Jazz<\/a><\/td><\/tr><tr><td><a href=\"https:\/\/thomasaudio.se\/produktetikett\/jazz-pop\/\" data-type=\"link\" data-id=\"https:\/\/thomasaudio.se\/produktetikett\/jazz-pop\/\">Jazz-pop<\/a><\/td><\/tr><tr><td><a href=\"https:\/\/thomasaudio.se\/produktetikett\/dokumentar\/\" data-type=\"link\" data-id=\"https:\/\/thomasaudio.se\/produktetikett\/dokumentar\/\">Dokument\u00e4r<\/a><\/td><\/tr><tr><td><a href=\"https:\/\/thomasaudio.se\/produktetikett\/klassiskt\/\" data-type=\"link\" data-id=\"https:\/\/thomasaudio.se\/produktetikett\/klassiskt\/\">Klassiskt<\/a><\/td><\/tr><tr><td><a href=\"https:\/\/thomasaudio.se\/produktetikett\/kor\/\" data-type=\"link\" data-id=\"https:\/\/thomasaudio.se\/produktetikett\/kor\/\">K\u00f6r<\/a><\/td><\/tr><tr><td><a href=\"https:\/\/thomasaudio.se\/produktetikett\/nutida-instrumentellt\/\" data-type=\"link\" data-id=\"https:\/\/thomasaudio.se\/produktetikett\/nutida-instrumentellt\/\">Nutida instrumentellt<\/a><\/td><\/tr><tr><td><a href=\"https:\/\/thomasaudio.se\/produktetikett\/pop-rock\/\" data-type=\"link\" data-id=\"https:\/\/thomasaudio.se\/produktetikett\/pop-rock\/\">Pop \/ Rock<\/a><\/td><\/tr><tr><td><a href=\"https:\/\/thomasaudio.se\/produktetikett\/sacd\/\" data-type=\"link\" data-id=\"https:\/\/thomasaudio.se\/produktetikett\/sacd\/\">SACD-hybrid<\/a><\/td><\/tr><tr><td><a href=\"https:\/\/thomasaudio.se\/produktetikett\/upplevelsemusik\/\" data-type=\"link\" data-id=\"https:\/\/thomasaudio.se\/produktetikett\/upplevelsemusik\/\">Upplevelsemusik<\/a> <\/td><\/tr><\/tbody><\/table><\/figure>\n\n\n\n<figure class=\"wp-block-table\"><table class=\"has-fixed-layout\"><tbody><tr><td><strong>Skivbolag<\/strong><\/td><\/tr><tr><td><a href=\"https:\/\/thomasaudio.se\/varum\u00e4rke\/2l\/\" data-type=\"link\" data-id=\"https:\/\/thomasaudio.se\/varum\u00e4rke\/2l\/\">2L<\/a><\/td><\/tr><tr><td><a href=\"https:\/\/thomasaudio.se\/varum\u00e4rke\/alpha-classics\/\" data-type=\"link\" data-id=\"https:\/\/thomasaudio.se\/varum\u00e4rke\/alpha-classics\/\">Alpha Classics<\/a><\/td><\/tr><tr><td><a href=\"https:\/\/thomasaudio.se\/varum\u00e4rke\/accentus-music\/\" data-type=\"link\" data-id=\"https:\/\/thomasaudio.se\/varum\u00e4rke\/accentus-music\/\">Accentus Music<\/a><\/td><\/tr><tr><td><a href=\"https:\/\/thomasaudio.se\/varum\u00e4rke\/act\/\" data-type=\"link\" data-id=\"https:\/\/thomasaudio.se\/varum\u00e4rke\/act\/\">ACT<\/a><\/td><\/tr><tr><td><a href=\"https:\/\/thomasaudio.se\/varum\u00e4rke\/arc-music\/\" data-type=\"link\" data-id=\"https:\/\/thomasaudio.se\/varum\u00e4rke\/arc-music\/\">ARC Music<\/a><\/td><\/tr><tr><td><a href=\"https:\/\/thomasaudio.se\/varum\u00e4rke\/artistry-music\/\" data-type=\"link\" data-id=\"https:\/\/thomasaudio.se\/varum\u00e4rke\/artistry-music\/\">Artistry Music<\/a><\/td><\/tr><tr><td><a href=\"https:\/\/thomasaudio.se\/varum\u00e4rke\/bis\/\" data-type=\"link\" data-id=\"https:\/\/thomasaudio.se\/varum\u00e4rke\/bis\/\">BIS<\/a><\/td><\/tr><tr><td><a href=\"https:\/\/thomasaudio.se\/varum%C3%A4rke\/brilliant-classics\/\" data-type=\"link\" data-id=\"https:\/\/thomasaudio.se\/varum%C3%A4rke\/brilliant-classics\/\">Brilliant Classics<\/a><\/td><\/tr><tr><td><a href=\"https:\/\/thomasaudio.se\/varum\u00e4rke\/carus-recordings\/\" data-type=\"link\" data-id=\"https:\/\/thomasaudio.se\/varum\u00e4rke\/carus-recordings\/\">Carus Recordings<\/a><\/td><\/tr><tr><td><a href=\"https:\/\/thomasaudio.se\/varum%C3%A4rke\/c-major\/\" data-type=\"link\" data-id=\"https:\/\/thomasaudio.se\/varum%C3%A4rke\/c-major\/\">C Major<\/a><\/td><\/tr><tr><td><a href=\"https:\/\/thomasaudio.se\/varum\u00e4rke\/dorian\/\" data-type=\"link\" data-id=\"https:\/\/thomasaudio.se\/varum\u00e4rke\/dorian\/\">Dorian<\/a><\/td><\/tr><tr><td><a href=\"https:\/\/thomasaudio.se\/varum\u00e4rke\/ecm\/\" data-type=\"link\" data-id=\"https:\/\/thomasaudio.se\/varum\u00e4rke\/ecm\/\">ecm<\/a><\/td><\/tr><tr><td><a href=\"https:\/\/thomasaudio.se\/varum%C3%A4rke\/intakt-records\/\" data-type=\"link\" data-id=\"https:\/\/thomasaudio.se\/varum%C3%A4rke\/intakt-records\/\">Intakt Records<\/a><\/td><\/tr><tr><td><a href=\"https:\/\/thomasaudio.se\/varum%C3%A4rke\/kakafon-records\/\" data-type=\"link\" data-id=\"https:\/\/thomasaudio.se\/varum%C3%A4rke\/kakafon-records\/\">Kakafon Records<\/a><\/td><\/tr><tr><td><a href=\"https:\/\/thomasaudio.se\/varum%C3%A4rke\/kkv\/\" data-type=\"link\" data-id=\"https:\/\/thomasaudio.se\/varum%C3%A4rke\/kkv\/\">KKV<\/a><\/td><\/tr><tr><td><a href=\"https:\/\/thomasaudio.se\/lindberg-lyd-the-nordic-sound-of-2l\/\" data-type=\"link\" data-id=\"https:\/\/thomasaudio.se\/lindberg-lyd-the-nordic-sound-of-2l\/\">Lindberg lyd<\/a><\/td><\/tr><tr><td><a href=\"https:\/\/thomasaudio.se\/varum\u00e4rke\/linn-records\/\" data-type=\"link\" data-id=\"https:\/\/thomasaudio.se\/varum\u00e4rke\/linn-records\/\">Linn Records<\/a><\/td><\/tr><tr><td><a href=\"https:\/\/thomasaudio.se\/varum%C3%A4rke\/naxos\/\" data-type=\"link\" data-id=\"https:\/\/thomasaudio.se\/varum%C3%A4rke\/naxos\/\">Naxos<\/a><\/td><\/tr><tr><td><a href=\"https:\/\/thomasaudio.se\/varum%C3%A4rke\/neue-meister-musik\/\" data-type=\"link\" data-id=\"https:\/\/thomasaudio.se\/varum%C3%A4rke\/neue-meister-musik\/\">Neue Meister Musik<\/a><\/td><\/tr><tr><td><a href=\"https:\/\/thomasaudio.se\/varum\u00e4rke\/nxn-recordings\/\" data-type=\"link\" data-id=\"https:\/\/thomasaudio.se\/varum\u00e4rke\/nxn-recordings\/\">NXN Recordings<\/a><\/td><\/tr><tr><td><a href=\"https:\/\/thomasaudio.se\/varum\u00e4rke\/ondine\/\" data-type=\"link\" data-id=\"https:\/\/thomasaudio.se\/varum\u00e4rke\/ondine\/\">Odine<\/a><\/td><\/tr><tr><td><a href=\"https:\/\/thomasaudio.se\/varum\u00e4rke\/opus-arte\/\" data-type=\"link\" data-id=\"https:\/\/thomasaudio.se\/varum\u00e4rke\/opus-arte\/\">Opus Arte<\/a><\/td><\/tr><tr><td><a href=\"https:\/\/thomasaudio.se\/varum%C3%A4rke\/outnote\/\" data-type=\"link\" data-id=\"https:\/\/thomasaudio.se\/varum%C3%A4rke\/outnote\/\">Outnote<\/a><\/td><\/tr><tr><td><a href=\"https:\/\/thomasaudio.se\/varum\u00e4rke\/outthere-music\/\" data-type=\"link\" data-id=\"https:\/\/thomasaudio.se\/varum\u00e4rke\/outthere-music\/\">Outthere Music<\/a><\/td><\/tr><tr><td><a href=\"https:\/\/thomasaudio.se\/varum\u00e4rke\/pentatone\/\" data-type=\"link\" data-id=\"https:\/\/thomasaudio.se\/varum\u00e4rke\/pentatone\/\">Pentatone<\/a><\/td><\/tr><tr><td><a href=\"https:\/\/thomasaudio.se\/varum\u00e4rke\/prophone\/\" data-type=\"link\" data-id=\"https:\/\/thomasaudio.se\/varum\u00e4rke\/prophone\/\">Prophone<\/a><\/td><\/tr><tr><td><a href=\"https:\/\/thomasaudio.se\/varum%C3%A4rke\/proprius\/\" data-type=\"link\" data-id=\"https:\/\/thomasaudio.se\/varum%C3%A4rke\/proprius\/\">Proprius<\/a><\/td><\/tr><tr><td><a href=\"https:\/\/thomasaudio.se\/varum%C3%A4rke\/quartz\/\" data-type=\"link\" data-id=\"https:\/\/thomasaudio.se\/varum%C3%A4rke\/quartz\/\">Quqrtz<\/a><\/td><\/tr><tr><td><a href=\"https:\/\/thomasaudio.se\/varum\u00e4rke\/signum\/\" data-type=\"link\" data-id=\"https:\/\/thomasaudio.se\/varum\u00e4rke\/signum\/\">Signum<\/a><\/td><\/tr><tr><td><a href=\"https:\/\/thomasaudio.se\/varum\u00e4rke\/sono-luminus\/\" data-type=\"link\" data-id=\"https:\/\/thomasaudio.se\/varum\u00e4rke\/sono-luminus\/\">Sono Luminus<\/a><\/td><\/tr><tr><td><a href=\"https:\/\/thomasaudio.se\/varum%C3%A4rke\/sterling-records\/\" data-type=\"link\" data-id=\"https:\/\/thomasaudio.se\/varum%C3%A4rke\/sterling-records\/\">Sterling Records<\/a><\/td><\/tr><tr><td><a href=\"https:\/\/thomasaudio.se\/varum\u00e4rke\/stockfisch\/\" data-type=\"link\" data-id=\"https:\/\/thomasaudio.se\/varum\u00e4rke\/stockfisch\/\">Stockfisch<\/a><\/td><\/tr><tr><td><a href=\"https:\/\/thomasaudio.se\/varum%C3%A4rke\/swedish-society\/\" data-type=\"link\" data-id=\"https:\/\/thomasaudio.se\/varum%C3%A4rke\/swedish-society\/\">Swedish Society<\/a><\/td><\/tr><tr><td><a href=\"https:\/\/thomasaudio.se\/varum\u00e4rke\/swr-classic\/\" data-type=\"link\" data-id=\"https:\/\/thomasaudio.se\/varum\u00e4rke\/swr-classic\/\">SWR Classics<\/a><\/td><\/tr><tr><td><a href=\"https:\/\/thomasaudio.se\/produkt\/pontus-j-back-gospel-express\/\" data-type=\"link\" data-id=\"https:\/\/thomasaudio.se\/produkt\/pontus-j-back-gospel-express\/\">Talking Music<\/a><\/td><\/tr><tr><td><a href=\"https:\/\/thomasaudio.se\/varum\u00e4rke\/zebra-art\/\" data-type=\"link\" data-id=\"https:\/\/thomasaudio.se\/varum\u00e4rke\/zebra-art\/\">Zebra Art<\/a><\/td><\/tr><\/tbody><\/table><\/figure>\n\n\n\n<figure class=\"wp-block-table\"><table class=\"has-fixed-layout\"><tbody><tr><td><strong>HiFi<\/strong><\/td><td><\/td><\/tr><tr><td><strong><a href=\"https:\/\/thomasaudio.se\/produktetikett\/forstarkare\/\" data-type=\"link\" data-id=\"https:\/\/thomasaudio.se\/produktetikett\/forstarkare\/\">F\u00f6rst\u00e4rkare<\/a>:<\/strong> <\/td><td><a href=\"https:\/\/thomasaudio.se\/produktetikett\/pre-amp\/\" data-type=\"link\" data-id=\"https:\/\/thomasaudio.se\/produktetikett\/pre-amp\/\">F\u00f6rsteg<\/a> <\/td><\/tr><tr><td><\/td><td><a href=\"https:\/\/thomasaudio.se\/produktetikett\/slutsteg\/\" data-type=\"link\" data-id=\"https:\/\/thomasaudio.se\/produktetikett\/slutsteg\/\">Slutsteg<\/a> <\/td><\/tr><tr><td><\/td><td><a href=\"https:\/\/thomasaudio.se\/produktetikett\/integrerad\/\" data-type=\"link\" data-id=\"https:\/\/thomasaudio.se\/produktetikett\/integrerad\/\">Integrerad<\/a><\/td><\/tr><tr><td><\/td><td><a href=\"https:\/\/thomasaudio.se\/produktetikett\/horlursforstarkare\/\" data-type=\"link\" data-id=\"https:\/\/thomasaudio.se\/produktetikett\/horlursforstarkare\/\">H\u00f6rlursf\u00f6rst\u00e4rkare<\/a> <\/td><\/tr><tr><td><\/td><td><a href=\"https:\/\/thomasaudio.se\/produktetikett\/riaa\/\" data-type=\"link\" data-id=\"https:\/\/thomasaudio.se\/produktetikett\/riaa\/\">Phonof\u00f6rst\u00e4rkare<\/a> <mark style=\"background-color:rgba(0, 0, 0, 0);color:#7f818c\" class=\"has-inline-color\">(pickupf\u00f6rst\u00e4rkare)<\/mark><\/td><\/tr><tr><td><\/td><td><\/td><\/tr><tr><td><a href=\"https:\/\/thomasaudio.se\/produktetikett\/hogtalare\/\" data-type=\"link\" data-id=\"https:\/\/thomasaudio.se\/produktetikett\/hogtalare\/\"><strong>H\u00f6gtalare<\/strong><\/a><\/td><td><a href=\"https:\/\/thomasaudio.se\/produktetikett\/golvmodell\/\" data-type=\"link\" data-id=\"https:\/\/thomasaudio.se\/produktetikett\/golvmodell\/\">Golvmodell<\/a><\/td><\/tr><tr><td><\/td><td><\/td><\/tr><tr><td><strong><a href=\"https:\/\/thomasaudio.se\/produktetikett\/omvandlare\/\" data-type=\"link\" data-id=\"https:\/\/thomasaudio.se\/produktetikett\/omvandlare\/\">Omvandlare<\/a>:<\/strong> <\/td><td><a href=\"https:\/\/thomasaudio.se\/produktetikett\/dac\/\" data-type=\"link\" data-id=\"https:\/\/thomasaudio.se\/produktetikett\/dac\/\">DAC<\/a> <\/td><\/tr><tr><td><\/td><td><a href=\"https:\/\/thomasaudio.se\/produktetikett\/adc\/\" data-type=\"link\" data-id=\"https:\/\/thomasaudio.se\/produktetikett\/adc\/\">ADC<\/a> <\/td><\/tr><tr><td><\/td><td><\/td><\/tr><tr><td><strong><a href=\"https:\/\/thomasaudio.se\/produktetikett\/horlurar\/\" data-type=\"link\" data-id=\"https:\/\/thomasaudio.se\/produktetikett\/horlurar\/\">H\u00f6rlurar<\/a>: <\/strong><\/td><td><a href=\"https:\/\/thomasaudio.se\/produktetikett\/bygel\/\" data-type=\"link\" data-id=\"https:\/\/thomasaudio.se\/produktetikett\/bygel\/\">Bygel<\/a> <\/td><\/tr><tr><td><\/td><td><a href=\"https:\/\/thomasaudio.se\/produktetikett\/in-ear\/\" data-type=\"link\" data-id=\"https:\/\/thomasaudio.se\/produktetikett\/in-ear\/\">In-ear<\/a> <mark style=\"background-color:rgba(0, 0, 0, 0);color:#7f818c\" class=\"has-inline-color\">(airpods)<\/mark><\/td><\/tr><tr><td><\/td><td><a href=\"https:\/\/thomasaudio.se\/produktetikett\/kabel\/\" data-type=\"link\" data-id=\"https:\/\/thomasaudio.se\/produktetikett\/kabel\/\">Kabel<\/a><\/td><\/tr><tr><td><\/td><td><a href=\"https:\/\/thomasaudio.se\/produktetikett\/bluetooth\/\" data-type=\"link\" data-id=\"https:\/\/thomasaudio.se\/produktetikett\/bluetooth\/\">Bluetooth<\/a> <\/td><\/tr><tr><td><\/td><td><a href=\"https:\/\/thomasaudio.se\/produktetikett\/horlursstall\/\" data-type=\"link\" data-id=\"https:\/\/thomasaudio.se\/produktetikett\/horlursstall\/\">H\u00f6rlursst\u00e4ll<\/a> <mark style=\"background-color:rgba(0, 0, 0, 0);color:#7f818c\" class=\"has-inline-color\">(inkl skyddande \u00f6verdrag av bomull)<\/mark><\/td><\/tr><tr><td><\/td><td><\/td><\/tr><tr><td><strong><a href=\"https:\/\/thomasaudio.se\/produktetikett\/spelare\/\" data-type=\"link\" data-id=\"https:\/\/thomasaudio.se\/produktetikett\/spelare\/\">Spelare<\/a>:<\/strong> <\/td><td><a href=\"https:\/\/thomasaudio.se\/produktetikett\/skivspelare\/\" data-type=\"link\" data-id=\"https:\/\/thomasaudio.se\/produktetikett\/skivspelare\/\">Skivspelare<\/a> <\/td><\/tr><tr><td><\/td><td><a href=\"https:\/\/thomasaudio.se\/produktetikett\/streamer\/\" data-type=\"link\" data-id=\"https:\/\/thomasaudio.se\/produktetikett\/streamer\/\">Streamer<\/a> <\/td><\/tr><tr><td><\/td><td><a href=\"https:\/\/thomasaudio.se\/produktetikett\/cd-spelare\/\" data-type=\"link\" data-id=\"https:\/\/thomasaudio.se\/produktetikett\/cd-spelare\/\">CD-spelare<\/a> <\/td><\/tr><tr><td><\/td><td><a href=\"https:\/\/thomasaudio.se\/produktetikett\/hdcd-cd-spelare\/\" data-type=\"link\" data-id=\"https:\/\/thomasaudio.se\/produktetikett\/hdcd-cd-spelare\/\">HDCD-CD-spelare<\/a> <\/td><\/tr><tr><td><\/td><td><a href=\"https:\/\/thomasaudio.se\/produktetikett\/blu-rayspelare\/\" data-type=\"link\" data-id=\"https:\/\/thomasaudio.se\/produktetikett\/blu-rayspelare\/\">Bluray-spelare<\/a> <mark style=\"background-color:rgba(0, 0, 0, 0);color:#7f818c\" class=\"has-inline-color\">(multispelare)<\/mark><\/td><\/tr><tr><td><\/td><td><\/td><\/tr><tr><td><strong><a href=\"https:\/\/thomasaudio.se\/produktetikett\/pickuper\/\" data-type=\"link\" data-id=\"https:\/\/thomasaudio.se\/produktetikett\/pickuper\/\">Pickuper:<\/a><\/strong> <\/td><td><a href=\"https:\/\/thomasaudio.se\/produktetikett\/mm\/\" data-type=\"link\" data-id=\"https:\/\/thomasaudio.se\/produktetikett\/mm\/\">MM<\/a> <\/td><\/tr><tr><td><\/td><td><a href=\"https:\/\/thomasaudio.se\/produktetikett\/mc\/\" data-type=\"link\" data-id=\"https:\/\/thomasaudio.se\/produktetikett\/mc\/\">MC<\/a><\/td><\/tr><tr><td><\/td><td><\/td><\/tr><tr><td><strong><a href=\"https:\/\/thomasaudio.se\/produktetikett\/kablar\/\" data-type=\"link\" data-id=\"https:\/\/thomasaudio.se\/produktetikett\/kablar\/\">Kablar:<\/a><\/strong><\/td><td><a href=\"https:\/\/thomasaudio.se\/produktetikett\/lagnivakabel\/\" data-type=\"link\" data-id=\"https:\/\/thomasaudio.se\/produktetikett\/lagnivakabel\/\">L\u00e5gniv\u00e5kabel<\/a> <mark style=\"background-color:rgba(0, 0, 0, 0);color:#7f818c\" class=\"has-inline-color\">(signalkabel; XLR, RCA, S\/Pdif, 3,5 mm etc.)<\/mark><\/td><\/tr><tr><td><\/td><td><a href=\"https:\/\/thomasaudio.se\/produktetikett\/hogtalarkabel\/\" data-type=\"link\" data-id=\"https:\/\/thomasaudio.se\/produktetikett\/hogtalarkabel\/\">H\u00f6gtalarkabel<\/a> <\/td><\/tr><tr><td><\/td><td><a href=\"https:\/\/thomasaudio.se\/produktetikett\/horlurskabel\/\" data-type=\"link\" data-id=\"https:\/\/thomasaudio.se\/produktetikett\/horlurskabel\/\">H\u00f6rlurskabel<\/a><\/td><\/tr><tr><td><\/td><td><a href=\"https:\/\/thomasaudio.se\/produktetikett\/usb-kabel\/\" data-type=\"link\" data-id=\"https:\/\/thomasaudio.se\/produktetikett\/usb-kabel\/\">USB-kabel<\/a> <\/td><\/tr><tr><td><\/td><td><a href=\"https:\/\/thomasaudio.se\/produktetikett\/stromkabel\/\" data-type=\"link\" data-id=\"https:\/\/thomasaudio.se\/produktetikett\/stromkabel\/\">Str\u00f6mkabel<\/a> <\/td><\/tr><tr><td><\/td><td><a href=\"https:\/\/thomasaudio.se\/produktetikett\/stromlist\/\" data-type=\"link\" data-id=\"https:\/\/thomasaudio.se\/produktetikett\/stromlist\/\">Str\u00f6mlist<\/a> <\/td><\/tr><tr><td><\/td><td><\/td><\/tr><tr><td><strong><a href=\"https:\/\/thomasaudio.se\/produktetikett\/adaptet\/\" data-type=\"link\" data-id=\"https:\/\/thomasaudio.se\/produktetikett\/adaptet\/\">Adapter<\/a>:<\/strong> <\/td><td><a href=\"https:\/\/thomasaudio.se\/produktetikett\/stromadapter\/\" data-type=\"link\" data-id=\"https:\/\/thomasaudio.se\/produktetikett\/stromadapter\/\">Str\u00f6madapter<\/a> <\/td><\/tr><tr><td><\/td><td><a href=\"https:\/\/thomasaudio.se\/produktetikett\/adapterkabel\/\" data-type=\"link\" data-id=\"https:\/\/thomasaudio.se\/produktetikett\/adapterkabel\/\">Adapterkabel<\/a> <\/td><\/tr><tr><td><\/td><td><\/td><\/tr><tr><td><strong><a href=\"https:\/\/thomasaudio.se\/produktetikett\/kringutrustning\/\" data-type=\"link\" data-id=\"https:\/\/thomasaudio.se\/produktetikett\/kringutrustning\/\">Kringutrustning<\/a>:<\/strong> <\/td><td><a href=\"https:\/\/thomasaudio.se\/produktetikett\/mc-generator\/\" data-type=\"link\" data-id=\"https:\/\/thomasaudio.se\/produktetikett\/mc-generator\/\">MC-generator<\/a> <\/td><\/tr><tr><td><\/td><td><a href=\"https:\/\/thomasaudio.se\/produktetikett\/skivtallriksplatta\/\" data-type=\"link\" data-id=\"https:\/\/thomasaudio.se\/produktetikett\/skivtallriksplatta\/\">Skivtallriksplatta<\/a> <mark style=\"background-color:rgba(0, 0, 0, 0);color:#7f818c\" class=\"has-inline-color\">(b\u00e4ttre \u00e4n filt, kork etc.)<\/mark><\/td><\/tr><tr><td><\/td><td><a href=\"https:\/\/thomasaudio.se\/produktetikett\/vinylpolering\/\" data-type=\"link\" data-id=\"https:\/\/thomasaudio.se\/produktetikett\/vinylpolering\/\">Vinylpolish<\/a> <\/td><\/tr><tr><td><\/td><td><a href=\"https:\/\/thomasaudio.se\/produktetikett\/lan\/\" data-type=\"link\" data-id=\"https:\/\/thomasaudio.se\/produktetikett\/lan\/\">LAN<\/a> <\/td><\/tr><tr><td><\/td><td><a href=\"https:\/\/thomasaudio.se\/produktetikett\/nalvag\/\" data-type=\"link\" data-id=\"https:\/\/thomasaudio.se\/produktetikett\/nalvag\/\">N\u00e5lv\u00e5g<\/a><\/td><\/tr><tr><td><\/td><td><a href=\"https:\/\/thomasaudio.se\/produktetikett\/ljudforbattring\/\" data-type=\"link\" data-id=\"https:\/\/thomasaudio.se\/produktetikett\/ljudforbattring\/\">Ljudf\u00f6rb\u00e4ttring<\/a> <\/td><\/tr><tr><td><\/td><td><a href=\"https:\/\/thomasaudio.se\/produktetikett\/galvaniskt-filter\/\" data-type=\"link\" data-id=\"https:\/\/thomasaudio.se\/produktetikett\/galvaniskt-filter\/\">Galvaniskt filter<\/a> <\/td><\/tr><tr><td><\/td><td><a href=\"https:\/\/thomasaudio.se\/produktetikett\/horlursstall\/\" data-type=\"link\" data-id=\"https:\/\/thomasaudio.se\/produktetikett\/horlursstall\/\">H\u00f6rlursst\u00e4ll<\/a> <\/td><\/tr><\/tbody><\/table><\/figure>\n\n\n\n<figure class=\"wp-block-table\"><table class=\"has-fixed-layout\"><tbody><tr><td><a href=\"https:\/\/thomasaudio.se\/lasning\/\" data-type=\"link\" data-id=\"https:\/\/thomasaudio.se\/lasning\/\"><strong>L\u00e4sning<\/strong><\/a><a href=\"https:\/\/thomasaudio.se\/produktetikett\/kablar\/\" data-type=\"link\" data-id=\"https:\/\/thomasaudio.se\/produktetikett\/kablar\/\"><strong>:<\/strong><\/a> <\/td><\/tr><tr><td><a href=\"https:\/\/thomasaudio.se\/\" data-type=\"link\" data-id=\"https:\/\/thomasaudio.se\/\">V\u00e4lkommen<\/a> <\/td><\/tr><tr><td><a href=\"https:\/\/thomasaudio.se\/om\/\" data-type=\"link\" data-id=\"https:\/\/thomasaudio.se\/om\/\">Om<\/a> <\/td><\/tr><tr><td><a href=\"https:\/\/thomasaudio.se\/integritetspolicy\/\" data-type=\"link\" data-id=\"https:\/\/thomasaudio.se\/integritetspolicy\/\">Intregitetspolicy<\/a> <\/td><\/tr><tr><td><a href=\"https:\/\/thomasaudio.se\/cookies\/\">Cookies<\/a> <\/td><\/tr><tr><td><a href=\"https:\/\/thomasaudio.se\/furitech-och-metallen-rodium\/\" data-type=\"link\" data-id=\"https:\/\/thomasaudio.se\/furitech-och-metallen-rodium\/\">Furutech och metallen Rodium<\/a><\/td><\/tr><tr><td><a href=\"https:\/\/thomasaudio.se\/lindberg-lyd-the-nordic-sound-of-2l\/\" data-type=\"link\" data-id=\"https:\/\/thomasaudio.se\/lindberg-lyd-the-nordic-sound-of-2l\/\">Linberg Lyd<\/a><\/td><\/tr><tr><td><a href=\"https:\/\/thomasaudio.se\/ohno-continuous-casting\/\" data-type=\"link\" data-id=\"https:\/\/thomasaudio.se\/ohno-continuous-casting\/\">Ohno Continiuous Casting<\/a><\/td><\/tr><tr><td><a href=\"https:\/\/thomasaudio.se\/sono-luminus\/\" data-type=\"link\" data-id=\"https:\/\/thomasaudio.se\/sono-luminus\/\">Sono Luminus<\/a><\/td><\/tr><\/tbody><\/table><\/figure>\n\n\n\n<blockquote class=\"wp-block-quote is-layout-flow wp-block-quote-is-layout-flow\">\n<p><\/p>\n<\/blockquote>\n\n\n\n<p>V\u00e4nta p\u00e5 effekten.<br>Ibland \u00e5terkommer kunder till mig och s\u00e4ger att produkten de nyss k\u00f6pt inte l\u00e5ter b\u00e4ttre \u00e4n det dom redan har. Det \u00e4r d\u00e4rf\u00f6r bra att veta att en elektrisk enhet, till f\u00f6r ljud\u00e5tergivning beh\u00f6ver tid p\u00e5 sig att l\u00e5ta optimalt. Det g\u00e4ller allt i ljudkedjan fr\u00e5n str\u00f6mkabeln, f\u00f6rst\u00e4rkaren, ljudkablarna, de digitala- och analoga spelarna, streamers, omvandlare, h\u00f6gtalarkablar, h\u00f6rlurar och h\u00f6gtalare.<br><br>Tiden varierar naturligtvis, men det finns h\u00f6gtalare som beh\u00f6ver 500 timmar, signalkablar som beh\u00f6ver 1000 timmar innan ljudet \u00f6ppnar upp i sin fulla potential. S\u00e5 v\u00e4nta p\u00e5 f\u00f6rvandlingen.<\/p>\n","protected":false},"excerpt":{"rendered":"<p>Album (alla) A Cappella Blu-ray audio Blu-ray video CD DVD Jazz Jazz-pop Dokument\u00e4r Klassiskt K\u00f6r Nutida instrumentellt Pop \/ Rock SACD-hybrid Upplevelsemusik Skivbolag 2L Alpha Classics Accentus Music ACT ARC Music Artistry Music BIS Brilliant Classics Carus Recordings C Major Dorian ecm Intakt Records Kakafon Records KKV Lindberg lyd Linn Records Naxos Neue Meister Musik&#8230;<\/p>\n","protected":false},"author":1,"featured_media":0,"parent":0,"menu_order":0,"comment_status":"closed","ping_status":"closed","template":"","meta":{"footnotes":""},"class_list":["post-413","page","type-page","status-publish","hentry"],"_links":{"self":[{"href":"https:\/\/thomasaudio.se\/index.php?rest_route=\/wp\/v2\/pages\/413","targetHints":{"allow":["GET"]}}],"collection":[{"href":"https:\/\/thomasaudio.se\/index.php?rest_route=\/wp\/v2\/pages"}],"about":[{"href":"https:\/\/thomasaudio.se\/index.php?rest_route=\/wp\/v2\/types\/page"}],"author":[{"embeddable":true,"href":"https:\/\/thomasaudio.se\/index.php?rest_route=\/wp\/v2\/users\/1"}],"replies":[{"embeddable":true,"href":"https:\/\/thomasaudio.se\/index.php?rest_route=%2Fwp%2Fv2%2Fcomments&post=413"}],"version-history":[{"count":71,"href":"https:\/\/thomasaudio.se\/index.php?rest_route=\/wp\/v2\/pages\/413\/revisions"}],"predecessor-version":[{"id":1568,"href":"https:\/\/thomasaudio.se\/index.php?rest_route=\/wp\/v2\/pages\/413\/revisions\/1568"}],"wp:attachment":[{"href":"https:\/\/thomasaudio.se\/index.php?rest_route=%2Fwp%2Fv2%2Fmedia&parent=413"}],"curies":[{"name":"wp","href":"https:\/\/api.w.org\/{rel}","templated":true}]}}