{"id":28,"date":"2026-02-16T12:01:40","date_gmt":"2026-02-16T12:01:40","guid":{"rendered":"https:\/\/thomasaudio.se\/?page_id=28"},"modified":"2026-02-22T13:38:35","modified_gmt":"2026-02-22T13:38:35","slug":"integritetspolicy","status":"publish","type":"page","link":"https:\/\/thomasaudio.se\/?page_id=28","title":{"rendered":"Integritetspolicy"},"content":{"rendered":"\n<p>R\u00e4tten till tillg\u00e5ng:<br>Du har r\u00e4tt att f\u00e5 utdrag av all information som finns om dig hos oss. Utdrag levereras elektroniskt i ett l\u00e4sbart format.<br>R\u00e4tt till r\u00e4ttelse:<br>Du har r\u00e4tt att be oss uppdatera felaktig information eller komplettera information som \u00e4r bristf\u00e4llig.<br>R\u00e4tten att bli gl\u00f6md:<br>Du kan n\u00e4r som helst be att uppgifterna som avser dig raderas.<br>Det finns f\u00e5 undantag till r\u00e4tten till radering, som till exempel om det ska beh\u00e5llas f\u00f6r att vi m\u00e5ste uppfylla en r\u00e4ttslig f\u00f6rpliktelse (exempelvis enligt bokf\u00f6ringslagen).<br>Ansvarig f\u00f6r dataskydd:<br>Thomas Audio \u00e4r ansvarig f\u00f6r lagring och behandling av personuppgifter i webbutiken och ser till att reglerna efterf\u00f6ljs.<br>S\u00e5 skyddar vi dina personuppgifter:<br>Vi anv\u00e4nder oss av industristandarder som SSL\/TLS och env\u00e4gs hash-algoritmer f\u00f6r att lagra, behandla och kommunicera k\u00e4nslig information som exempelvis personuppgifter och l\u00f6senord p\u00e5 ett s\u00e4kert s\u00e4tt.<br><\/p>\n\n\n<p>[uc_embedding class=&#8221;gdpr&#8221; show-toggle=&#8221;false&#8221; type=&#8221;all&#8221;]<\/p>\n\n\n\n<p><\/p>\n","protected":false},"excerpt":{"rendered":"<p>R\u00e4tten till tillg\u00e5ng:Du har r\u00e4tt att f\u00e5 utdrag av all information som finns om dig hos oss. Utdrag levereras elektroniskt i ett l\u00e4sbart format.R\u00e4tt till r\u00e4ttelse:Du har r\u00e4tt att be oss uppdatera felaktig information eller komplettera information som \u00e4r bristf\u00e4llig.R\u00e4tten att bli gl\u00f6md:Du kan n\u00e4r som helst be att uppgifterna som avser dig raderas.Det finns&#8230;<\/p>\n","protected":false},"author":1,"featured_media":0,"parent":0,"menu_order":0,"comment_status":"closed","ping_status":"closed","template":"","meta":{"footnotes":""},"class_list":["post-28","page","type-page","status-publish","hentry"],"_links":{"self":[{"href":"https:\/\/thomasaudio.se\/index.php?rest_route=\/wp\/v2\/pages\/28","targetHints":{"allow":["GET"]}}],"collection":[{"href":"https:\/\/thomasaudio.se\/index.php?rest_route=\/wp\/v2\/pages"}],"about":[{"href":"https:\/\/thomasaudio.se\/index.php?rest_route=\/wp\/v2\/types\/page"}],"author":[{"embeddable":true,"href":"https:\/\/thomasaudio.se\/index.php?rest_route=\/wp\/v2\/users\/1"}],"replies":[{"embeddable":true,"href":"https:\/\/thomasaudio.se\/index.php?rest_route=%2Fwp%2Fv2%2Fcomments&post=28"}],"version-history":[{"count":0,"href":"https:\/\/thomasaudio.se\/index.php?rest_route=\/wp\/v2\/pages\/28\/revisions"}],"wp:attachment":[{"href":"https:\/\/thomasaudio.se\/index.php?rest_route=%2Fwp%2Fv2%2Fmedia&parent=28"}],"curies":[{"name":"wp","href":"https:\/\/api.w.org\/{rel}","templated":true}]}}