{"id":221,"date":"2026-02-18T09:07:50","date_gmt":"2026-02-18T09:07:50","guid":{"rendered":"https:\/\/thomasaudio.se\/?page_id=221"},"modified":"2026-02-23T07:55:57","modified_gmt":"2026-02-23T07:55:57","slug":"lindberg-lyd-the-nordic-sound-of-2l","status":"publish","type":"page","link":"https:\/\/thomasaudio.se\/?page_id=221","title":{"rendered":"Lindberg Lyd &#8211; the Nordic Sound of 2L"},"content":{"rendered":"\n<p>Inspelningsproducent och ljudtekniker med 46 amerikanska GRAMMY-nomineringar, varav 38 i hantverkskategorierna B\u00e4sta ljudinspelning, B\u00e4sta surroundljudalbum, B\u00e4sta immersiva ljudalbum och \u00c5rets producent. LUX med Nidarosdomens jentekor, Trygve Seim och TrondheimSolistene vann priset f\u00f6r B\u00e4sta Immersive Audio Album vid den 62:a GRAMMY Awards 2020. Fullst\u00e4ndig lista \u00f6ver nomineringar<br>(K\u00e4lla: Lindber lyd)<\/p>\n\n\n\n<hr class=\"wp-block-separator has-alpha-channel-opacity\"\/>\n\n\n\n<p>Det fina med inspelningskonsten \u00e4r att det inte finns n\u00e5gon fast formel och ingen mall. Allt kommer ur musiken. Varje projekt b\u00f6rjar med att leta sig in i partituret och prata med komposit\u00f6ren och musikerna. Det \u00e4r inte v\u00e5r uppgift som producenter och tekniker att f\u00f6rs\u00f6ka \u00e5terskapa en konsertsituation med alla dess kommersiella begr\u00e4nsningar. Tv\u00e4rtom; Vi b\u00f6r g\u00f6ra det ideala av inspelningsmediet och skapa den starkaste illusionen, den ljudm\u00e4ssiga upplevelse som k\u00e4nslom\u00e4ssigt ber\u00f6r lyssnaren till en b\u00e4ttre upplevelse.<\/p>\n\n\n\n<p>Musiken som f\u00e5ngas av 2L inneh\u00e5ller norska tons\u00e4ttare och ut\u00f6vare samt en internationellt repertoar som \u00e5terger den nordiska atmosf\u00e4ren. De s\u00e5 kallade uppslukande inspelningarna f\u00f6r\u00e4ndrar inte bara hela lyssningsupplevelsen, utan \u2013 mer radikalt s\u00e5 v\u00e4nder dessa innovativa inspelningar upp och ner p\u00e5 n\u00e5gra mycket grundl\u00e4ggande koncept kring hur musik komponeras och framf\u00f6rs.<br><br>2L betonar <em>immersivt<\/em> <em>ljud<\/em> med Pure Audio Blu-ray och Hi Res-distribution och har sedan 2006 nominerats till inte mindre \u00e4n 46 amerikanska GRAMMY-nomineringar, varav 38 i kategorierna B\u00e4sta Ljudinspelning, B\u00e4sta Surround Sound-album, B\u00e4sta Immersive Audio Album och \u00c5rets Producent. LUX med Nidarosdomens jentekor, Trygve Seim och Trondheim Solistene vann priset f\u00f6r B\u00e4sta Immersive Audio Album vid den 62:a GRAMMY Awards.<\/p>\n\n\n\n<p>2L-inspelningar i rymliga akustiska arenor: stora konsertsalar, kyrkor och katedraler. Det \u00e4r faktiskt h\u00e4r vi kan g\u00f6ra de mest intima inspelningarna. De egenskaper vi s\u00f6ker i stora rum \u00e4r inte n\u00f6dv\u00e4ndigtvis en stor akustik, utan \u00f6ppenhet tack vare avsaknaden av n\u00e4ra reflekterande v\u00e4ggar. Att g\u00f6ra en ambient och vacker inspelning \u00e4r den enklaste v\u00e4gen. Att s\u00f6ka balansen mellan direktkontakt och \u00f6ppenhet \u2013 det \u00e4r den verkliga utmaningen!<br><br>En riktigt bra inspelning b\u00f6r kunna r\u00f6ra lyssnaren fysiskt. Denna k\u00e4rnkvalitet i ljudproduktionen skapas genom att v\u00e4lja r\u00e4tt lokal f\u00f6r repertoaren och genom att balansera bilden i placeringen av mikrofoner och musiker i f\u00f6rh\u00e5llande till varandra i den lokalen.<\/p>\n\n\n\n<p>Det finns idag ingen metod f\u00f6r att \u00e5terskapa exakt den k\u00e4nslan av att g\u00e5 p\u00e5 en liveframtr\u00e4dande. Det l\u00e4mnar oss med illusionens konst n\u00e4r det g\u00e4ller att spela in musik. Som inspelningstekniker och producenter m\u00e5ste vi g\u00f6ra precis samma sak som vilken bra musiker som helst: tolka musiken och komposit\u00f6rens intentioner och anpassa oss till det medium d\u00e4r vi upptr\u00e4der.<br><br>Immersivt ljud \u00e4r en helt ny uppfattning om musikupplevelsen. Inspelad musik \u00e4r inte l\u00e4ngre en fr\u00e5ga om en fast en-dimensionell eller tv\u00e5-dimensionell milj\u00f6, utan snarare en tre-dimensionell omslutande situation. Immersive Audio \u00e4r en skulptur som du bokstavligen kan r\u00f6ra dig runt och relatera till rumsligt; Omgiven av musik kan du r\u00f6ra dig i ljudrummet och v\u00e4lja vinklar, utsiktspunkter och positioner. Ist\u00e4llet f\u00f6r att \u00e5terskapa en konsertsituation betraktar vi inspelningskonsten som en disciplin i sig. Det ger oss m\u00f6jligheten att placera lyssnaren i en idealisk position och bli en verklig part i evenemanget. Genom en dedikerad produktion av musiken kan vi maximera energin, avsl\u00f6ja alla sm\u00e5 nyanser och undvika st\u00f6rande distraktioner. Den k\u00e4nslom\u00e4ssiga effekten kan bli enorm. Dirigenten har en plats som ingen publik har r\u00e5d med \u2013 fram till nu.<br><br>\/\/ Morten Lindberg, balance engineer, recording producer<\/p>\n","protected":false},"excerpt":{"rendered":"<p>Inspelningsproducent och ljudtekniker med 46 amerikanska GRAMMY-nomineringar, varav 38 i hantverkskategorierna B\u00e4sta ljudinspelning, B\u00e4sta surroundljudalbum, B\u00e4sta immersiva ljudalbum och \u00c5rets producent. LUX med Nidarosdomens jentekor, Trygve Seim och TrondheimSolistene vann priset f\u00f6r B\u00e4sta Immersive Audio Album vid den 62:a GRAMMY Awards 2020. Fullst\u00e4ndig lista \u00f6ver nomineringar(K\u00e4lla: Lindber lyd) Det fina med inspelningskonsten \u00e4r att det&#8230;<\/p>\n","protected":false},"author":1,"featured_media":0,"parent":0,"menu_order":0,"comment_status":"closed","ping_status":"closed","template":"","meta":{"footnotes":""},"class_list":["post-221","page","type-page","status-publish","hentry"],"_links":{"self":[{"href":"https:\/\/thomasaudio.se\/index.php?rest_route=\/wp\/v2\/pages\/221","targetHints":{"allow":["GET"]}}],"collection":[{"href":"https:\/\/thomasaudio.se\/index.php?rest_route=\/wp\/v2\/pages"}],"about":[{"href":"https:\/\/thomasaudio.se\/index.php?rest_route=\/wp\/v2\/types\/page"}],"author":[{"embeddable":true,"href":"https:\/\/thomasaudio.se\/index.php?rest_route=\/wp\/v2\/users\/1"}],"replies":[{"embeddable":true,"href":"https:\/\/thomasaudio.se\/index.php?rest_route=%2Fwp%2Fv2%2Fcomments&post=221"}],"version-history":[{"count":0,"href":"https:\/\/thomasaudio.se\/index.php?rest_route=\/wp\/v2\/pages\/221\/revisions"}],"wp:attachment":[{"href":"https:\/\/thomasaudio.se\/index.php?rest_route=%2Fwp%2Fv2%2Fmedia&parent=221"}],"curies":[{"name":"wp","href":"https:\/\/api.w.org\/{rel}","templated":true}]}}