{"id":210,"date":"2026-02-17T19:21:18","date_gmt":"2026-02-17T19:21:18","guid":{"rendered":"https:\/\/thomasaudio.se\/?page_id=210"},"modified":"2026-05-07T10:17:40","modified_gmt":"2026-05-07T10:17:40","slug":"om","status":"publish","type":"page","link":"https:\/\/thomasaudio.se\/?page_id=210","title":{"rendered":"Om"},"content":{"rendered":"\n<p>Jag startade verksamheten 2006 med distribution av skivbolag som uppm\u00e4rksammats f\u00f6r sin h\u00f6ga ljudkvalitet. En butik med HiFi-utrustning och skivf\u00f6rs\u00e4ljning startades upp 2007.<br>Efter en tids sjukdom \u00f6ppnar jag butiken HiFi-rummet i \u00d6rebro, men tyv\u00e4rr kom Corona pandemin, som slog h\u00e5rt mot min verksamhet. <br><br>Jag b\u00f6rjade ist\u00e4llet arbeta i mitt gamla yrke som undersk\u00f6terska. D\u00e5 h\u00e4nder n\u00e5got intressant. Gamla kunder och leverant\u00f6rer tar kontakt och undrar vart jag tog v\u00e4gen&#8230; S\u00e5, jag startade upp verksamheten med en webbutik och 50 \u00e5rs erfarenhet av ljudutrustning. \u00c4r man intresserade av de svenska h\u00f6gtalarna Rauna Oden, kan man boka tid f\u00f6r provlyssning.<br>Vid behov \u00e4r du v\u00e4lkommen att kontakta mig.<br><br>Org.Nr 590624-2119<br>Adress (hem) Sancta Birgittagatan 18, \u00d6rebro<br>Mobil 0763-094900<br>info@thomasaudio.se<br>Bg: 5249-1099<\/p>\n","protected":false},"excerpt":{"rendered":"<p>Jag startade verksamheten 2006 med distribution av skivbolag som uppm\u00e4rksammats f\u00f6r sin h\u00f6ga ljudkvalitet. En butik med HiFi-utrustning och skivf\u00f6rs\u00e4ljning startades upp 2007.Efter en tids sjukdom \u00f6ppnar jag butiken HiFi-rummet i \u00d6rebro, men tyv\u00e4rr kom Corona pandemin, som slog h\u00e5rt mot min verksamhet. Jag b\u00f6rjade ist\u00e4llet arbeta i mitt gamla yrke som undersk\u00f6terska. D\u00e5 h\u00e4nder&#8230;<\/p>\n","protected":false},"author":1,"featured_media":0,"parent":0,"menu_order":0,"comment_status":"closed","ping_status":"closed","template":"","meta":{"footnotes":""},"class_list":["post-210","page","type-page","status-publish","hentry"],"_links":{"self":[{"href":"https:\/\/thomasaudio.se\/index.php?rest_route=\/wp\/v2\/pages\/210","targetHints":{"allow":["GET"]}}],"collection":[{"href":"https:\/\/thomasaudio.se\/index.php?rest_route=\/wp\/v2\/pages"}],"about":[{"href":"https:\/\/thomasaudio.se\/index.php?rest_route=\/wp\/v2\/types\/page"}],"author":[{"embeddable":true,"href":"https:\/\/thomasaudio.se\/index.php?rest_route=\/wp\/v2\/users\/1"}],"replies":[{"embeddable":true,"href":"https:\/\/thomasaudio.se\/index.php?rest_route=%2Fwp%2Fv2%2Fcomments&post=210"}],"version-history":[{"count":7,"href":"https:\/\/thomasaudio.se\/index.php?rest_route=\/wp\/v2\/pages\/210\/revisions"}],"predecessor-version":[{"id":1617,"href":"https:\/\/thomasaudio.se\/index.php?rest_route=\/wp\/v2\/pages\/210\/revisions\/1617"}],"wp:attachment":[{"href":"https:\/\/thomasaudio.se\/index.php?rest_route=%2Fwp%2Fv2%2Fmedia&parent=210"}],"curies":[{"name":"wp","href":"https:\/\/api.w.org\/{rel}","templated":true}]}}