{"id":1572,"date":"2026-04-27T08:29:39","date_gmt":"2026-04-27T08:29:39","guid":{"rendered":"https:\/\/thomasaudio.se\/?page_id=1572"},"modified":"2026-04-27T08:29:39","modified_gmt":"2026-04-27T08:29:39","slug":"pianisten-marc-andre-hamelin","status":"publish","type":"page","link":"https:\/\/thomasaudio.se\/?page_id=1572","title":{"rendered":"Pianisten Marc-Andr\u00e9 Hamelin"},"content":{"rendered":"\n<p><img loading=\"lazy\" decoding=\"async\" width=\"200\" height=\"247\" class=\"wp-image-1575\" style=\"width: 200px;\" src=\"https:\/\/thomasaudio.se\/wp-content\/uploads\/2026\/04\/Marc-Andre-Hamelin-faculty-738x936-1.jpg\" alt=\"\" srcset=\"https:\/\/thomasaudio.se\/wp-content\/uploads\/2026\/04\/Marc-Andre-Hamelin-faculty-738x936-1.jpg 846w, https:\/\/thomasaudio.se\/wp-content\/uploads\/2026\/04\/Marc-Andre-Hamelin-faculty-738x936-1-324x400.jpg 324w, https:\/\/thomasaudio.se\/wp-content\/uploads\/2026\/04\/Marc-Andre-Hamelin-faculty-738x936-1-830x1024.jpg 830w, https:\/\/thomasaudio.se\/wp-content\/uploads\/2026\/04\/Marc-Andre-Hamelin-faculty-738x936-1-768x948.jpg 768w, https:\/\/thomasaudio.se\/wp-content\/uploads\/2026\/04\/Marc-Andre-Hamelin-faculty-738x936-1-300x370.jpg 300w, https:\/\/thomasaudio.se\/wp-content\/uploads\/2026\/04\/Marc-Andre-Hamelin-faculty-738x936-1-400x494.jpg 400w, https:\/\/thomasaudio.se\/wp-content\/uploads\/2026\/04\/Marc-Andre-Hamelin-faculty-738x936-1-600x740.jpg 600w, https:\/\/thomasaudio.se\/wp-content\/uploads\/2026\/04\/Marc-Andre-Hamelin-faculty-738x936-1-64x79.jpg 64w\" sizes=\"auto, (max-width: 200px) 100vw, 200px\" \/><br><br>\u201dHans tidigare utbud av egen musik var rikt men hans senaste sj\u00e4lvportr\u00e4ttsalbum \u00e4r p\u00e5 en helt annan niv\u00e5\u201d,<br>\/ The New York Times, 2024.<br><br>Pianisten Marc-Andr\u00e9 Hamelin, som \u00e4r \u201den ut\u00f6vare med n\u00e4st intill \u00f6verm\u00e4nsklig teknisk skicklighet\u201d (The New York Times), \u00e4r k\u00e4nd v\u00e4rlden \u00f6ver f\u00f6r sin o\u00f6vertr\u00e4ffade blandning av full\u00e4ndat musikalitet och briljant teknik i de stora verken och i den etablerade repertoaren, s\u00e5v\u00e4l som f\u00f6r sin or\u00e4dda utforskning av s\u00e4llsyntheterna fr\u00e5n 1800-talet och fram\u00e5t i konsertsalar och studioinspelningar \u2013 vilket har lett till att han betraktas som ikonisk inom klassisk piano. <br><br>Han ger regelbundet konserter runt om i v\u00e4rlden med v\u00e5r tids ledande orkestrar och ensembler och framf\u00f6r musik p\u00e5 de fr\u00e4msta internationella konsertscenerna och festivalerna. Hamelin \u00e4r en exklusiv artist f\u00f6r Hyperion Records och har hittills sl\u00e4ppt \u00e5ttionio album med anm\u00e4rkningsv\u00e4rda inspelningar av ett brett spektrum. <br>\u00c5r 2023 sl\u00e4ppte skivbolaget Hamelins inspelning av Faur\u00e9s Nocturnes &amp; Barcarolles plus den fyrh\u00e4ndiga Dolly-sviten, spelad tillsammans med hans fru Cathy Fuller. <br>\u00c5r 2022 sl\u00e4ppte Hyperion ett dubbelalbum med C.P.E. Bachs Sonater &amp; Rondos och ytterligare ett av William Bolcoms Complete Rags, vilka b\u00e5da rosades av kritikerkoren fick och framg\u00e5ng p\u00e5 listorna. <br>\u00c5r 2024 kom &#8217;New Piano Works&#8217; som inneh\u00e5ller nio originalstycken och \u00e4r en \u00f6versikt \u00f6ver n\u00e5gra av hans egna nya verk. Inspelningarna visar upp hans formidabla skicklighet b\u00e5de som komposit\u00f6r och pianist vars musik, fantasifullt och virtuost, anspelar p\u00e5 hans musikaliska f\u00f6rf\u00e4der. <br><br>Hamelin bor i Boston-omr\u00e5det med sin fru Cathy Fuller, producent och programledare p\u00e5 WCRB. Han \u00e4r f\u00f6dd i Montr\u00e9al och har mottagit ett Lifetime Achievement Award och \u00f6ver tjugo utm\u00e4rkelser fr\u00e5n Preis der deutschen Schallplattenkritik. Han har mottagit sju Juno Awards, elva Grammy-nomineringar och 2018 \u00e5rs Jean Gimbel Lane-pris i pianoframtr\u00e4dande, varav det sista delades ut av Northwestern Universitys Bienen School of Music. \u00c5r 2020 tilldelades han Paul de Hueck och Norman Walford Career Achievement Award f\u00f6r pianokonst fr\u00e5n Ontario Arts Foundation. Han \u00e4r officer av Kanadas orden, Chevalier de l\u2019Ordre du Qu\u00e9bec och medlem i the Royal Society of Canada.<\/p>\n","protected":false},"excerpt":{"rendered":"<p>\u201dHans tidigare utbud av egen musik var rikt men hans senaste sj\u00e4lvportr\u00e4ttsalbum \u00e4r p\u00e5 en helt annan niv\u00e5\u201d,\/ The New York Times, 2024. Pianisten Marc-Andr\u00e9 Hamelin, som \u00e4r \u201den ut\u00f6vare med n\u00e4st intill \u00f6verm\u00e4nsklig teknisk skicklighet\u201d (The New York Times), \u00e4r k\u00e4nd v\u00e4rlden \u00f6ver f\u00f6r sin o\u00f6vertr\u00e4ffade blandning av full\u00e4ndat musikalitet och briljant teknik i&#8230;<\/p>\n","protected":false},"author":1,"featured_media":0,"parent":0,"menu_order":0,"comment_status":"closed","ping_status":"closed","template":"","meta":{"footnotes":""},"class_list":["post-1572","page","type-page","status-publish","hentry"],"_links":{"self":[{"href":"https:\/\/thomasaudio.se\/index.php?rest_route=\/wp\/v2\/pages\/1572","targetHints":{"allow":["GET"]}}],"collection":[{"href":"https:\/\/thomasaudio.se\/index.php?rest_route=\/wp\/v2\/pages"}],"about":[{"href":"https:\/\/thomasaudio.se\/index.php?rest_route=\/wp\/v2\/types\/page"}],"author":[{"embeddable":true,"href":"https:\/\/thomasaudio.se\/index.php?rest_route=\/wp\/v2\/users\/1"}],"replies":[{"embeddable":true,"href":"https:\/\/thomasaudio.se\/index.php?rest_route=%2Fwp%2Fv2%2Fcomments&post=1572"}],"version-history":[{"count":1,"href":"https:\/\/thomasaudio.se\/index.php?rest_route=\/wp\/v2\/pages\/1572\/revisions"}],"predecessor-version":[{"id":1576,"href":"https:\/\/thomasaudio.se\/index.php?rest_route=\/wp\/v2\/pages\/1572\/revisions\/1576"}],"wp:attachment":[{"href":"https:\/\/thomasaudio.se\/index.php?rest_route=%2Fwp%2Fv2%2Fmedia&parent=1572"}],"curies":[{"name":"wp","href":"https:\/\/api.w.org\/{rel}","templated":true}]}}