{"id":1476,"date":"2026-04-25T06:00:12","date_gmt":"2026-04-25T06:00:12","guid":{"rendered":"https:\/\/thomasaudio.se\/?page_id=1476"},"modified":"2026-04-30T14:29:17","modified_gmt":"2026-04-30T14:29:17","slug":"demo-i-orebro-rauna-oden","status":"publish","type":"page","link":"https:\/\/thomasaudio.se\/?page_id=1476","title":{"rendered":"Demo i \u00d6rebro &#8211; Rauna Oden"},"content":{"rendered":"\n<h3 class=\"wp-block-heading\">Intresserad av h\u00f6gtalarna Rauna Oden? Tidsboka ett demobes\u00f6k i \u00d6rebro.<\/h3>\n\n\n\n<p>Lyssningsrummet \u00e4r ca. 28 kvadrat med en takh\u00f6jd p\u00e5 ca, 3, 20 m.<br>Kontakt: 0763-094900 \/ Thomas.<br><a href=\"https:\/\/thomasaudio.se\/produkt\/rauna-oden\/\" data-type=\"link\" data-id=\"https:\/\/thomasaudio.se\/produkt\/rauna-oden\/\">L\u00e4s mer.<\/a><\/p>\n\n\n\n<figure class=\"wp-block-image size-full\"><img loading=\"lazy\" decoding=\"async\" width=\"1000\" height=\"1000\" src=\"https:\/\/thomasaudio.se\/wp-content\/uploads\/2026\/04\/IMG_1801-1.png\" alt=\"\" class=\"wp-image-1478\" srcset=\"https:\/\/thomasaudio.se\/wp-content\/uploads\/2026\/04\/IMG_1801-1.png 1000w, https:\/\/thomasaudio.se\/wp-content\/uploads\/2026\/04\/IMG_1801-1-400x400.png 400w, https:\/\/thomasaudio.se\/wp-content\/uploads\/2026\/04\/IMG_1801-1-200x200.png 200w, https:\/\/thomasaudio.se\/wp-content\/uploads\/2026\/04\/IMG_1801-1-768x768.png 768w, https:\/\/thomasaudio.se\/wp-content\/uploads\/2026\/04\/IMG_1801-1-300x300.png 300w, https:\/\/thomasaudio.se\/wp-content\/uploads\/2026\/04\/IMG_1801-1-850x850.png 850w, https:\/\/thomasaudio.se\/wp-content\/uploads\/2026\/04\/IMG_1801-1-600x600.png 600w, https:\/\/thomasaudio.se\/wp-content\/uploads\/2026\/04\/IMG_1801-1-100x100.png 100w, https:\/\/thomasaudio.se\/wp-content\/uploads\/2026\/04\/IMG_1801-1-64x64.png 64w\" sizes=\"auto, (max-width: 1000px) 100vw, 1000px\" \/><\/figure>\n","protected":false},"excerpt":{"rendered":"<p>Intresserad av h\u00f6gtalarna Rauna Oden? Tidsboka ett demobes\u00f6k i \u00d6rebro. Lyssningsrummet \u00e4r ca. 28 kvadrat med en takh\u00f6jd p\u00e5 ca, 3, 20 m.Kontakt: 0763-094900 \/ Thomas.L\u00e4s mer.<\/p>\n","protected":false},"author":1,"featured_media":0,"parent":0,"menu_order":0,"comment_status":"closed","ping_status":"closed","template":"","meta":{"footnotes":""},"class_list":["post-1476","page","type-page","status-publish","hentry"],"_links":{"self":[{"href":"https:\/\/thomasaudio.se\/index.php?rest_route=\/wp\/v2\/pages\/1476","targetHints":{"allow":["GET"]}}],"collection":[{"href":"https:\/\/thomasaudio.se\/index.php?rest_route=\/wp\/v2\/pages"}],"about":[{"href":"https:\/\/thomasaudio.se\/index.php?rest_route=\/wp\/v2\/types\/page"}],"author":[{"embeddable":true,"href":"https:\/\/thomasaudio.se\/index.php?rest_route=\/wp\/v2\/users\/1"}],"replies":[{"embeddable":true,"href":"https:\/\/thomasaudio.se\/index.php?rest_route=%2Fwp%2Fv2%2Fcomments&post=1476"}],"version-history":[{"count":4,"href":"https:\/\/thomasaudio.se\/index.php?rest_route=\/wp\/v2\/pages\/1476\/revisions"}],"predecessor-version":[{"id":1594,"href":"https:\/\/thomasaudio.se\/index.php?rest_route=\/wp\/v2\/pages\/1476\/revisions\/1594"}],"wp:attachment":[{"href":"https:\/\/thomasaudio.se\/index.php?rest_route=%2Fwp%2Fv2%2Fmedia&parent=1476"}],"curies":[{"name":"wp","href":"https:\/\/api.w.org\/{rel}","templated":true}]}}