{"id":1457,"date":"2026-04-23T15:31:50","date_gmt":"2026-04-23T15:31:50","guid":{"rendered":"https:\/\/thomasaudio.se\/?page_id=1457"},"modified":"2026-04-26T05:55:11","modified_gmt":"2026-04-26T05:55:11","slug":"sono-luminus","status":"publish","type":"page","link":"https:\/\/thomasaudio.se\/?page_id=1457","title":{"rendered":"Sono Luminus"},"content":{"rendered":"\n<p>Sono Luminus skapades 1995 n\u00e4r Sandy Lerner och Len Bosack, grundare av Cisco Systems, en ledande leverant\u00f6r av n\u00e4tverksverktyg f\u00f6r internet, best\u00e4mde att deras expertis inom digital signalbehandling, ber\u00e4kningsmatematik och fysik skulle g\u00f6ra det m\u00f6jligt f\u00f6r dem att tillf\u00f6ra en ny niv\u00e5 av inspelningskvalitet till musiken. Med sin expertis inom digital teknik samt sin k\u00e4rlek till musik anv\u00e4nde de sina erfarenheter f\u00f6r att f\u00f6rverkliga en livsl\u00e5ng dr\u00f6m: att utveckla och skapa ett nytt paradigm f\u00f6r inspelat ljud, dedikerat till att f\u00f6rverkliga sann Performance Fidelity. F\u00f6r att uppn\u00e5 detta antog Sono Luminus en enkel filosofi om &#8221;mindre \u00e4r mer.&#8221; Genom att m\u00f6jligg\u00f6ra naturlig ambient akustik, inspelad torr, f\u00f6r att best\u00e4mma optimal mikrofonplacering, blev Sono Luminus ett f\u00f6rstahandsval f\u00f6r akustiska, klassiska och tidigmusikartister och ensembler.<\/p>\n\n\n\n<p>\u00c5r 2005, efter \u00f6ver ett decennium av att producera kritikerrosade inspelningar f\u00f6r flera stora och oberoende skivbolag, best\u00e4mde sig Sono Luminus f\u00f6r att g\u00e5 in p\u00e5 marknaden under egen label. F\u00f6rv\u00e4rvet av det legendariska skivbolaget Dorian gav Sono Luminus en enast\u00e5ende m\u00f6jlighet att bygga vidare p\u00e5 tidigare prestationer och etablera nya standarder f\u00f6r excellent ljudkvalitet. <br>Sono Luminus drar inte bara nytta av den bepr\u00f6vade expertisen hos skivbolagets grundare Sandy Lerner och Len Bosack, utan har ocks\u00e5 samlat ett framst\u00e5ende team av lysande innovativa nykomlingar tillsammans med branschveteraner som visar sitt engagemang f\u00f6r att \u00e5stadkomma toppkvalitet i varje inspelningsprojekt.<br><br><img loading=\"lazy\" decoding=\"async\" width=\"300\" height=\"200\" class=\"wp-image-1552\" style=\"width: 300px;\" src=\"https:\/\/thomasaudio.se\/wp-content\/uploads\/2026\/04\/HDR_9397_8_9-for-web3-854x568.jpg.webp\" alt=\"\" srcset=\"https:\/\/thomasaudio.se\/wp-content\/uploads\/2026\/04\/HDR_9397_8_9-for-web3-854x568.jpg.webp 854w, https:\/\/thomasaudio.se\/wp-content\/uploads\/2026\/04\/HDR_9397_8_9-for-web3-854x568.jpg-400x266.webp 400w, https:\/\/thomasaudio.se\/wp-content\/uploads\/2026\/04\/HDR_9397_8_9-for-web3-854x568.jpg-768x511.webp 768w, https:\/\/thomasaudio.se\/wp-content\/uploads\/2026\/04\/HDR_9397_8_9-for-web3-854x568.jpg-300x200.webp 300w, https:\/\/thomasaudio.se\/wp-content\/uploads\/2026\/04\/HDR_9397_8_9-for-web3-854x568.jpg-850x565.webp 850w, https:\/\/thomasaudio.se\/wp-content\/uploads\/2026\/04\/HDR_9397_8_9-for-web3-854x568.jpg-600x399.webp 600w, https:\/\/thomasaudio.se\/wp-content\/uploads\/2026\/04\/HDR_9397_8_9-for-web3-854x568.jpg-64x43.webp 64w\" sizes=\"auto, (max-width: 300px) 100vw, 300px\" \/><br>Bel\u00e4get i det n\u00e4stan det \u00f6ver hundra \u00e5r gamla tidigare Emmanuel Episcopal Chapel p\u00e5 landsbygden i Boyce, Vancouver, har Sono Luminus en inspelningsanl\u00e4ggning i v\u00e4rldsklass med s\u00e4rskilt fokus p\u00e5 klassisk och akustisk musik och samtidigte en hemvist f\u00f6r skivbolaget. <br>Studio A har ett 7,6 meter h\u00f6gt v\u00e4lvt tr\u00e4tak \u00f6ver ett 10,7 x 19,8 meter furugolv, vilket ger en vacker naturlig akustik. Sono Luminus specialiserar sig p\u00e5 ljudkvalitet av h\u00f6gsta kvalitet med m\u00f6jlighet att spela in 24 samtidiga kanaler med samplingsfrekvenser upp till DXD (Digital eXtreme Definition), 352 kHz \/ 24 bit eller DSD (Direct Stream Digital).<\/p>\n\n\n\n<p>Sono Luminus var f\u00f6rst ut i amerikanska  med ljudprojekt p\u00e5 Pure Audio Blu-Ray med h\u00f6g ljudkvalitet. Detta format garanterar inte bara den mest maximala ljudupplevelsen som finns, det ger ocks\u00e5 Sono Luminus m\u00f6jlighet att rutinm\u00e4ssigt sl\u00e4ppa inspelningar p\u00e5 Blu-ray-skivor som inneh\u00e5ller  uppspelning via 9,1 Auro-3D 96 kHz \/ 24 bit surround, 5,1 DTS HD MA 192 kHz \/ 24 bit och PCM 2.0 i 192 kHz \/ 24 bit Redbook stereo.<\/p>\n\n\n\n<p>Bland dessa fina ljudfaciliteter fokuserar Sono Luminus inspelningsmetod p\u00e5 konceptet <em>verklig<\/em> <em>prestandatrohet<\/em>; f\u00f6reningen av h\u00f6g ljudkvalitet. Under de senaste \u00e5ren har detta tillv\u00e4gag\u00e5ngss\u00e4tt att f\u00e5 ljudet &#8221;r\u00e4tt&#8221; via stort kunnande av mikrofonval och deras b\u00e4sta placering och valet av artister gjort det m\u00f6jligt f\u00f6r Sono Luminus att vinna tv\u00e5 GRAMMY&#8221;s och tilldelats arton GRAMMY-nomineringar.<\/p>\n\n\n\n<p>Sono Luminus har f\u00e5tt f\u00f6rm\u00e5nen att spela in en stor samling artister f\u00f6r sitt eget skivbolag och samtidigt f\u00e5tt tillhandah\u00e5lla sina inspelnings- och produktionstj\u00e4nster f\u00f6r album som sl\u00e4ppts p\u00e5 olika andra bolag som Steinway &amp; Sons, RCA Red Seal, Bridge, Delos, Grand Piano, H\u00e4nnsler, Kennedy Center, Koch, New Amsterdam, Orchid, Sheva Collection, Shin Lu, Sonabilis och Summit.<\/p>\n\n\n\n<p><img loading=\"lazy\" decoding=\"async\" width=\"150\" height=\"100\" class=\"wp-image-1460\" style=\"width: 150px;\" src=\"https:\/\/thomasaudio.se\/wp-content\/uploads\/2026\/04\/DanielShoresBioPic.jpg\" alt=\"\" srcset=\"https:\/\/thomasaudio.se\/wp-content\/uploads\/2026\/04\/DanielShoresBioPic.jpg 640w, https:\/\/thomasaudio.se\/wp-content\/uploads\/2026\/04\/DanielShoresBioPic-400x267.jpg 400w, https:\/\/thomasaudio.se\/wp-content\/uploads\/2026\/04\/DanielShoresBioPic-300x200.jpg 300w, https:\/\/thomasaudio.se\/wp-content\/uploads\/2026\/04\/DanielShoresBioPic-350x230.jpg 350w, https:\/\/thomasaudio.se\/wp-content\/uploads\/2026\/04\/DanielShoresBioPic-600x400.jpg 600w, https:\/\/thomasaudio.se\/wp-content\/uploads\/2026\/04\/DanielShoresBioPic-64x43.jpg 64w\" sizes=\"auto, (max-width: 150px) 100vw, 150px\" \/><br>5-time GRAMMY\u00ae Nominee Daniel Shores b\u00f6rjade sin yrkeskarri\u00e4r p\u00e5 Sono Luminus, f\u00f6rst som assisterande ingenj\u00f6r f\u00f6r att sedan agera som ingenj\u00f6r.<\/p>\n\n\n\n<p><img loading=\"lazy\" decoding=\"async\" width=\"150\" height=\"100\" class=\"wp-image-1461\" style=\"width: 150px;\" src=\"https:\/\/thomasaudio.se\/wp-content\/uploads\/2026\/04\/Collin.jpg\" alt=\"\" srcset=\"https:\/\/thomasaudio.se\/wp-content\/uploads\/2026\/04\/Collin.jpg 640w, https:\/\/thomasaudio.se\/wp-content\/uploads\/2026\/04\/Collin-400x267.jpg 400w, https:\/\/thomasaudio.se\/wp-content\/uploads\/2026\/04\/Collin-300x200.jpg 300w, https:\/\/thomasaudio.se\/wp-content\/uploads\/2026\/04\/Collin-350x230.jpg 350w, https:\/\/thomasaudio.se\/wp-content\/uploads\/2026\/04\/Collin-600x400.jpg 600w, https:\/\/thomasaudio.se\/wp-content\/uploads\/2026\/04\/Collin-64x43.jpg 64w\" sizes=\"auto, (max-width: 150px) 100vw, 150px\" \/><br>Collin J Raean sl\u00f6t sig till Sono Luminus team 2014 som nyutn\u00e4mnd VD. Han kom fr\u00e5n sin position som VP f\u00f6r digital f\u00f6rs\u00e4ljning och marknadsf\u00f6ring p\u00e5 Universal Music Classics.<\/p>\n\n\n\n<p><img loading=\"lazy\" decoding=\"async\" width=\"150\" height=\"120\" class=\"wp-image-1462\" style=\"width: 150px;\" src=\"https:\/\/thomasaudio.se\/wp-content\/uploads\/2026\/04\/JoshFrey.jpg\" alt=\"\" srcset=\"https:\/\/thomasaudio.se\/wp-content\/uploads\/2026\/04\/JoshFrey.jpg 623w, https:\/\/thomasaudio.se\/wp-content\/uploads\/2026\/04\/JoshFrey-400x320.jpg 400w, https:\/\/thomasaudio.se\/wp-content\/uploads\/2026\/04\/JoshFrey-300x240.jpg 300w, https:\/\/thomasaudio.se\/wp-content\/uploads\/2026\/04\/JoshFrey-600x480.jpg 600w, https:\/\/thomasaudio.se\/wp-content\/uploads\/2026\/04\/JoshFrey-64x51.jpg 64w\" sizes=\"auto, (max-width: 150px) 100vw, 150px\" \/><br>Joshua Frey. Recording Technician, Graphic Designer. Completing his B.M. Music Production &amp; Recording Technology and M.S. Performing Arts Leadership &amp; Management from Shenandoah University.<\/p>\n\n\n\n<p>John Veitch, Piano Technician<\/p>\n\n\n\n<p><img loading=\"lazy\" decoding=\"async\" width=\"150\" height=\"100\" class=\"wp-image-1463\" style=\"width: 150px;\" src=\"https:\/\/thomasaudio.se\/wp-content\/uploads\/2026\/04\/JohnVeitch.jpg\" alt=\"\" srcset=\"https:\/\/thomasaudio.se\/wp-content\/uploads\/2026\/04\/JohnVeitch.jpg 640w, https:\/\/thomasaudio.se\/wp-content\/uploads\/2026\/04\/JohnVeitch-400x267.jpg 400w, https:\/\/thomasaudio.se\/wp-content\/uploads\/2026\/04\/JohnVeitch-300x200.jpg 300w, https:\/\/thomasaudio.se\/wp-content\/uploads\/2026\/04\/JohnVeitch-350x230.jpg 350w, https:\/\/thomasaudio.se\/wp-content\/uploads\/2026\/04\/JohnVeitch-600x400.jpg 600w, https:\/\/thomasaudio.se\/wp-content\/uploads\/2026\/04\/JohnVeitch-64x43.jpg 64w\" sizes=\"auto, (max-width: 150px) 100vw, 150px\" \/><br>For almost twenty years John Veitch has been meeting the needs of discriminating pianists, recording studios, houses of worship, educational institutions, and private piano owners. His special attention to the tuning and maintenance of our two Steinway Model D concert grand pianos (#590904 New York, c. 2011 and #538137 New York, c. 1996) and our Steinway Model B grand piano (#253425 New York) makes Sono Luminus a chosen destination for artists from all over the Americas and Europe.<\/p>\n\n\n\n<p><img loading=\"lazy\" decoding=\"async\" width=\"150\" height=\"100\" class=\"wp-image-1464\" style=\"width: 150px;\" src=\"https:\/\/thomasaudio.se\/wp-content\/uploads\/2026\/04\/Madelynn.jpg\" alt=\"\" srcset=\"https:\/\/thomasaudio.se\/wp-content\/uploads\/2026\/04\/Madelynn.jpg 640w, https:\/\/thomasaudio.se\/wp-content\/uploads\/2026\/04\/Madelynn-400x267.jpg 400w, https:\/\/thomasaudio.se\/wp-content\/uploads\/2026\/04\/Madelynn-300x200.jpg 300w, https:\/\/thomasaudio.se\/wp-content\/uploads\/2026\/04\/Madelynn-350x230.jpg 350w, https:\/\/thomasaudio.se\/wp-content\/uploads\/2026\/04\/Madelynn-600x400.jpg 600w, https:\/\/thomasaudio.se\/wp-content\/uploads\/2026\/04\/Madelynn-64x43.jpg 64w\" sizes=\"auto, (max-width: 150px) 100vw, 150px\" \/><br>Madelynn Shores  b\u00f6rjade arbeta med Sono Luminus strax f\u00f6re sin sextonde f\u00f6delsedag. Via Sono Luminus har Madelynn deltagit i inspelningssessioner som Pyramix-tekniker och visat sina f\u00e4rdigheter som redigeringstekniker p\u00e5 fyra album som sl\u00e4ppts internationellt och flera andra som \u00e4nnu inte sl\u00e4ppts. Genom sina talanger som s\u00e5ngerska och musiker och sina f\u00e4rdigheter i partiturl\u00e4sning, har hon etablerat sig som en av de yngsta kvinnliga professionella studioingenj\u00f6rerna.<\/p>\n\n\n\n<p>Pianoljud<br><\/p>\n\n\n\n<figure class=\"wp-block-image size-full\"><img loading=\"lazy\" decoding=\"async\" width=\"1000\" height=\"667\" src=\"https:\/\/thomasaudio.se\/wp-content\/uploads\/2026\/04\/IMG_0866.jpg\" alt=\"\" class=\"wp-image-1467\" srcset=\"https:\/\/thomasaudio.se\/wp-content\/uploads\/2026\/04\/IMG_0866.jpg 1000w, https:\/\/thomasaudio.se\/wp-content\/uploads\/2026\/04\/IMG_0866-400x267.jpg 400w, https:\/\/thomasaudio.se\/wp-content\/uploads\/2026\/04\/IMG_0866-768x512.jpg 768w, https:\/\/thomasaudio.se\/wp-content\/uploads\/2026\/04\/IMG_0866-300x200.jpg 300w, https:\/\/thomasaudio.se\/wp-content\/uploads\/2026\/04\/IMG_0866-850x567.jpg 850w, https:\/\/thomasaudio.se\/wp-content\/uploads\/2026\/04\/IMG_0866-600x400.jpg 600w, https:\/\/thomasaudio.se\/wp-content\/uploads\/2026\/04\/IMG_0866-64x43.jpg 64w\" sizes=\"auto, (max-width: 1000px) 100vw, 1000px\" \/><\/figure>\n\n\n\n<figure class=\"wp-block-image size-full\"><img loading=\"lazy\" decoding=\"async\" width=\"1000\" height=\"667\" src=\"https:\/\/thomasaudio.se\/wp-content\/uploads\/2026\/04\/IMG_0990copy.jpg\" alt=\"\" class=\"wp-image-1469\" srcset=\"https:\/\/thomasaudio.se\/wp-content\/uploads\/2026\/04\/IMG_0990copy.jpg 1000w, https:\/\/thomasaudio.se\/wp-content\/uploads\/2026\/04\/IMG_0990copy-400x267.jpg 400w, https:\/\/thomasaudio.se\/wp-content\/uploads\/2026\/04\/IMG_0990copy-768x512.jpg 768w, https:\/\/thomasaudio.se\/wp-content\/uploads\/2026\/04\/IMG_0990copy-300x200.jpg 300w, https:\/\/thomasaudio.se\/wp-content\/uploads\/2026\/04\/IMG_0990copy-850x567.jpg 850w, https:\/\/thomasaudio.se\/wp-content\/uploads\/2026\/04\/IMG_0990copy-600x400.jpg 600w, https:\/\/thomasaudio.se\/wp-content\/uploads\/2026\/04\/IMG_0990copy-64x43.jpg 64w\" sizes=\"auto, (max-width: 1000px) 100vw, 1000px\" \/><\/figure>\n\n\n\n<figure class=\"wp-block-image size-full\"><img loading=\"lazy\" decoding=\"async\" width=\"960\" height=\"720\" src=\"https:\/\/thomasaudio.se\/wp-content\/uploads\/2026\/04\/dansroom.jpeg\" alt=\"\" class=\"wp-image-1470\" srcset=\"https:\/\/thomasaudio.se\/wp-content\/uploads\/2026\/04\/dansroom.jpeg 960w, https:\/\/thomasaudio.se\/wp-content\/uploads\/2026\/04\/dansroom-400x300.jpeg 400w, https:\/\/thomasaudio.se\/wp-content\/uploads\/2026\/04\/dansroom-768x576.jpeg 768w, https:\/\/thomasaudio.se\/wp-content\/uploads\/2026\/04\/dansroom-300x225.jpeg 300w, https:\/\/thomasaudio.se\/wp-content\/uploads\/2026\/04\/dansroom-850x638.jpeg 850w, https:\/\/thomasaudio.se\/wp-content\/uploads\/2026\/04\/dansroom-600x450.jpeg 600w, https:\/\/thomasaudio.se\/wp-content\/uploads\/2026\/04\/dansroom-64x48.jpeg 64w\" sizes=\"auto, (max-width: 960px) 100vw, 960px\" \/><\/figure>\n","protected":false},"excerpt":{"rendered":"<p>Sono Luminus skapades 1995 n\u00e4r Sandy Lerner och Len Bosack, grundare av Cisco Systems, en ledande leverant\u00f6r av n\u00e4tverksverktyg f\u00f6r internet, best\u00e4mde att deras expertis inom digital signalbehandling, ber\u00e4kningsmatematik och fysik skulle g\u00f6ra det m\u00f6jligt f\u00f6r dem att tillf\u00f6ra en ny niv\u00e5 av inspelningskvalitet till musiken. Med sin expertis inom digital teknik samt sin k\u00e4rlek&#8230;<\/p>\n","protected":false},"author":1,"featured_media":0,"parent":0,"menu_order":0,"comment_status":"closed","ping_status":"closed","template":"","meta":{"footnotes":""},"class_list":["post-1457","page","type-page","status-publish","hentry"],"_links":{"self":[{"href":"https:\/\/thomasaudio.se\/index.php?rest_route=\/wp\/v2\/pages\/1457","targetHints":{"allow":["GET"]}}],"collection":[{"href":"https:\/\/thomasaudio.se\/index.php?rest_route=\/wp\/v2\/pages"}],"about":[{"href":"https:\/\/thomasaudio.se\/index.php?rest_route=\/wp\/v2\/types\/page"}],"author":[{"embeddable":true,"href":"https:\/\/thomasaudio.se\/index.php?rest_route=\/wp\/v2\/users\/1"}],"replies":[{"embeddable":true,"href":"https:\/\/thomasaudio.se\/index.php?rest_route=%2Fwp%2Fv2%2Fcomments&post=1457"}],"version-history":[{"count":6,"href":"https:\/\/thomasaudio.se\/index.php?rest_route=\/wp\/v2\/pages\/1457\/revisions"}],"predecessor-version":[{"id":1553,"href":"https:\/\/thomasaudio.se\/index.php?rest_route=\/wp\/v2\/pages\/1457\/revisions\/1553"}],"wp:attachment":[{"href":"https:\/\/thomasaudio.se\/index.php?rest_route=%2Fwp%2Fv2%2Fmedia&parent=1457"}],"curies":[{"name":"wp","href":"https:\/\/api.w.org\/{rel}","templated":true}]}}