{"id":1347,"date":"2026-04-16T14:55:39","date_gmt":"2026-04-16T14:55:39","guid":{"rendered":"https:\/\/thomasaudio.se\/?page_id=1347"},"modified":"2026-04-16T14:56:26","modified_gmt":"2026-04-16T14:56:26","slug":"furitech-och-metallen-rodium","status":"publish","type":"page","link":"https:\/\/thomasaudio.se\/?page_id=1347","title":{"rendered":"Furutech."},"content":{"rendered":"\n<p>Furutech, grundes 1988. De designar och tillverkar ett extraordin\u00e4rt sortiment av A\/V-kablar tillverkade med extremt h\u00f6g renhet med den japanska gjutningen av encellig OCC-koppar. De har flera kompletta serier av analoga och digitala kabelsorter, tillg\u00e4ngliga, \u00e4ven kontaktdon.<br>Alla metallkomponenter behandlas med Furutechs egenutvecklade tv\u00e5stegs alfa-kryogeniska och ringavmagnetiserings-process.<\/p>\n\n\n\n<p>Furutech erbjuder en komplett serie elegant konstruerade och designade kraftf\u00f6rdelnings- och filterkomponenter tillverkade med en noggrannhet som inte finns att j\u00e4mf\u00f6ra med n\u00e5gon annan tillverkare. Precis som med kablar genomg\u00e5r alla separata delar hela Alpha-processen och drar ocks\u00e5 nytta av effekterna av GC-303<strong><mark style=\"background-color:rgba(0, 0, 0, 0)\" class=\"has-inline-color has-vivid-red-color\">*.<\/mark><\/strong><br><br>Furutechs totala medvetenhet om de minsta detaljerna som \u00e4r involverade i att optimera v\u00e4xelstr\u00f6mf\u00f6rs\u00f6rjning g\u00f6r att deras kraftdistributions- och filtreringskomponenter kan leverera en st\u00f6rre upplevelse av kraft, dynamik och detaljuppl\u00f6sning med renare med en mer stabil ljudbild, livfulla tonala nyanser genom hela frekvensomr\u00e5det. bildsk\u00e4rmar uppvisar h\u00f6gre, skarpare uppl\u00f6sning.<\/p>\n\n\n\n<p>Uppm\u00e4rksamhet p\u00e5 varje lilla aspekt av inspelnings- och uppspelningskedjan ledde Furutech till att introducera deras egentillverkade Demag LP &amp; Disc Demagnetizer, en viktig komponent f\u00f6r en seri\u00f6s audio- och videoentusiast. Den avmagnetiserar snabbt och effektivt optiska och analoga medier med hj\u00e4lp av deras Ring Magnet-teknik som f\u00f6rst maximerar effekten f\u00f6r att sedan sedan \u00e5terg\u00e5. Den kan \u00e4ven anv\u00e4ndas f\u00f6r avmagnetisering av kontakter och kablar.<\/p>\n\n\n\n<p><strong><mark style=\"background-color:rgba(0, 0, 0, 0)\" class=\"has-inline-color has-vivid-red-color\">*<\/mark><\/strong> <mark style=\"background-color:rgba(0, 0, 0, 0)\" class=\"has-inline-color has-black-color\">Ett specialmaterial som anv\u00e4nds f\u00f6r att absorbera elektromagnetiska st\u00f6rningar (EMI) i avancerade HiFi-komponenter och kablar<\/mark>. Det anv\u00e4nds fr\u00e4mst som en intern bel\u00e4ggning. GC-303 f\u00f6rb\u00e4ttrar ljudet genom att eliminera st\u00f6rningar utan att anv\u00e4nda filterkomponenter.<\/p>\n\n\n\n<p><\/p>\n","protected":false},"excerpt":{"rendered":"<p>Furutech, grundes 1988. De designar och tillverkar ett extraordin\u00e4rt sortiment av A\/V-kablar tillverkade med extremt h\u00f6g renhet med den japanska gjutningen av encellig OCC-koppar. De har flera kompletta serier av analoga och digitala kabelsorter, tillg\u00e4ngliga, \u00e4ven kontaktdon.Alla metallkomponenter behandlas med Furutechs egenutvecklade tv\u00e5stegs alfa-kryogeniska och ringavmagnetiserings-process. Furutech erbjuder en komplett serie elegant konstruerade och designade&#8230;<\/p>\n","protected":false},"author":1,"featured_media":0,"parent":0,"menu_order":0,"comment_status":"closed","ping_status":"closed","template":"","meta":{"footnotes":""},"class_list":["post-1347","page","type-page","status-publish","hentry"],"_links":{"self":[{"href":"https:\/\/thomasaudio.se\/index.php?rest_route=\/wp\/v2\/pages\/1347","targetHints":{"allow":["GET"]}}],"collection":[{"href":"https:\/\/thomasaudio.se\/index.php?rest_route=\/wp\/v2\/pages"}],"about":[{"href":"https:\/\/thomasaudio.se\/index.php?rest_route=\/wp\/v2\/types\/page"}],"author":[{"embeddable":true,"href":"https:\/\/thomasaudio.se\/index.php?rest_route=\/wp\/v2\/users\/1"}],"replies":[{"embeddable":true,"href":"https:\/\/thomasaudio.se\/index.php?rest_route=%2Fwp%2Fv2%2Fcomments&post=1347"}],"version-history":[{"count":3,"href":"https:\/\/thomasaudio.se\/index.php?rest_route=\/wp\/v2\/pages\/1347\/revisions"}],"predecessor-version":[{"id":1350,"href":"https:\/\/thomasaudio.se\/index.php?rest_route=\/wp\/v2\/pages\/1347\/revisions\/1350"}],"wp:attachment":[{"href":"https:\/\/thomasaudio.se\/index.php?rest_route=%2Fwp%2Fv2%2Fmedia&parent=1347"}],"curies":[{"name":"wp","href":"https:\/\/api.w.org\/{rel}","templated":true}]}}