{"id":1109,"date":"2026-03-30T16:52:48","date_gmt":"2026-03-30T16:52:48","guid":{"rendered":"https:\/\/thomasaudio.se\/?page_id=1109"},"modified":"2026-04-17T05:14:27","modified_gmt":"2026-04-17T05:14:27","slug":"ohno-continuous-casting","status":"publish","type":"page","link":"https:\/\/thomasaudio.se\/?page_id=1109","title":{"rendered":"Ohno Continuous Casting (OCC)"},"content":{"rendered":"\n<p>\u00c5r 1986 introducerades det innovativa Ohno Continuous Casting, (OCC)-processen. V\u00e4rldspatentet &#8221;UP-OCC&#8221; (Ultraren koppar i en Ohno kontinuerlig gjutningsprocess, utvecklad av professor Ohno vid Chiba Technology Institute, Japan. Den resulterande produkten \u00e4r OCC-tr\u00e5d av extremt ren koppar, en tr\u00e5d som best\u00e5r av en enda 200 meter l\u00e5ng kristallsell.<br>Egenskaperna som den encelliga tr\u00e5den har \u00e4r fri fr\u00e5n orenheter, flexibel utmattningsbest\u00e4ndighet,<br>korrosiv-resistans, l\u00e5gt elektriskt motst\u00e5nd, fri fr\u00e5n kristallkornigheters begr\u00e4nsningar, vilket ger ultrasnabbt signalfl\u00f6de och d\u00e4rmed en enast\u00e5ende timing i alla parametrar.<br><br>N\u00e4r det g\u00e4ller ledande material har normal, h\u00f6gren koppar cirka 1500 kristallceller &#8211; per en engelsk fot. En form av oj\u00e4mnhet eller grynighet ist\u00e4llet f\u00f6r en helt sl\u00e4t, gl\u00e4ttig yta. Signalen m\u00e5ste ta sig fram mellan dessa celler. Det orsakar distorsion och ett flertal f\u00f6rluster.<br><br>Den f\u00f6rsta kvalitetsniv\u00e5n \u00f6ver normal h\u00f6grenhet koppar kallas syrefri koppar (OFHC).<br>Faktum \u00e4r att den kopparn inte \u00e4r syrefri, den borde snarare kallas f\u00f6r syrereducerad. <br>Minskning i PPM (peaces per miljon): <br>Normal koppar cirka 235 PPM<br>OFHC cirka 40 PPM <br>Detta minskar drastiskt bildandet av kopparoxider, vilket minskar f\u00f6rluster i signalv\u00e4gen orsakat av korniga kristaller.<br><br>OFHC blev ett idealiskt material f\u00f6r att skapa snabba transmissionsledningar. Fr\u00e5n interna ledningar i elektronikbyggen till signalkablar f\u00f6r anv\u00e4ndning i h\u00f6gteknologiska produkter som Hi-Fi system och h\u00f6guppl\u00f6st TV-bild.<br><br>Metallers renhet i antalet <em>nior<\/em> kom att bli en prestigeladdad ingrediens. Allts\u00e5 hur m\u00e5nga g\u00e5nger siffran &#8221;9&#8221; kunde visas efter &#8217;99.&#8217; i procent i en metalls renhet. De fr\u00e4msta med en renhetsgrad om 99,997 % \u00e4r silver, j\u00e4rn och svavel, tillsammans med mindre m\u00e4ngder antimon, aluminium och<br>arsenik. Renheten hos OCC-koppar (och \u00e4ven silver) ligger runt 99,9999 % och \u00e4nnu h\u00f6gre.<br><br>Denna unika enkristallstr\u00e5d, enkelriktad, fri fr\u00e5n orenheter, flexibel utmattningsbest\u00e4ndighet, korrosiv-resistans, l\u00e5gt elektriskt motst\u00e5nd, snabb passage skapas genom en extremt h\u00f6g gjutningstemperatur. Tr\u00e5den blir d\u00e4rf\u00f6r ett idealiskt material f\u00f6r att skapa kablage med snabba \u00f6verf\u00f6ringar. Fr\u00e5n olika kretssystem till audiofila ljudkablar kan OCC-ledare anv\u00e4ndas i stor utstr\u00e4ckning f\u00f6r anv\u00e4ndning i h\u00f6gteknologiska produkter som HiFi-system och videosk\u00e4rmar.<br><br>UHCC \u00e4r idag den finaste versionen. Den hittar man exempelvis i ljudkablar som Amazon och Sahara fr\u00e5n <a href=\"https:\/\/thomasaudio.se\/?s=neotech&amp;post_type=product&amp;dgwt_wcas=1\" data-type=\"link\" data-id=\"https:\/\/thomasaudio.se\/?s=neotech&amp;post_type=product&amp;dgwt_wcas=1\" target=\"_blank\" rel=\"noreferrer noopener\">Neotech<\/a>.<\/p>\n","protected":false},"excerpt":{"rendered":"<p>\u00c5r 1986 introducerades det innovativa Ohno Continuous Casting, (OCC)-processen. V\u00e4rldspatentet &#8221;UP-OCC&#8221; (Ultraren koppar i en Ohno kontinuerlig gjutningsprocess, utvecklad av professor Ohno vid Chiba Technology Institute, Japan. Den resulterande produkten \u00e4r OCC-tr\u00e5d av extremt ren koppar, en tr\u00e5d som best\u00e5r av en enda 200 meter l\u00e5ng kristallsell.Egenskaperna som den encelliga tr\u00e5den har \u00e4r fri fr\u00e5n&#8230;<\/p>\n","protected":false},"author":1,"featured_media":0,"parent":0,"menu_order":0,"comment_status":"closed","ping_status":"closed","template":"","meta":{"footnotes":""},"class_list":["post-1109","page","type-page","status-publish","hentry"],"_links":{"self":[{"href":"https:\/\/thomasaudio.se\/index.php?rest_route=\/wp\/v2\/pages\/1109","targetHints":{"allow":["GET"]}}],"collection":[{"href":"https:\/\/thomasaudio.se\/index.php?rest_route=\/wp\/v2\/pages"}],"about":[{"href":"https:\/\/thomasaudio.se\/index.php?rest_route=\/wp\/v2\/types\/page"}],"author":[{"embeddable":true,"href":"https:\/\/thomasaudio.se\/index.php?rest_route=\/wp\/v2\/users\/1"}],"replies":[{"embeddable":true,"href":"https:\/\/thomasaudio.se\/index.php?rest_route=%2Fwp%2Fv2%2Fcomments&post=1109"}],"version-history":[{"count":11,"href":"https:\/\/thomasaudio.se\/index.php?rest_route=\/wp\/v2\/pages\/1109\/revisions"}],"predecessor-version":[{"id":1363,"href":"https:\/\/thomasaudio.se\/index.php?rest_route=\/wp\/v2\/pages\/1109\/revisions\/1363"}],"wp:attachment":[{"href":"https:\/\/thomasaudio.se\/index.php?rest_route=%2Fwp%2Fv2%2Fmedia&parent=1109"}],"curies":[{"name":"wp","href":"https:\/\/api.w.org\/{rel}","templated":true}]}}